{"id":324,"date":"2013-06-10T08:38:28","date_gmt":"2013-06-10T11:38:28","guid":{"rendered":"http:\/\/www.nucleoestudo.ufla.br\/nefrut\/?page_id=324"},"modified":"2013-10-31T13:04:36","modified_gmt":"2013-10-31T15:04:36","slug":"principal","status":"publish","type":"page","link":"http:\/\/www.nucleoestudo.ufla.br\/nefrut\/","title":{"rendered":"Principal"},"content":{"rendered":"<p>Prezados Participantes do IV dia de Campo de Fruticultura o certificado j\u00e1 est\u00e1 pronto. Estaremos entregando no Pomar da UFLA durante o hor\u00e1rio comercial e na hora do almo\u00e7o na cantina central ( junto a barraca do Ciclo de Palestras em Sistema de Plantio direto)<\/p>\n<p>Qualquer d\u00favida ou informa\u00e7\u00f5es: nefrutufla@hotmail.com ou (35) 91280548<\/p>\n<p>&nbsp;<\/p>\n<p>Aos Participantes do I Simp\u00f3sio Sul Mineiro de Fruticultura que ainda n\u00e3o\u00a0pegaram os certificados\u00a0procurem pela coordenadoria no Departamento de Agricultura.<\/p>\n","protected":false},"excerpt":{"rendered":"<p>Prezados Participantes do IV dia de Campo de Fruticultura o certificado j\u00e1 est\u00e1 pronto. Estaremos entregando no Pomar da UFLA durante o hor\u00e1rio comercial e na hora do almo\u00e7o na cantina central ( junto a barraca do Ciclo de Palestras em Sistema de Plantio direto) Qualquer d\u00favida ou informa\u00e7\u00f5es: nefrutufla@hotmail.com ou (35) 91280548 &nbsp; Aos &hellip; <\/p>\n<p class=\"link-more\"><a href=\"http:\/\/www.nucleoestudo.ufla.br\/nefrut\/\" class=\"more-link\">Continue lendo<span class=\"screen-reader-text\"> &#8220;Principal&#8221;<\/span><\/a><\/p>\n","protected":false},"author":9,"featured_media":0,"parent":200,"menu_order":0,"comment_status":"open","ping_status":"open","template":"page-template-archives.php","meta":[],"_links":{"self":[{"href":"http:\/\/www.nucleoestudo.ufla.br\/nefrut\/wp-json\/wp\/v2\/pages\/324"}],"collection":[{"href":"http:\/\/www.nucleoestudo.ufla.br\/nefrut\/wp-json\/wp\/v2\/pages"}],"about":[{"href":"http:\/\/www.nucleoestudo.ufla.br\/nefrut\/wp-json\/wp\/v2\/types\/page"}],"author":[{"embeddable":true,"href":"http:\/\/www.nucleoestudo.ufla.br\/nefrut\/wp-json\/wp\/v2\/users\/9"}],"replies":[{"embeddable":true,"href":"http:\/\/www.nucleoestudo.ufla.br\/nefrut\/wp-json\/wp\/v2\/comments?post=324"}],"version-history":[{"count":11,"href":"http:\/\/www.nucleoestudo.ufla.br\/nefrut\/wp-json\/wp\/v2\/pages\/324\/revisions"}],"predecessor-version":[{"id":638,"href":"http:\/\/www.nucleoestudo.ufla.br\/nefrut\/wp-json\/wp\/v2\/pages\/324\/revisions\/638"}],"up":[{"embeddable":true,"href":"http:\/\/www.nucleoestudo.ufla.br\/nefrut\/wp-json\/wp\/v2\/pages\/200"}],"wp:attachment":[{"href":"http:\/\/www.nucleoestudo.ufla.br\/nefrut\/wp-json\/wp\/v2\/media?parent=324"}],"curies":[{"name":"wp","href":"https:\/\/api.w.org\/{rel}","templated":true}]}}