{"id":277,"date":"2013-05-22T12:42:22","date_gmt":"2013-05-22T15:42:22","guid":{"rendered":"http:\/\/www.nucleoestudo.ufla.br\/nefrut\/?page_id=277"},"modified":"2013-10-28T10:44:10","modified_gmt":"2013-10-28T12:44:10","slug":"extensao","status":"publish","type":"page","link":"http:\/\/www.nucleoestudo.ufla.br\/nefrut\/biblioteca\/reunioes\/extensao\/","title":{"rendered":"Extens\u00e3o"},"content":{"rendered":"<figure style=\"width: 400px\" class=\"wp-caption alignleft\"><img loading=\"lazy\" alt=\"\" src=\"http:\/\/i278.photobucket.com\/albums\/kk109\/ronnie2008_01\/NEFRUT\/extensatildeonefrut_zpsa7d4c84a.jpg\" width=\"400\" height=\"300\" \/><figcaption class=\"wp-caption-text\">Ant\u00f4nio Losque &#8211; Produtor de Frutas em Jundia\u00ed-SP<\/figcaption><\/figure>\n<p>&#8211; ATIVIDADES \u00c0 CAMPO E EXTRA-CAMPO<\/p>\n<p>Realizamos atividades que envolvam os professores da \u00e1rea, graduandos, a \u00e1rea de trabalho em si, referenciada pelo Pomar da UFLA, onde s\u00e3o conduzidos diversos experimentos com \u00e1rvores frut\u00edferas, o mesmo \u00e9 palco de eventos, e substrato para muito aprendizado. O Local \u00e9 contemplado com sala de aula e armaz\u00e9m para estoque de produtos e ferramentas a ser utilizadas, existe ainda as casas de vegeta\u00e7\u00e3o, onde \u00e1s mudas s\u00e3o formadas.<\/p>\n<p>Nossas atividades v\u00e3o al\u00e9m e contam com a an\u00e1lise de eventos locais, regionais, estaduais e nacionais, por meio dos quais difundimos nossas inova\u00e7\u00f5es ao passo que recebemos novas pesquisas de outras regi\u00f5es.<\/p>\n","protected":false},"excerpt":{"rendered":"<p>&#8211; ATIVIDADES \u00c0 CAMPO E EXTRA-CAMPO Realizamos atividades que envolvam os professores da \u00e1rea, graduandos, a \u00e1rea de trabalho em si, referenciada pelo Pomar da UFLA, onde s\u00e3o conduzidos diversos experimentos com \u00e1rvores frut\u00edferas, o mesmo \u00e9 palco de eventos, e substrato para muito aprendizado. O Local \u00e9 contemplado com sala de aula e armaz\u00e9m &hellip; <\/p>\n<p class=\"link-more\"><a href=\"http:\/\/www.nucleoestudo.ufla.br\/nefrut\/biblioteca\/reunioes\/extensao\/\" class=\"more-link\">Continue lendo<span class=\"screen-reader-text\"> &#8220;Extens\u00e3o&#8221;<\/span><\/a><\/p>\n","protected":false},"author":9,"featured_media":0,"parent":309,"menu_order":2,"comment_status":"open","ping_status":"open","template":"page-template-archives.php","meta":[],"_links":{"self":[{"href":"http:\/\/www.nucleoestudo.ufla.br\/nefrut\/wp-json\/wp\/v2\/pages\/277"}],"collection":[{"href":"http:\/\/www.nucleoestudo.ufla.br\/nefrut\/wp-json\/wp\/v2\/pages"}],"about":[{"href":"http:\/\/www.nucleoestudo.ufla.br\/nefrut\/wp-json\/wp\/v2\/types\/page"}],"author":[{"embeddable":true,"href":"http:\/\/www.nucleoestudo.ufla.br\/nefrut\/wp-json\/wp\/v2\/users\/9"}],"replies":[{"embeddable":true,"href":"http:\/\/www.nucleoestudo.ufla.br\/nefrut\/wp-json\/wp\/v2\/comments?post=277"}],"version-history":[{"count":7,"href":"http:\/\/www.nucleoestudo.ufla.br\/nefrut\/wp-json\/wp\/v2\/pages\/277\/revisions"}],"predecessor-version":[{"id":384,"href":"http:\/\/www.nucleoestudo.ufla.br\/nefrut\/wp-json\/wp\/v2\/pages\/277\/revisions\/384"}],"up":[{"embeddable":true,"href":"http:\/\/www.nucleoestudo.ufla.br\/nefrut\/wp-json\/wp\/v2\/pages\/309"}],"wp:attachment":[{"href":"http:\/\/www.nucleoestudo.ufla.br\/nefrut\/wp-json\/wp\/v2\/media?parent=277"}],"curies":[{"name":"wp","href":"https:\/\/api.w.org\/{rel}","templated":true}]}}