{"id":275,"date":"2013-05-22T12:40:27","date_gmt":"2013-05-22T15:40:27","guid":{"rendered":"http:\/\/www.nucleoestudo.ufla.br\/nefrut\/?page_id=275"},"modified":"2013-10-28T10:43:51","modified_gmt":"2013-10-28T12:43:51","slug":"pesquisas","status":"publish","type":"page","link":"http:\/\/www.nucleoestudo.ufla.br\/nefrut\/biblioteca\/reunioes\/pesquisas\/","title":{"rendered":"Pesquisa"},"content":{"rendered":"<figure style=\"width: 320px\" class=\"wp-caption alignleft\"><img loading=\"lazy\" alt=\"\" src=\"http:\/\/i278.photobucket.com\/albums\/kk109\/ronnie2008_01\/NEFRUT\/Pesquisanefrut_zpsde8c3562.jpg\" width=\"320\" height=\"355\" \/><figcaption class=\"wp-caption-text\">Pesquisa apresentada no XXII Congresso de Fruticultura em Bento Gon\u00e7alves-RS<\/figcaption><\/figure>\n<p>&nbsp;<\/p>\n<p>A Postura do N\u00facleo de Estudos em Fruticultura em rela\u00e7\u00e3o \u00e0 pesquisa, atua de forma a suplementar as necessidades de apoio no pomar da Universidade Federal de Lavras.<\/p>\n<p>Tais necessidades s\u00e3o oriundas dos experimentos conduzidos por graduandos (bolsistas), p\u00f3s graduandos, doutorandos e professores do setor.<\/p>\n<p>Nessa P\u00e1gina voc\u00ea encontra alguns dos experimentos com os quais os membros j\u00e1 entraram em contato.<\/p>\n<p>&nbsp;<\/p>\n<p>&nbsp;<\/p>\n<p>&nbsp;<\/p>\n<p>EM BREVE &#8230;<\/p>\n<p>Estamos em processo de estrutura\u00e7\u00e3o do grupo, estabelecimento de metas \u00a0e projetos, em breve novas pesquisas.<\/p>\n","protected":false},"excerpt":{"rendered":"<p>&nbsp; A Postura do N\u00facleo de Estudos em Fruticultura em rela\u00e7\u00e3o \u00e0 pesquisa, atua de forma a suplementar as necessidades de apoio no pomar da Universidade Federal de Lavras. Tais necessidades s\u00e3o oriundas dos experimentos conduzidos por graduandos (bolsistas), p\u00f3s graduandos, doutorandos e professores do setor. Nessa P\u00e1gina voc\u00ea encontra alguns dos experimentos com os &hellip; <\/p>\n<p class=\"link-more\"><a href=\"http:\/\/www.nucleoestudo.ufla.br\/nefrut\/biblioteca\/reunioes\/pesquisas\/\" class=\"more-link\">Continue lendo<span class=\"screen-reader-text\"> &#8220;Pesquisa&#8221;<\/span><\/a><\/p>\n","protected":false},"author":9,"featured_media":0,"parent":309,"menu_order":0,"comment_status":"open","ping_status":"open","template":"page-template-archives.php","meta":[],"_links":{"self":[{"href":"http:\/\/www.nucleoestudo.ufla.br\/nefrut\/wp-json\/wp\/v2\/pages\/275"}],"collection":[{"href":"http:\/\/www.nucleoestudo.ufla.br\/nefrut\/wp-json\/wp\/v2\/pages"}],"about":[{"href":"http:\/\/www.nucleoestudo.ufla.br\/nefrut\/wp-json\/wp\/v2\/types\/page"}],"author":[{"embeddable":true,"href":"http:\/\/www.nucleoestudo.ufla.br\/nefrut\/wp-json\/wp\/v2\/users\/9"}],"replies":[{"embeddable":true,"href":"http:\/\/www.nucleoestudo.ufla.br\/nefrut\/wp-json\/wp\/v2\/comments?post=275"}],"version-history":[{"count":10,"href":"http:\/\/www.nucleoestudo.ufla.br\/nefrut\/wp-json\/wp\/v2\/pages\/275\/revisions"}],"predecessor-version":[{"id":381,"href":"http:\/\/www.nucleoestudo.ufla.br\/nefrut\/wp-json\/wp\/v2\/pages\/275\/revisions\/381"}],"up":[{"embeddable":true,"href":"http:\/\/www.nucleoestudo.ufla.br\/nefrut\/wp-json\/wp\/v2\/pages\/309"}],"wp:attachment":[{"href":"http:\/\/www.nucleoestudo.ufla.br\/nefrut\/wp-json\/wp\/v2\/media?parent=275"}],"curies":[{"name":"wp","href":"https:\/\/api.w.org\/{rel}","templated":true}]}}