{"id":253,"date":"2013-05-21T19:50:09","date_gmt":"2013-05-21T22:50:09","guid":{"rendered":"http:\/\/www.nucleoestudo.ufla.br\/nefrut\/?page_id=253"},"modified":"2013-10-11T09:31:40","modified_gmt":"2013-10-11T12:31:40","slug":"em-destaque","status":"publish","type":"page","link":"http:\/\/www.nucleoestudo.ufla.br\/nefrut\/eventos\/realizados\/em-destaque\/","title":{"rendered":"Em Destaque"},"content":{"rendered":"<p><img loading=\"lazy\" class=\"alignleft\" alt=\"\" src=\"https:\/\/fbcdn-sphotos-b-a.akamaihd.net\/hphotos-ak-prn2\/1375216_548869848515597_1796387773_n.jpg\" width=\"476\" height=\"672\" \/>\u00a0O Dia de Campo de Fruticultura promovido pela UFLA, cuja organiza\u00e7\u00e3o se d\u00e1 pelo Prof. Dr. Rafael Pio com apoio do NEFRUT e graduandos da \u00e1rea, al\u00e9m de apoio em divulga\u00e7\u00e3o do PET Agronomia, chega a 4\u00aa Edi\u00e7\u00e3o.<\/p>\n<p>O Evento ocorrer\u00e1 no pr\u00f3ximo dia 22, (22\/10\/2013) e traz como tem\u00e1tica a produ\u00e7\u00e3o de pequenos frutos, o evento conta com parte te\u00f3rica (palestra) e parte pr\u00e1tica (visita ao setor de fruticultura da UFLA).<\/p>\n<p>Espera-se a presen\u00e7a de estudantes, professores, t\u00e9cnicos, agricultores e demais interessados no tema.<\/p>\n<p>A Inscri\u00e7\u00e3o pode ser feita na Cantina da UFLA \u00a0(Barraca do Evento), ou no dia do evento (Anfiteatro do Departamento de Agricultura- DAG) e possui o valor de R$10.<\/p>\n<p>Os participantes contar\u00e3o com informa\u00e7\u00f5es e peculiaridades desse \u00e1rea da fruticultura, que vem crescendo como grande gerador de renda.<\/p>\n","protected":false},"excerpt":{"rendered":"<p>\u00a0O Dia de Campo de Fruticultura promovido pela UFLA, cuja organiza\u00e7\u00e3o se d\u00e1 pelo Prof. Dr. Rafael Pio com apoio do NEFRUT e graduandos da \u00e1rea, al\u00e9m de apoio em divulga\u00e7\u00e3o do PET Agronomia, chega a 4\u00aa Edi\u00e7\u00e3o. O Evento ocorrer\u00e1 no pr\u00f3ximo dia 22, (22\/10\/2013) e traz como tem\u00e1tica a produ\u00e7\u00e3o de pequenos frutos, &hellip; <\/p>\n<p class=\"link-more\"><a href=\"http:\/\/www.nucleoestudo.ufla.br\/nefrut\/eventos\/realizados\/em-destaque\/\" class=\"more-link\">Continue lendo<span class=\"screen-reader-text\"> &#8220;Em Destaque&#8221;<\/span><\/a><\/p>\n","protected":false},"author":9,"featured_media":0,"parent":224,"menu_order":0,"comment_status":"open","ping_status":"open","template":"","meta":[],"_links":{"self":[{"href":"http:\/\/www.nucleoestudo.ufla.br\/nefrut\/wp-json\/wp\/v2\/pages\/253"}],"collection":[{"href":"http:\/\/www.nucleoestudo.ufla.br\/nefrut\/wp-json\/wp\/v2\/pages"}],"about":[{"href":"http:\/\/www.nucleoestudo.ufla.br\/nefrut\/wp-json\/wp\/v2\/types\/page"}],"author":[{"embeddable":true,"href":"http:\/\/www.nucleoestudo.ufla.br\/nefrut\/wp-json\/wp\/v2\/users\/9"}],"replies":[{"embeddable":true,"href":"http:\/\/www.nucleoestudo.ufla.br\/nefrut\/wp-json\/wp\/v2\/comments?post=253"}],"version-history":[{"count":10,"href":"http:\/\/www.nucleoestudo.ufla.br\/nefrut\/wp-json\/wp\/v2\/pages\/253\/revisions"}],"predecessor-version":[{"id":333,"href":"http:\/\/www.nucleoestudo.ufla.br\/nefrut\/wp-json\/wp\/v2\/pages\/253\/revisions\/333"}],"up":[{"embeddable":true,"href":"http:\/\/www.nucleoestudo.ufla.br\/nefrut\/wp-json\/wp\/v2\/pages\/224"}],"wp:attachment":[{"href":"http:\/\/www.nucleoestudo.ufla.br\/nefrut\/wp-json\/wp\/v2\/media?parent=253"}],"curies":[{"name":"wp","href":"https:\/\/api.w.org\/{rel}","templated":true}]}}