{"id":179,"date":"2013-05-11T14:45:10","date_gmt":"2013-05-11T17:45:10","guid":{"rendered":"http:\/\/www.nucleoestudo.ufla.br\/nefrut\/?page_id=179"},"modified":"2013-10-28T10:44:31","modified_gmt":"2013-10-28T12:44:31","slug":"download-de-materiais","status":"publish","type":"page","link":"http:\/\/www.nucleoestudo.ufla.br\/nefrut\/biblioteca\/reunioes\/download-de-materiais\/","title":{"rendered":"Download de Materiais"},"content":{"rendered":"<p>A Disponibilidade de materiais depende do portador do mesmo, sendo assim fornecemos apenas o que nos \u00e9 passado ou est\u00e1 sob nossa autoria.<\/p>\n<p><strong>Apresenta\u00e7\u00f5es Disponibilizadas<\/strong><\/p>\n<p>Reuni\u00f5es &#8211; Per\u00edodo 2013-1<\/p>\n<p>Apresenta\u00e7\u00e3o: Controle Biol\u00f3gico<\/p>\n<p>Prelecionistas:\u00a0<a id=\"js_200\" href=\"https:\/\/www.facebook.com\/aline.ciaciademendonca\" data-hovercard=\"\/ajax\/hovercard\/user.php?id=1375960373\">Aline Ciaci\u00e1 de Mendon\u00e7a<\/a>\u00a0e\u00a0<a id=\"js_198\" href=\"https:\/\/www.facebook.com\/profile.php?id=100003488537880\" data-hovercard=\"\/ajax\/hovercard\/user.php?id=100003488537880\">Raoni Gwinner<\/a><\/p>\n<p><a href=\"https:\/\/mega.co.nz\/#!UgswFCSD!YcHa1yhWIlApxhS2SSEF4n64HIoAN3_yccYzsDFRGm8\" target=\"_blank\">Download Clique aqui<\/a><\/p>\n<p><strong>Reuni\u00f5es \u00a0&#8211;\u00a0Per\u00edodo: 2012-2<\/strong><\/p>\n<p>&nbsp;<\/p>\n<p>&nbsp;<\/p>\n<p><img loading=\"lazy\" class=\"alignnone\" alt=\"\" src=\"http:\/\/3.bp.blogspot.com\/-8UtOBWOL1QQ\/Tgn_vI2X0XI\/AAAAAAAABB0\/sa7zaKT4lP0\/s1600\/pitanga.jpg\" width=\"216\" height=\"288\" \/><\/p>\n<p><a href=\"https:\/\/mega.co.nz\/#!ph8z1TQC!YKX_qTcLJjDUsppVwoa4h0aQC7JBItZ546vpHPgKZWk\">Cultura da Pitanga<\/a> &#8211; Ronnie Tomaz Pereira<\/p>\n<p>&nbsp;<\/p>\n<p><a href=\"http:\/\/ufla.br\/vitagro\/\"><img loading=\"lazy\" class=\"alignnone\" alt=\"\" src=\"http:\/\/ufla.br\/vitagro\/wp-content\/uploads\/2013\/02\/slide1.jpg\" width=\"512\" height=\"251\" \/><\/a><\/p>\n<p>P\u00f4ster\u00b4s Para a 1\u00aa VITAGRO &#8211; Vitrine do Agroneg\u00f3cio &#8211; Ijaci-MG<\/p>\n<p><img loading=\"lazy\" class=\"alignnone\" alt=\"\" src=\"http:\/\/www.caqui.com.br\/fotos\/home-1363189067-mmtifvj32bshr3k490_2.jpg\" width=\"353\" height=\"131\" \/><\/p>\n<p><a href=\"https:\/\/mega.co.nz\/#!loVSCS5J!XwNJxnpIUSuddncusN-_1FrGsul-Ikz4hW40qP583yQ\">Caqui<\/a><\/p>\n<p><img loading=\"lazy\" class=\"alignnone\" alt=\"\" src=\"http:\/\/www.cpt.com.br\/imagens\/enviadas\/materias\/materia350\/cultivo%20organico%20de%20citros.jpg\" width=\"334\" height=\"250\" \/><\/p>\n<p><a href=\"https:\/\/mega.co.nz\/#!ZoUGUKLQ!Ojf1iRHgvfxnwRtobnmbyCn8isllvMwcZV3vjnxyMkA\">Citrus<\/a><\/p>\n<p><img loading=\"lazy\" class=\"alignnone\" alt=\"\" src=\"http:\/\/www.jandaiasemprecomvoce.com.br\/wp-content\/uploads\/2012\/01\/goiaba0302112-1024x768.jpg\" width=\"294\" height=\"222\" \/><\/p>\n<p><a href=\"https:\/\/mega.co.nz\/#!xosVUQJQ!QMmnMyR-A1Cm4h3v_uGvZCCHmC1GX700sPhIWsyYCds\">Goiaba<\/a><\/p>\n<p><img loading=\"lazy\" class=\"alignnone\" alt=\"\" src=\"http:\/\/1.bp.blogspot.com\/_a7dXmmg6RFQ\/TCpsOooKlDI\/AAAAAAAAFYM\/XtDGHoeiYSI\/s1600\/maca%2520ipr%2520julieta.jpg\" width=\"308\" height=\"222\" \/><\/p>\n<p><a href=\"https:\/\/mega.co.nz\/#!1odDkQyZ!YG2scjeECm_JzlPWdsB5YC9BLi4JVXHe3gDQlWMVqKM\">Ma\u00e7\u00e3<\/a><\/p>\n<p><img loading=\"lazy\" class=\"alignnone\" alt=\"\" src=\"http:\/\/www.sempreperfeito.com\/wp-content\/uploads\/2011\/10\/benef%C3%ADcios-da-uva.jpg\" width=\"259\" height=\"194\" \/><\/p>\n<p><a href=\"https:\/\/mega.co.nz\/#!1g8ESLCL!Y8jy8iz5qmjUypIy8Td_wWbY_C1orp3o6TKym4gJd9c\">Uva<\/a><\/p>\n<p>&nbsp;<\/p>\n","protected":false},"excerpt":{"rendered":"<p>A Disponibilidade de materiais depende do portador do mesmo, sendo assim fornecemos apenas o que nos \u00e9 passado ou est\u00e1 sob nossa autoria. Apresenta\u00e7\u00f5es Disponibilizadas Reuni\u00f5es &#8211; Per\u00edodo 2013-1 Apresenta\u00e7\u00e3o: Controle Biol\u00f3gico Prelecionistas:\u00a0Aline Ciaci\u00e1 de Mendon\u00e7a\u00a0e\u00a0Raoni Gwinner Download Clique aqui Reuni\u00f5es \u00a0&#8211;\u00a0Per\u00edodo: 2012-2 &nbsp; &nbsp; Cultura da Pitanga &#8211; Ronnie Tomaz Pereira &nbsp; P\u00f4ster\u00b4s Para &hellip; <\/p>\n<p class=\"link-more\"><a href=\"http:\/\/www.nucleoestudo.ufla.br\/nefrut\/biblioteca\/reunioes\/download-de-materiais\/\" class=\"more-link\">Continue lendo<span class=\"screen-reader-text\"> &#8220;Download de Materiais&#8221;<\/span><\/a><\/p>\n","protected":false},"author":9,"featured_media":0,"parent":309,"menu_order":3,"comment_status":"open","ping_status":"open","template":"page-template-archives.php","meta":[],"_links":{"self":[{"href":"http:\/\/www.nucleoestudo.ufla.br\/nefrut\/wp-json\/wp\/v2\/pages\/179"}],"collection":[{"href":"http:\/\/www.nucleoestudo.ufla.br\/nefrut\/wp-json\/wp\/v2\/pages"}],"about":[{"href":"http:\/\/www.nucleoestudo.ufla.br\/nefrut\/wp-json\/wp\/v2\/types\/page"}],"author":[{"embeddable":true,"href":"http:\/\/www.nucleoestudo.ufla.br\/nefrut\/wp-json\/wp\/v2\/users\/9"}],"replies":[{"embeddable":true,"href":"http:\/\/www.nucleoestudo.ufla.br\/nefrut\/wp-json\/wp\/v2\/comments?post=179"}],"version-history":[{"count":12,"href":"http:\/\/www.nucleoestudo.ufla.br\/nefrut\/wp-json\/wp\/v2\/pages\/179\/revisions"}],"predecessor-version":[{"id":340,"href":"http:\/\/www.nucleoestudo.ufla.br\/nefrut\/wp-json\/wp\/v2\/pages\/179\/revisions\/340"}],"up":[{"embeddable":true,"href":"http:\/\/www.nucleoestudo.ufla.br\/nefrut\/wp-json\/wp\/v2\/pages\/309"}],"wp:attachment":[{"href":"http:\/\/www.nucleoestudo.ufla.br\/nefrut\/wp-json\/wp\/v2\/media?parent=179"}],"curies":[{"name":"wp","href":"https:\/\/api.w.org\/{rel}","templated":true}]}}