{"id":175,"date":"2013-05-03T12:10:32","date_gmt":"2013-05-03T15:10:32","guid":{"rendered":"http:\/\/www.nucleoestudo.ufla.br\/nefrut\/?page_id=175"},"modified":"2013-10-28T10:36:30","modified_gmt":"2013-10-28T12:36:30","slug":"historia","status":"publish","type":"page","link":"http:\/\/www.nucleoestudo.ufla.br\/nefrut\/institucional\/historia\/","title":{"rendered":"Hist\u00f3ria"},"content":{"rendered":"<p>O N\u00facleo foi fundado em 1997, 3 anos ap\u00f3s a federaliza\u00e7\u00e3o da Universidade na cidade de Lavras-MG, de l\u00e1 pra c\u00e1 passou por diversos modelos de gest\u00e3o, j\u00e1 foi alvo de fun\u00e7\u00f5es espec\u00edficas.Ap\u00f3s um per\u00edodo de baixa o n\u00facleo foi reativado e hoje conta com 18 membros, passando por uma fase estrutura\u00e7\u00e3o e consolida\u00e7\u00e3o.<\/p>\n","protected":false},"excerpt":{"rendered":"<p>O N\u00facleo foi fundado em 1997, 3 anos ap\u00f3s a federaliza\u00e7\u00e3o da Universidade na cidade de Lavras-MG, de l\u00e1 pra c\u00e1 passou por diversos modelos de gest\u00e3o, j\u00e1 foi alvo de fun\u00e7\u00f5es espec\u00edficas.Ap\u00f3s um per\u00edodo de baixa o n\u00facleo foi reativado e hoje conta com 18 membros, passando por uma fase estrutura\u00e7\u00e3o e consolida\u00e7\u00e3o.<\/p>\n","protected":false},"author":9,"featured_media":0,"parent":200,"menu_order":3,"comment_status":"open","ping_status":"open","template":"page-template-archives.php","meta":[],"_links":{"self":[{"href":"http:\/\/www.nucleoestudo.ufla.br\/nefrut\/wp-json\/wp\/v2\/pages\/175"}],"collection":[{"href":"http:\/\/www.nucleoestudo.ufla.br\/nefrut\/wp-json\/wp\/v2\/pages"}],"about":[{"href":"http:\/\/www.nucleoestudo.ufla.br\/nefrut\/wp-json\/wp\/v2\/types\/page"}],"author":[{"embeddable":true,"href":"http:\/\/www.nucleoestudo.ufla.br\/nefrut\/wp-json\/wp\/v2\/users\/9"}],"replies":[{"embeddable":true,"href":"http:\/\/www.nucleoestudo.ufla.br\/nefrut\/wp-json\/wp\/v2\/comments?post=175"}],"version-history":[{"count":8,"href":"http:\/\/www.nucleoestudo.ufla.br\/nefrut\/wp-json\/wp\/v2\/pages\/175\/revisions"}],"predecessor-version":[{"id":388,"href":"http:\/\/www.nucleoestudo.ufla.br\/nefrut\/wp-json\/wp\/v2\/pages\/175\/revisions\/388"}],"up":[{"embeddable":true,"href":"http:\/\/www.nucleoestudo.ufla.br\/nefrut\/wp-json\/wp\/v2\/pages\/200"}],"wp:attachment":[{"href":"http:\/\/www.nucleoestudo.ufla.br\/nefrut\/wp-json\/wp\/v2\/media?parent=175"}],"curies":[{"name":"wp","href":"https:\/\/api.w.org\/{rel}","templated":true}]}}