{"id":96,"date":"2018-07-16T12:30:26","date_gmt":"2018-07-16T15:30:26","guid":{"rendered":"http:\/\/www.nucleoestudo.ufla.br\/hefesto\/?page_id=96"},"modified":"2018-07-16T16:27:15","modified_gmt":"2018-07-16T19:27:15","slug":"robotica-educacional","status":"publish","type":"page","link":"http:\/\/www.nucleoestudo.ufla.br\/hefesto\/areas-de-interesse\/robotica-educacional\/","title":{"rendered":"Rob\u00f3tica Educacional"},"content":{"rendered":"<p style=\"text-align: justify;\">Alguns conte\u00fados curriculares est\u00e3o especialmente relacionados com a utiliza\u00e7\u00e3o da rob\u00f3tica como pr\u00e1tica de ensino. Considerando as possibilidades dessa tecnologia educacional como mediadora da aprendizagem escolar, apresenta-se neste projeto a possibilidade de investiga\u00e7\u00e3o sobre o desenvolvimento e aplica\u00e7\u00e3o da rob\u00f3tica em diversas \u00e1reas do conhecimento.<\/p>\n<p style=\"text-align: justify;\"><strong>Projeto:<\/strong> A\u00a0rob\u00f3tica educacional como meio para o desenvolvimento de processos de ensino &#8211; aprendizagem<\/p>\n<p style=\"text-align: justify;\"><strong>Breve descri\u00e7\u00e3o:<\/strong>\u00a0\u00a0estabelecer a articula\u00e7\u00e3o entre o conhecimento e demais areas de interesse trabalhadas em Hefesto e a resolu\u00e7\u00e3o de problemas que envolveram a\u00e7\u00f5es dos rob\u00f4s, comandados e criados pelos usu\u00e1rios, promovendo maior interesse no estudo e aplica\u00e7\u00e3o de conte\u00fados. Estabelecer rela\u00e7\u00f5es com a forma nas quais as atividades que utilizam os kits de rob\u00f3tica s\u00e3o estruturadas, tratando-as conceitualmente como projetos que incorporam o l\u00fadico \u00e0 aprendizagem de conte\u00fados escolares.<\/p>\n","protected":false},"excerpt":{"rendered":"<p>Alguns conte\u00fados curriculares est\u00e3o especialmente relacionados com a utiliza\u00e7\u00e3o da rob\u00f3tica como pr\u00e1tica de ensino. Considerando as possibilidades dessa tecnologia educacional como mediadora da aprendizagem escolar, apresenta-se neste projeto a possibilidade de investiga\u00e7\u00e3o sobre o desenvolvimento e aplica\u00e7\u00e3o da rob\u00f3tica em diversas \u00e1reas do conhecimento. Projeto: A\u00a0rob\u00f3tica educacional como meio para o desenvolvimento de processos [&hellip;]<\/p>\n","protected":false},"author":2,"featured_media":0,"parent":84,"menu_order":0,"comment_status":"closed","ping_status":"closed","template":"","meta":{"footnotes":""},"_links":{"self":[{"href":"http:\/\/www.nucleoestudo.ufla.br\/hefesto\/wp-json\/wp\/v2\/pages\/96"}],"collection":[{"href":"http:\/\/www.nucleoestudo.ufla.br\/hefesto\/wp-json\/wp\/v2\/pages"}],"about":[{"href":"http:\/\/www.nucleoestudo.ufla.br\/hefesto\/wp-json\/wp\/v2\/types\/page"}],"author":[{"embeddable":true,"href":"http:\/\/www.nucleoestudo.ufla.br\/hefesto\/wp-json\/wp\/v2\/users\/2"}],"replies":[{"embeddable":true,"href":"http:\/\/www.nucleoestudo.ufla.br\/hefesto\/wp-json\/wp\/v2\/comments?post=96"}],"version-history":[{"count":3,"href":"http:\/\/www.nucleoestudo.ufla.br\/hefesto\/wp-json\/wp\/v2\/pages\/96\/revisions"}],"predecessor-version":[{"id":189,"href":"http:\/\/www.nucleoestudo.ufla.br\/hefesto\/wp-json\/wp\/v2\/pages\/96\/revisions\/189"}],"up":[{"embeddable":true,"href":"http:\/\/www.nucleoestudo.ufla.br\/hefesto\/wp-json\/wp\/v2\/pages\/84"}],"wp:attachment":[{"href":"http:\/\/www.nucleoestudo.ufla.br\/hefesto\/wp-json\/wp\/v2\/media?parent=96"}],"curies":[{"name":"wp","href":"https:\/\/api.w.org\/{rel}","templated":true}]}}