{"id":94,"date":"2018-07-16T12:30:05","date_gmt":"2018-07-16T15:30:05","guid":{"rendered":"http:\/\/www.nucleoestudo.ufla.br\/hefesto\/?page_id=94"},"modified":"2018-07-16T15:10:42","modified_gmt":"2018-07-16T18:10:42","slug":"midias-edu-audiovisuais","status":"publish","type":"page","link":"http:\/\/www.nucleoestudo.ufla.br\/hefesto\/areas-de-interesse\/midias-edu-audiovisuais\/","title":{"rendered":"Midias Edu. Audiovisuais"},"content":{"rendered":"<p style=\"text-align: justify;\">Relacionar os campos da comunica\u00e7\u00e3o e da educa\u00e7\u00e3o a partir de uma reflex\u00e3o sobre a experi\u00eancia audiovisual no contexto dos espa\u00e7os educativos. Aponta-se a transversalidade das m\u00eddias audiovisuais como um desafio importante para a escola, considerando-se a complexidade do momento hist\u00f3rico em que vivemos e seus processos de constru\u00e7\u00e3o de subjetividades decorrentes dos novos modos de ler, ver, pensar e aprender.<\/p>\n<p style=\"text-align: justify;\"><strong>Projeto:<\/strong> M\u00eddias educativas e audiovisuais: as quest\u00f5es relacionadas aos estudos de educa\u00e7\u00e3o para as m\u00eddias.<\/p>\n<p style=\"text-align: justify;\"><strong>Breve descri\u00e7\u00e3o:<\/strong>\u00a0procuramos encontrar, nas pr\u00e1ticas atuais dos espa\u00e7os de sala de aula, elementos que pudessem fornecer subs\u00eddios para aprofundar algumas quest\u00f5es relacionadas ao discurso \u00e1udio-imag\u00e9tico dentro de uma perspectiva hist\u00f3rico-cultural, recolocando a quest\u00e3o das ferramentas tecnol\u00f3gicas, inserindo a t\u00e9cnica no universo da cultura. pesquisadores que est\u00e3o refletindo sobre as produ\u00e7\u00f5es audiovisuais contempor\u00e2neas.<\/p>\n","protected":false},"excerpt":{"rendered":"<p>Relacionar os campos da comunica\u00e7\u00e3o e da educa\u00e7\u00e3o a partir de uma reflex\u00e3o sobre a experi\u00eancia audiovisual no contexto dos espa\u00e7os educativos. Aponta-se a transversalidade das m\u00eddias audiovisuais como um desafio importante para a escola, considerando-se a complexidade do momento hist\u00f3rico em que vivemos e seus processos de constru\u00e7\u00e3o de subjetividades decorrentes dos novos modos [&hellip;]<\/p>\n","protected":false},"author":2,"featured_media":0,"parent":84,"menu_order":0,"comment_status":"closed","ping_status":"closed","template":"","meta":{"footnotes":""},"_links":{"self":[{"href":"http:\/\/www.nucleoestudo.ufla.br\/hefesto\/wp-json\/wp\/v2\/pages\/94"}],"collection":[{"href":"http:\/\/www.nucleoestudo.ufla.br\/hefesto\/wp-json\/wp\/v2\/pages"}],"about":[{"href":"http:\/\/www.nucleoestudo.ufla.br\/hefesto\/wp-json\/wp\/v2\/types\/page"}],"author":[{"embeddable":true,"href":"http:\/\/www.nucleoestudo.ufla.br\/hefesto\/wp-json\/wp\/v2\/users\/2"}],"replies":[{"embeddable":true,"href":"http:\/\/www.nucleoestudo.ufla.br\/hefesto\/wp-json\/wp\/v2\/comments?post=94"}],"version-history":[{"count":3,"href":"http:\/\/www.nucleoestudo.ufla.br\/hefesto\/wp-json\/wp\/v2\/pages\/94\/revisions"}],"predecessor-version":[{"id":180,"href":"http:\/\/www.nucleoestudo.ufla.br\/hefesto\/wp-json\/wp\/v2\/pages\/94\/revisions\/180"}],"up":[{"embeddable":true,"href":"http:\/\/www.nucleoestudo.ufla.br\/hefesto\/wp-json\/wp\/v2\/pages\/84"}],"wp:attachment":[{"href":"http:\/\/www.nucleoestudo.ufla.br\/hefesto\/wp-json\/wp\/v2\/media?parent=94"}],"curies":[{"name":"wp","href":"https:\/\/api.w.org\/{rel}","templated":true}]}}