{"id":90,"date":"2018-07-16T12:28:48","date_gmt":"2018-07-16T15:28:48","guid":{"rendered":"http:\/\/www.nucleoestudo.ufla.br\/hefesto\/?page_id=90"},"modified":"2018-07-16T16:38:28","modified_gmt":"2018-07-16T19:38:28","slug":"tecnologias-moveis","status":"publish","type":"page","link":"http:\/\/www.nucleoestudo.ufla.br\/hefesto\/areas-de-interesse\/tecnologias-moveis\/","title":{"rendered":"Tecnologias M\u00f3veis"},"content":{"rendered":"<p style=\"text-align: justify;\">Os dispositivos m\u00f3veis est\u00e3o presentes nas mais diversas atividades cotidianas, profissionais e de lazer. Diante desse e de outros fatores, muitos autores consideram que a denomina\u00e7\u00e3o da atual fase pode variar entre cibercultura, sociedade em rede ou per\u00edodo t\u00e9cnico cient\u00edfico informacional. Independente da escolha, o crescente acesso a aparelhos como smartphones e tablets tem modificado a conduta com os outros e consigo. As consequ\u00eancias dessa mudan\u00e7a de comportamento afetam estudantes e professores nas escolas e fora delas.<\/p>\n<p style=\"text-align: justify;\"><strong>Projeto:<\/strong> Utiliza\u00e7\u00e3o de tecnologias m\u00f3veis na educa\u00e7\u00e3o: experimenta\u00e7\u00f5es e forma\u00e7\u00e3o docente.<\/p>\n<p style=\"text-align: justify;\"><strong>Breve descri\u00e7\u00e3o:<\/strong> no contexto da forma\u00e7\u00e3o docente, desenvolver estudos sistematizando as expectativas, as motiva\u00e7\u00f5es e os interesses em torno de uma s\u00e9rie de a\u00e7\u00f5es no esfor\u00e7o de introduzir e empregar as tecnologias m\u00f3veis no setor educacional.<\/p>\n","protected":false},"excerpt":{"rendered":"<p>Os dispositivos m\u00f3veis est\u00e3o presentes nas mais diversas atividades cotidianas, profissionais e de lazer. Diante desse e de outros fatores, muitos autores consideram que a denomina\u00e7\u00e3o da atual fase pode variar entre cibercultura, sociedade em rede ou per\u00edodo t\u00e9cnico cient\u00edfico informacional. Independente da escolha, o crescente acesso a aparelhos como smartphones e tablets tem modificado [&hellip;]<\/p>\n","protected":false},"author":2,"featured_media":0,"parent":84,"menu_order":0,"comment_status":"closed","ping_status":"closed","template":"","meta":{"footnotes":""},"_links":{"self":[{"href":"http:\/\/www.nucleoestudo.ufla.br\/hefesto\/wp-json\/wp\/v2\/pages\/90"}],"collection":[{"href":"http:\/\/www.nucleoestudo.ufla.br\/hefesto\/wp-json\/wp\/v2\/pages"}],"about":[{"href":"http:\/\/www.nucleoestudo.ufla.br\/hefesto\/wp-json\/wp\/v2\/types\/page"}],"author":[{"embeddable":true,"href":"http:\/\/www.nucleoestudo.ufla.br\/hefesto\/wp-json\/wp\/v2\/users\/2"}],"replies":[{"embeddable":true,"href":"http:\/\/www.nucleoestudo.ufla.br\/hefesto\/wp-json\/wp\/v2\/comments?post=90"}],"version-history":[{"count":3,"href":"http:\/\/www.nucleoestudo.ufla.br\/hefesto\/wp-json\/wp\/v2\/pages\/90\/revisions"}],"predecessor-version":[{"id":191,"href":"http:\/\/www.nucleoestudo.ufla.br\/hefesto\/wp-json\/wp\/v2\/pages\/90\/revisions\/191"}],"up":[{"embeddable":true,"href":"http:\/\/www.nucleoestudo.ufla.br\/hefesto\/wp-json\/wp\/v2\/pages\/84"}],"wp:attachment":[{"href":"http:\/\/www.nucleoestudo.ufla.br\/hefesto\/wp-json\/wp\/v2\/media?parent=90"}],"curies":[{"name":"wp","href":"https:\/\/api.w.org\/{rel}","templated":true}]}}