{"id":88,"date":"2018-07-16T12:28:16","date_gmt":"2018-07-16T15:28:16","guid":{"rendered":"http:\/\/www.nucleoestudo.ufla.br\/hefesto\/?page_id=88"},"modified":"2018-07-16T16:04:43","modified_gmt":"2018-07-16T19:04:43","slug":"politicas-publicas-tdics","status":"publish","type":"page","link":"http:\/\/www.nucleoestudo.ufla.br\/hefesto\/areas-de-interesse\/politicas-publicas-tdics\/","title":{"rendered":"Politicas P\u00fablicas TDICS"},"content":{"rendered":"<p style=\"text-align: justify;\">Reconhecemos a pertin\u00eancia de trabalhos dessa natureza que exploram os conceitos que\u00a0constituem as pol\u00edticas educacionais e que ese articulam articulam um conjunto de t\u00e9cnicas e tecnologias pol\u00edticas de modo a produzirem novos valores, novas rela\u00e7\u00f5es e novas subjetividades nas arenas das pr\u00e1ticas cotidianas.<\/p>\n<p style=\"text-align: justify;\"><strong>Projeto:<\/strong>\u00a0Forma\u00e7\u00e3o e Pol\u00edticas P\u00fablicas na Educa\u00e7\u00e3o: Tecnologias e Aprendizagem<\/p>\n<p style=\"text-align: justify;\"><strong>Breve descri\u00e7\u00e3o:<\/strong>\u00a0propomos uma reflex\u00e3o acerca de algumas caracter\u00edsticas marcantes das pol\u00edticas p\u00fablicas para a educa\u00e7\u00e3o promovidas pelos Estados e presentes na cantemporaneidade, especialmente em torno de seus efeitos sobre os processos de subjetiva\u00e7\u00e3o docente.<\/p>\n","protected":false},"excerpt":{"rendered":"<p>Reconhecemos a pertin\u00eancia de trabalhos dessa natureza que exploram os conceitos que\u00a0constituem as pol\u00edticas educacionais e que ese articulam articulam um conjunto de t\u00e9cnicas e tecnologias pol\u00edticas de modo a produzirem novos valores, novas rela\u00e7\u00f5es e novas subjetividades nas arenas das pr\u00e1ticas cotidianas. Projeto:\u00a0Forma\u00e7\u00e3o e Pol\u00edticas P\u00fablicas na Educa\u00e7\u00e3o: Tecnologias e Aprendizagem Breve descri\u00e7\u00e3o:\u00a0propomos uma [&hellip;]<\/p>\n","protected":false},"author":2,"featured_media":0,"parent":84,"menu_order":0,"comment_status":"closed","ping_status":"closed","template":"","meta":{"footnotes":""},"_links":{"self":[{"href":"http:\/\/www.nucleoestudo.ufla.br\/hefesto\/wp-json\/wp\/v2\/pages\/88"}],"collection":[{"href":"http:\/\/www.nucleoestudo.ufla.br\/hefesto\/wp-json\/wp\/v2\/pages"}],"about":[{"href":"http:\/\/www.nucleoestudo.ufla.br\/hefesto\/wp-json\/wp\/v2\/types\/page"}],"author":[{"embeddable":true,"href":"http:\/\/www.nucleoestudo.ufla.br\/hefesto\/wp-json\/wp\/v2\/users\/2"}],"replies":[{"embeddable":true,"href":"http:\/\/www.nucleoestudo.ufla.br\/hefesto\/wp-json\/wp\/v2\/comments?post=88"}],"version-history":[{"count":3,"href":"http:\/\/www.nucleoestudo.ufla.br\/hefesto\/wp-json\/wp\/v2\/pages\/88\/revisions"}],"predecessor-version":[{"id":185,"href":"http:\/\/www.nucleoestudo.ufla.br\/hefesto\/wp-json\/wp\/v2\/pages\/88\/revisions\/185"}],"up":[{"embeddable":true,"href":"http:\/\/www.nucleoestudo.ufla.br\/hefesto\/wp-json\/wp\/v2\/pages\/84"}],"wp:attachment":[{"href":"http:\/\/www.nucleoestudo.ufla.br\/hefesto\/wp-json\/wp\/v2\/media?parent=88"}],"curies":[{"name":"wp","href":"https:\/\/api.w.org\/{rel}","templated":true}]}}