{"id":71,"date":"2018-07-16T12:15:07","date_gmt":"2018-07-16T15:15:07","guid":{"rendered":"http:\/\/www.nucleoestudo.ufla.br\/hefesto\/?page_id=71"},"modified":"2018-07-16T16:48:10","modified_gmt":"2018-07-16T19:48:10","slug":"porque-hefesto","status":"publish","type":"page","link":"http:\/\/www.nucleoestudo.ufla.br\/hefesto\/sobre\/porque-hefesto\/","title":{"rendered":"Porque Hefesto?"},"content":{"rendered":"<p style=\"text-align: justify;\">Hefesto, filho de Zeus e Hera, na mitologia grega \u00e9 o deus da tecnologia (podendo ser tamb\u00e9m dos ferreiros, dos artes\u00e3os, dos escultores, da metalurgia, das armas, do fogo e dos vulc\u00f5es \u2013 este \u00faltimo especialmente na mitologia romana, conhecido como Vulcano). Por ser manco e claudicante, foi jogado ao mar pela m\u00e3e que o rejeitou, voltando ao Olimpo na idade adulta para se vingar dela, utilizando o conhecimento de tecnologia que aprendeu\/produziu em sua conviv\u00eancia humana. Simboliza, ent\u00e3o, a criatividade humana para a produ\u00e7\u00e3o e o aperfei\u00e7oamento de objetos que, no mundo grego cl\u00e1ssico, facilitavam e elevavam a qualidade da vida humana, a aproximando da vida divina.<\/p>\n<p style=\"text-align: justify;\">Hefesto d\u00e1 nome a este projeto com base na met\u00e1fora que ele pode significar na contemporaneidade. Em nossa opini\u00e3o, o nome Hefesto traduz todo um contexto contempor\u00e2neo que lan\u00e7a as tecnologias digitais praticamente em uma est\u00e2ncia divina, transmutando e confundindo a criatura (as m\u00e1quinas e os programas digitais) e o criador (os seres humanos). Representa igualmente a inten\u00e7\u00e3o humana de tomar as r\u00e9deas da produ\u00e7\u00e3o das tecnologias digitais a seu favor, para a sua ascese e melhoria.<\/p>\n","protected":false},"excerpt":{"rendered":"<p>Hefesto, filho de Zeus e Hera, na mitologia grega \u00e9 o deus da tecnologia (podendo ser tamb\u00e9m dos ferreiros, dos artes\u00e3os, dos escultores, da metalurgia, das armas, do fogo e dos vulc\u00f5es \u2013 este \u00faltimo especialmente na mitologia romana, conhecido como Vulcano). Por ser manco e claudicante, foi jogado ao mar pela m\u00e3e que o [&hellip;]<\/p>\n","protected":false},"author":2,"featured_media":0,"parent":15,"menu_order":0,"comment_status":"closed","ping_status":"closed","template":"","meta":{"footnotes":""},"_links":{"self":[{"href":"http:\/\/www.nucleoestudo.ufla.br\/hefesto\/wp-json\/wp\/v2\/pages\/71"}],"collection":[{"href":"http:\/\/www.nucleoestudo.ufla.br\/hefesto\/wp-json\/wp\/v2\/pages"}],"about":[{"href":"http:\/\/www.nucleoestudo.ufla.br\/hefesto\/wp-json\/wp\/v2\/types\/page"}],"author":[{"embeddable":true,"href":"http:\/\/www.nucleoestudo.ufla.br\/hefesto\/wp-json\/wp\/v2\/users\/2"}],"replies":[{"embeddable":true,"href":"http:\/\/www.nucleoestudo.ufla.br\/hefesto\/wp-json\/wp\/v2\/comments?post=71"}],"version-history":[{"count":3,"href":"http:\/\/www.nucleoestudo.ufla.br\/hefesto\/wp-json\/wp\/v2\/pages\/71\/revisions"}],"predecessor-version":[{"id":196,"href":"http:\/\/www.nucleoestudo.ufla.br\/hefesto\/wp-json\/wp\/v2\/pages\/71\/revisions\/196"}],"up":[{"embeddable":true,"href":"http:\/\/www.nucleoestudo.ufla.br\/hefesto\/wp-json\/wp\/v2\/pages\/15"}],"wp:attachment":[{"href":"http:\/\/www.nucleoestudo.ufla.br\/hefesto\/wp-json\/wp\/v2\/media?parent=71"}],"curies":[{"name":"wp","href":"https:\/\/api.w.org\/{rel}","templated":true}]}}