{"id":69,"date":"2018-07-16T12:14:03","date_gmt":"2018-07-16T15:14:03","guid":{"rendered":"http:\/\/www.nucleoestudo.ufla.br\/hefesto\/?page_id=69"},"modified":"2018-07-16T16:53:49","modified_gmt":"2018-07-16T19:53:49","slug":"quem-somos","status":"publish","type":"page","link":"http:\/\/www.nucleoestudo.ufla.br\/hefesto\/sobre\/quem-somos\/","title":{"rendered":"Quem Somos?"},"content":{"rendered":"<p>Equipe formada por estudantes e professores do Departamento de Educa\u00e7\u00e3o da Universidade Federal de Lavras. Integram o grupo atualmente:<\/p>\n<ul>\n<li>Apolliane Xavier Moreira do Santos (NEDI\/UFLA)<\/li>\n<li>Carolinne Machado Barra (Curso de Pedagogia UFLA \u2013 bolsista)<\/li>\n<li>Cl\u00e1udio L\u00facio Mendes (DED\/UFLA)<\/li>\n<li>Estela Aparecida Oliveira Vieira (DED\/UFLA)<\/li>\n<li>Ian Carri\u00e7o Zanoli (Curso de Pedagogia UFLA)<\/li>\n<li>Isabel Cristina Dornelas da Costa (Curso de Pedagogia UFLA)<\/li>\n<li>Ronei Ximenes Martins (DED\/UFLA)<\/li>\n<\/ul>\n<p>A perspectiva \u00e9 de ampliar o grupo envolvendo representantes de diversas \u00e1reas do conhecimento. Hefesto \u00e9 coordenado pelo professor Claudio L\u00facio Mendes.<\/p>\n","protected":false},"excerpt":{"rendered":"<p>Equipe formada por estudantes e professores do Departamento de Educa\u00e7\u00e3o da Universidade Federal de Lavras. Integram o grupo atualmente: Apolliane Xavier Moreira do Santos (NEDI\/UFLA) Carolinne Machado Barra (Curso de Pedagogia UFLA \u2013 bolsista) Cl\u00e1udio L\u00facio Mendes (DED\/UFLA) Estela Aparecida Oliveira Vieira (DED\/UFLA) Ian Carri\u00e7o Zanoli (Curso de Pedagogia UFLA) Isabel Cristina Dornelas da Costa [&hellip;]<\/p>\n","protected":false},"author":2,"featured_media":0,"parent":15,"menu_order":0,"comment_status":"closed","ping_status":"closed","template":"","meta":{"footnotes":""},"_links":{"self":[{"href":"http:\/\/www.nucleoestudo.ufla.br\/hefesto\/wp-json\/wp\/v2\/pages\/69"}],"collection":[{"href":"http:\/\/www.nucleoestudo.ufla.br\/hefesto\/wp-json\/wp\/v2\/pages"}],"about":[{"href":"http:\/\/www.nucleoestudo.ufla.br\/hefesto\/wp-json\/wp\/v2\/types\/page"}],"author":[{"embeddable":true,"href":"http:\/\/www.nucleoestudo.ufla.br\/hefesto\/wp-json\/wp\/v2\/users\/2"}],"replies":[{"embeddable":true,"href":"http:\/\/www.nucleoestudo.ufla.br\/hefesto\/wp-json\/wp\/v2\/comments?post=69"}],"version-history":[{"count":3,"href":"http:\/\/www.nucleoestudo.ufla.br\/hefesto\/wp-json\/wp\/v2\/pages\/69\/revisions"}],"predecessor-version":[{"id":198,"href":"http:\/\/www.nucleoestudo.ufla.br\/hefesto\/wp-json\/wp\/v2\/pages\/69\/revisions\/198"}],"up":[{"embeddable":true,"href":"http:\/\/www.nucleoestudo.ufla.br\/hefesto\/wp-json\/wp\/v2\/pages\/15"}],"wp:attachment":[{"href":"http:\/\/www.nucleoestudo.ufla.br\/hefesto\/wp-json\/wp\/v2\/media?parent=69"}],"curies":[{"name":"wp","href":"https:\/\/api.w.org\/{rel}","templated":true}]}}