{"id":67,"date":"2018-07-16T12:13:20","date_gmt":"2018-07-16T15:13:20","guid":{"rendered":"http:\/\/www.nucleoestudo.ufla.br\/hefesto\/?page_id=67"},"modified":"2018-07-16T14:11:21","modified_gmt":"2018-07-16T17:11:21","slug":"capacitacao-de-recursos","status":"publish","type":"page","link":"http:\/\/www.nucleoestudo.ufla.br\/hefesto\/sobre\/capacitacao-de-recursos\/","title":{"rendered":"Capacita\u00e7\u00e3o de Recursos"},"content":{"rendered":"<p style=\"text-align: justify;\">Para garantir o fomento a pesquisa e as a\u00e7\u00f5es de extens\u00e3o faz necess\u00e1rios a capta\u00e7\u00f5es de recursos, tanto da UFLA como de \u00f3rg\u00e3os de financiamentos que t\u00eam a extens\u00e3o como modalidade de investimento. Com a capta\u00e7\u00e3o de recursos para aquisi\u00e7\u00e3o de materiais permanentes, montagem e manuten\u00e7\u00e3o laboratorios, aquisi\u00e7\u00e3o de aparatos tecnologicos (software e hardware) ser\u00e1 poss\u00edvel realizarmos nossas atividades de ensino, pesquisa e extens\u00e3o. Para que todas essas atividades funcionem com mais qualidade, o continuo investimento e articula\u00e7\u00e3o com tais institui\u00e7\u00f5es \u00e9 crucial para o sucesso do projeto.<\/p>\n<p style=\"text-align: justify;\">Inicialmente s\u00e3o imprescind\u00edveis recursos tais como: rede Wifi com servidor dedicado, kits Lego Mindstorms de rob\u00f3tica educacional, mesas digitalizadoras, c\u00e2meras fotogr\u00e1ficas, tablets, computadores, lousa digital, kits de brinquedoteca, jogos educativos etc. Investimentos em softwares para promo\u00e7\u00e3o de experimenta\u00e7\u00e3o de ambientes virtuais de aprendizagem, desenvolvimento de materiais como e-books, blogs e sites educacionais, bem como plataforma de suporte para realiza\u00e7\u00e3o de surveys e outras a\u00e7\u00f5es de investiga\u00e7\u00e3o.<\/p>\n<p>.<\/p>\n","protected":false},"excerpt":{"rendered":"<p>Para garantir o fomento a pesquisa e as a\u00e7\u00f5es de extens\u00e3o faz necess\u00e1rios a capta\u00e7\u00f5es de recursos, tanto da UFLA como de \u00f3rg\u00e3os de financiamentos que t\u00eam a extens\u00e3o como modalidade de investimento. Com a capta\u00e7\u00e3o de recursos para aquisi\u00e7\u00e3o de materiais permanentes, montagem e manuten\u00e7\u00e3o laboratorios, aquisi\u00e7\u00e3o de aparatos tecnologicos (software e hardware) ser\u00e1 [&hellip;]<\/p>\n","protected":false},"author":2,"featured_media":0,"parent":15,"menu_order":0,"comment_status":"closed","ping_status":"closed","template":"","meta":{"footnotes":""},"_links":{"self":[{"href":"http:\/\/www.nucleoestudo.ufla.br\/hefesto\/wp-json\/wp\/v2\/pages\/67"}],"collection":[{"href":"http:\/\/www.nucleoestudo.ufla.br\/hefesto\/wp-json\/wp\/v2\/pages"}],"about":[{"href":"http:\/\/www.nucleoestudo.ufla.br\/hefesto\/wp-json\/wp\/v2\/types\/page"}],"author":[{"embeddable":true,"href":"http:\/\/www.nucleoestudo.ufla.br\/hefesto\/wp-json\/wp\/v2\/users\/2"}],"replies":[{"embeddable":true,"href":"http:\/\/www.nucleoestudo.ufla.br\/hefesto\/wp-json\/wp\/v2\/comments?post=67"}],"version-history":[{"count":3,"href":"http:\/\/www.nucleoestudo.ufla.br\/hefesto\/wp-json\/wp\/v2\/pages\/67\/revisions"}],"predecessor-version":[{"id":164,"href":"http:\/\/www.nucleoestudo.ufla.br\/hefesto\/wp-json\/wp\/v2\/pages\/67\/revisions\/164"}],"up":[{"embeddable":true,"href":"http:\/\/www.nucleoestudo.ufla.br\/hefesto\/wp-json\/wp\/v2\/pages\/15"}],"wp:attachment":[{"href":"http:\/\/www.nucleoestudo.ufla.br\/hefesto\/wp-json\/wp\/v2\/media?parent=67"}],"curies":[{"name":"wp","href":"https:\/\/api.w.org\/{rel}","templated":true}]}}