{"id":59,"date":"2018-07-16T12:11:51","date_gmt":"2018-07-16T15:11:51","guid":{"rendered":"http:\/\/www.nucleoestudo.ufla.br\/hefesto\/?page_id=59"},"modified":"2018-07-16T13:44:51","modified_gmt":"2018-07-16T16:44:51","slug":"extensao","status":"publish","type":"page","link":"http:\/\/www.nucleoestudo.ufla.br\/hefesto\/sobre\/extensao\/","title":{"rendered":"Extens\u00e3o"},"content":{"rendered":"<p style=\"text-align: justify;\">Trata-se de um projeto que relaciona pesquisa, ensino e extens\u00e3o. Entendemos que a pesquisa \u00e9 extritamente necess\u00e1ria para a produ\u00e7\u00e3o do conhecimento. Entedemos que o ensino \u00e9 a raz\u00e3o da exist\u00eancia da universidade, local onde as novas gera\u00e7\u00f5es s\u00e3o formadas para a transforma\u00e7\u00e3o e a produ\u00e7\u00e3o da realidade. Entendemos a extens\u00e3o como algo que articula pesquisa e ensino. Propomos a extens\u00e3o em seu cerne: promover a\u00e7\u00f5es e atividades para a comunidade interna e externa \u00e0 UFLA, em especial a comunidade escolar p\u00fablica.<\/p>\n","protected":false},"excerpt":{"rendered":"<p>Trata-se de um projeto que relaciona pesquisa, ensino e extens\u00e3o. Entendemos que a pesquisa \u00e9 extritamente necess\u00e1ria para a produ\u00e7\u00e3o do conhecimento. Entedemos que o ensino \u00e9 a raz\u00e3o da exist\u00eancia da universidade, local onde as novas gera\u00e7\u00f5es s\u00e3o formadas para a transforma\u00e7\u00e3o e a produ\u00e7\u00e3o da realidade. Entendemos a extens\u00e3o como algo que articula [&hellip;]<\/p>\n","protected":false},"author":2,"featured_media":0,"parent":15,"menu_order":0,"comment_status":"closed","ping_status":"closed","template":"","meta":{"footnotes":""},"_links":{"self":[{"href":"http:\/\/www.nucleoestudo.ufla.br\/hefesto\/wp-json\/wp\/v2\/pages\/59"}],"collection":[{"href":"http:\/\/www.nucleoestudo.ufla.br\/hefesto\/wp-json\/wp\/v2\/pages"}],"about":[{"href":"http:\/\/www.nucleoestudo.ufla.br\/hefesto\/wp-json\/wp\/v2\/types\/page"}],"author":[{"embeddable":true,"href":"http:\/\/www.nucleoestudo.ufla.br\/hefesto\/wp-json\/wp\/v2\/users\/2"}],"replies":[{"embeddable":true,"href":"http:\/\/www.nucleoestudo.ufla.br\/hefesto\/wp-json\/wp\/v2\/comments?post=59"}],"version-history":[{"count":3,"href":"http:\/\/www.nucleoestudo.ufla.br\/hefesto\/wp-json\/wp\/v2\/pages\/59\/revisions"}],"predecessor-version":[{"id":155,"href":"http:\/\/www.nucleoestudo.ufla.br\/hefesto\/wp-json\/wp\/v2\/pages\/59\/revisions\/155"}],"up":[{"embeddable":true,"href":"http:\/\/www.nucleoestudo.ufla.br\/hefesto\/wp-json\/wp\/v2\/pages\/15"}],"wp:attachment":[{"href":"http:\/\/www.nucleoestudo.ufla.br\/hefesto\/wp-json\/wp\/v2\/media?parent=59"}],"curies":[{"name":"wp","href":"https:\/\/api.w.org\/{rel}","templated":true}]}}