{"id":206,"date":"2018-07-16T17:18:27","date_gmt":"2018-07-16T20:18:27","guid":{"rendered":"http:\/\/www.nucleoestudo.ufla.br\/hefesto\/?page_id=206"},"modified":"2018-12-19T11:46:47","modified_gmt":"2018-12-19T13:46:47","slug":"oficina-de-experimentacoes","status":"publish","type":"page","link":"http:\/\/www.nucleoestudo.ufla.br\/hefesto\/oficinas\/oficina-de-experimentacoes\/","title":{"rendered":"Oficina de Experimenta\u00e7\u00f5es"},"content":{"rendered":"<div>\n<p style=\"text-align: justify;\"><span style=\"color: #ffffff;\">Esta oficina tem o objetivo de promover a experimenta\u00e7\u00e3o de diferentes ferramentas de tecnologias digitais em diversas \u00e1reas de conhecimento. No final da oficina espera-se que os participantes dominem melhor as ferramentas e possam produzir outras possibilidades de inser\u00e7\u00e3o de atividades pr\u00e1ticas utilizando tecnologias digitais.<\/span><\/p>\n<p style=\"text-align: justify;\"><span style=\"color: #ffffff;\">Experimenta\u00e7\u00f5es promovidas:<\/span><\/p>\n<p style=\"text-align: justify;\"><span style=\"color: #ffffff;\">&#8211; Incorporar avalia\u00e7\u00e3o utilizando Formul\u00e1rios do Google Docs (Perguntas e Respostas) como forma de incluir o Uso da Internet de maneira adequada na rotina da escola.<\/span><\/p>\n<p style=\"text-align: justify;\"><span style=\"color: #ffffff;\">&#8211; A utiliza\u00e7\u00e3o da Web no planejamento de atividades pedag\u00f3gicas utilizando Lousas Digitais.<\/span><\/p>\n<p style=\"text-align: justify;\"><span style=\"color: #ffffff;\">&#8211; Utilizando conversores de medidas online no ensino de matem\u00e1tica.<\/span><\/p>\n<p style=\"text-align: justify;\"><span style=\"color: #ffffff;\">&#8211; Utiliza\u00e7\u00e3o do Google Maps no Ensino de Cartografia\/Geografia\/Hist\u00f3ria<\/span><\/p>\n<p style=\"text-align: justify;\"><span style=\"color: #ffffff;\">&#8211; Utiliza\u00e7\u00e3o do Google Earht no Ensino de Cartografia\/Geografia\/Hist\u00f3ria<\/span><\/p>\n<p style=\"text-align: justify;\"><span style=\"color: #ffffff;\">&#8211; Utilizando Youtube EDU: constru\u00e7\u00e3o de experimentos no ensino de Fisca\/Quimica.<\/span><\/p>\n<p style=\"text-align: justify;\"><span style=\"color: #ffffff;\">&#8211; Utilizando a Wikip\u00e9dia para Editar Verbetes da Internet ensina escrever melhor e a desenvolver o olhar cr\u00edtico no ensino de Lingua Portuguesa<\/span><\/p>\n<p style=\"text-align: justify;\"><span style=\"color: #ffffff;\">&#8211; Intera\u00e7\u00f5es Online utilizando o Geogebra: Pensando e compreendendo a Matem\u00e1tica<\/span><\/p>\n<p style=\"text-align: justify;\"><span style=\"color: #ffffff;\">&#8211; Estabelecendo rela\u00e7\u00f5es entre o conte\u00fado estudado e sua vida cotidiana por meio de estudos da hist\u00f3ria local utilizando Google Imagens e Google Maps<\/span><\/p>\n<p style=\"text-align: justify;\"><span style=\"color: #ffffff;\">&#8211; Li\u00e7\u00e3o de casa com na WEB:\u00a0 a utiliza\u00e7\u00e3o de \u00a0blogs, f\u00f3runs e chats no processo de ensino aprendizagem.<\/span><\/p>\n<p style=\"text-align: justify;\"><span style=\"color: #ffffff;\">&#8211; A arte pela Internet: visitando museus com ferramentas do Google Art Project<\/span><\/p>\n<p style=\"text-align: justify;\"><span style=\"color: #ffffff;\">&#8211; A utiliza\u00e7\u00e3o de aplicativos da Internet no apoio ao aprendizado dos alunos Portadores de Necessidades Especiais. (PNE)<\/span><\/p>\n<p style=\"text-align: justify;\"><span style=\"color: #ffffff;\">&#8211; Diretoria Online: A utiliza\u00e7\u00e3o do Google Grupos como ferramenta de comunica\u00e7\u00e3o e troca de experi\u00eancias online entre professores e gestores escolares.<\/span><\/p>\n<p style=\"text-align: justify;\"><span style=\"color: #ffffff;\">&#8211; Conectando Conte\u00fados e Interesses atrav\u00e9s da utiliza\u00e7\u00e3o de Blogs<\/span><\/p>\n<p style=\"text-align: justify;\"><span style=\"color: #ffffff;\">&#8211; Criando hist\u00f3rias em quadrinhos online para desenvolvimento de conte\u00fados na Educa\u00e7\u00e3o Infantil.<\/span><\/p>\n<p style=\"text-align: justify;\"><span style=\"color: #ffffff;\">&#8211; A experi\u00eancia do jogo online &#8220;Fulano de Tal&#8221; no processo de Alfabetiza\u00e7\u00e3o Infantil<\/span><\/p>\n<p style=\"text-align: justify;\"><span style=\"color: #ffffff;\">&#8211; R\u00e1dio na escola: utilizando o Hangout On AIR na produ\u00e7\u00e3o de &#8220;programas de r\u00e1dio&#8221; produzidos na escola: jovens e intensificam a intera\u00e7\u00e3o com a comunidade.<\/span><\/p>\n<p style=\"text-align: justify;\"><span style=\"color: #ffffff;\">&#8211; Ampliando canais de comunica\u00e7\u00e3o: Valoriza\u00e7\u00e3o do di\u00e1logo e fortalecimento da articula\u00e7\u00e3o entre dire\u00e7\u00e3o, equipe docente e funcion\u00e1rios utilizando recursos da WEB<\/span><\/p>\n<p style=\"text-align: justify;\"><span style=\"color: #ffffff;\">&#8211; Produzindo Jornal Escolar Online a partir da elabora\u00e7\u00e3o de infogr\u00e1ficos<\/span><\/p>\n<p style=\"text-align: justify;\"><span style=\"color: #ffffff;\">&#8211; Viabiliza\u00e7\u00e3o de um sistema de comunica\u00e7\u00e3o inclusiva: a integra\u00e7\u00e3o dos alunos portadores de necessidades especiais atrav\u00e9s das Redes Sociais.<\/span><\/p>\n<p style=\"text-align: justify;\"><span style=\"color: #ffffff;\">&#8211; Sistema de Avalia\u00e7\u00e3o Escolar Compartilhada: utilizando recursos do Google Docs para aplica\u00e7\u00e3o de question\u00e1rios e compartilhamento de resultados.<\/span><\/p>\n<p style=\"text-align: justify;\"><span style=\"color: #ffffff;\">&#8211; Replanejamento e Gest\u00e3o: acompanhamentos pedag\u00f3gicos utilizando as ferramentas online Trello e Gantter<\/span><\/p>\n<p style=\"text-align: justify;\"><span style=\"color: #ffffff;\">&#8211; Elaborando Pautas para as reuni\u00f5es pedag\u00f3gicas utilizando ferramentas colaborativas online<\/span><\/p>\n<p style=\"text-align: justify;\"><span style=\"color: #ffffff;\">&#8211; Explorando o Google Imagens no desenvolvimento de atividades escolares na disciplina de Artes.<\/span><\/p>\n<p style=\"text-align: justify;\"><span style=\"color: #ffffff;\">&#8211; A utiliza\u00e7\u00e3o de v\u00eddeos do Youtube no desenvolvimento dos conte\u00fados da disciplina de (?):<\/span><\/p>\n<p style=\"text-align: justify;\"><span style=\"color: #ffffff;\">&#8211; Criando Projeto Banco de Quest\u00f5es utilizando Google Formul\u00e1rios.<\/span><\/p>\n<\/div>\n","protected":false},"excerpt":{"rendered":"<p>Esta oficina tem o objetivo de promover a experimenta\u00e7\u00e3o de diferentes ferramentas de tecnologias digitais em diversas \u00e1reas de conhecimento. No final da oficina espera-se que os participantes dominem melhor as ferramentas e possam produzir outras possibilidades de inser\u00e7\u00e3o de atividades pr\u00e1ticas utilizando tecnologias digitais. Experimenta\u00e7\u00f5es promovidas: &#8211; Incorporar avalia\u00e7\u00e3o utilizando Formul\u00e1rios do Google Docs [&hellip;]<\/p>\n","protected":false},"author":2,"featured_media":0,"parent":128,"menu_order":0,"comment_status":"closed","ping_status":"closed","template":"","meta":{"footnotes":""},"_links":{"self":[{"href":"http:\/\/www.nucleoestudo.ufla.br\/hefesto\/wp-json\/wp\/v2\/pages\/206"}],"collection":[{"href":"http:\/\/www.nucleoestudo.ufla.br\/hefesto\/wp-json\/wp\/v2\/pages"}],"about":[{"href":"http:\/\/www.nucleoestudo.ufla.br\/hefesto\/wp-json\/wp\/v2\/types\/page"}],"author":[{"embeddable":true,"href":"http:\/\/www.nucleoestudo.ufla.br\/hefesto\/wp-json\/wp\/v2\/users\/2"}],"replies":[{"embeddable":true,"href":"http:\/\/www.nucleoestudo.ufla.br\/hefesto\/wp-json\/wp\/v2\/comments?post=206"}],"version-history":[{"count":9,"href":"http:\/\/www.nucleoestudo.ufla.br\/hefesto\/wp-json\/wp\/v2\/pages\/206\/revisions"}],"predecessor-version":[{"id":328,"href":"http:\/\/www.nucleoestudo.ufla.br\/hefesto\/wp-json\/wp\/v2\/pages\/206\/revisions\/328"}],"up":[{"embeddable":true,"href":"http:\/\/www.nucleoestudo.ufla.br\/hefesto\/wp-json\/wp\/v2\/pages\/128"}],"wp:attachment":[{"href":"http:\/\/www.nucleoestudo.ufla.br\/hefesto\/wp-json\/wp\/v2\/media?parent=206"}],"curies":[{"name":"wp","href":"https:\/\/api.w.org\/{rel}","templated":true}]}}