{"id":204,"date":"2018-07-16T17:11:36","date_gmt":"2018-07-16T20:11:36","guid":{"rendered":"http:\/\/www.nucleoestudo.ufla.br\/hefesto\/?page_id=204"},"modified":"2018-07-16T17:28:48","modified_gmt":"2018-07-16T20:28:48","slug":"oficina-de-edicao-de-textos-e-apresentacao-de-slides","status":"publish","type":"page","link":"http:\/\/www.nucleoestudo.ufla.br\/hefesto\/oficinas\/oficina-de-edicao-de-textos-e-apresentacao-de-slides\/","title":{"rendered":"Oficina de Edi\u00e7\u00e3o de Textos e Apresenta\u00e7\u00e3o de Slides"},"content":{"rendered":"<p style=\"text-align: justify;\">O curso tem como objetivo preparar os estudantes para o ingresso no ambiente academico. Ser\u00e1 tratados os seguintes t\u00f3picos: 1)\u00a0<u>Formata\u00e7\u00e3o de Textos Acad\u00eamicos:<\/u> margens, espa\u00e7amentos, configura\u00e7\u00e3o de p\u00e1ginas, inserir imagens, tabelas, sum\u00e1rio, legendas, refer\u00eancias e revis\u00f5es etc. 2)\u00a0<u>Apresenta\u00e7\u00e3o de trabalhos:<\/u> PowerPoint e Prezi (sequencia, estrutura, designer, organiza\u00e7\u00e3o das id\u00e9ias) 3)\u00a0<u>Ferramentas Colaborativas<\/u>: Google Drive (compartilhando documentos, trabalhando em equipe). 4) Reflex\u00f5es finais sobre o Uso de tecnologias na Educa\u00e7\u00e3o.<\/p>\n","protected":false},"excerpt":{"rendered":"<p>O curso tem como objetivo preparar os estudantes para o ingresso no ambiente academico. Ser\u00e1 tratados os seguintes t\u00f3picos: 1)\u00a0Formata\u00e7\u00e3o de Textos Acad\u00eamicos: margens, espa\u00e7amentos, configura\u00e7\u00e3o de p\u00e1ginas, inserir imagens, tabelas, sum\u00e1rio, legendas, refer\u00eancias e revis\u00f5es etc. 2)\u00a0Apresenta\u00e7\u00e3o de trabalhos: PowerPoint e Prezi (sequencia, estrutura, designer, organiza\u00e7\u00e3o das id\u00e9ias) 3)\u00a0Ferramentas Colaborativas: Google Drive (compartilhando documentos, [&hellip;]<\/p>\n","protected":false},"author":2,"featured_media":0,"parent":128,"menu_order":0,"comment_status":"closed","ping_status":"closed","template":"","meta":{"footnotes":""},"_links":{"self":[{"href":"http:\/\/www.nucleoestudo.ufla.br\/hefesto\/wp-json\/wp\/v2\/pages\/204"}],"collection":[{"href":"http:\/\/www.nucleoestudo.ufla.br\/hefesto\/wp-json\/wp\/v2\/pages"}],"about":[{"href":"http:\/\/www.nucleoestudo.ufla.br\/hefesto\/wp-json\/wp\/v2\/types\/page"}],"author":[{"embeddable":true,"href":"http:\/\/www.nucleoestudo.ufla.br\/hefesto\/wp-json\/wp\/v2\/users\/2"}],"replies":[{"embeddable":true,"href":"http:\/\/www.nucleoestudo.ufla.br\/hefesto\/wp-json\/wp\/v2\/comments?post=204"}],"version-history":[{"count":1,"href":"http:\/\/www.nucleoestudo.ufla.br\/hefesto\/wp-json\/wp\/v2\/pages\/204\/revisions"}],"predecessor-version":[{"id":205,"href":"http:\/\/www.nucleoestudo.ufla.br\/hefesto\/wp-json\/wp\/v2\/pages\/204\/revisions\/205"}],"up":[{"embeddable":true,"href":"http:\/\/www.nucleoestudo.ufla.br\/hefesto\/wp-json\/wp\/v2\/pages\/128"}],"wp:attachment":[{"href":"http:\/\/www.nucleoestudo.ufla.br\/hefesto\/wp-json\/wp\/v2\/media?parent=204"}],"curies":[{"name":"wp","href":"https:\/\/api.w.org\/{rel}","templated":true}]}}