{"id":202,"date":"2018-07-16T17:03:29","date_gmt":"2018-07-16T20:03:29","guid":{"rendered":"http:\/\/www.nucleoestudo.ufla.br\/hefesto\/?page_id=202"},"modified":"2018-07-16T17:03:29","modified_gmt":"2018-07-16T20:03:29","slug":"oficina-de-escrita","status":"publish","type":"page","link":"http:\/\/www.nucleoestudo.ufla.br\/hefesto\/oficinas\/oficina-de-escrita\/","title":{"rendered":"Oficina de Escrita"},"content":{"rendered":"<div>\n<div class=\"dados_atividade\">\n<p style=\"text-align: justify;\">Esta oficina tem o objetivo de desenvolver no alunado de gradua\u00e7\u00e3o e p\u00f3s-gradua\u00e7\u00e3o profici\u00eancia no g\u00eanero de escrita acad\u00eamica. Ser\u00e3o tratados os seguintes itens: 1) o g\u00eanero acad\u00eamico e as diferen\u00e7as em rela\u00e7\u00e3o a outros g\u00eaneros; 2) como ler um texto acad\u00eamico; 3) como produzir textos acad\u00eamicos; 4) ferramentas de escrita acad\u00eamica. No final da oficina espera-se que os participantes dominem melhor as formas de se ler e de se escrever um texto acad\u00eamico. Esta oficina ocorrer\u00e1 \u00e0s quartas, de 15 \u00e0s 16h30, perfazendo o total de 10 encontros.<\/p>\n<\/div>\n<\/div>\n","protected":false},"excerpt":{"rendered":"<p>Esta oficina tem o objetivo de desenvolver no alunado de gradua\u00e7\u00e3o e p\u00f3s-gradua\u00e7\u00e3o profici\u00eancia no g\u00eanero de escrita acad\u00eamica. Ser\u00e3o tratados os seguintes itens: 1) o g\u00eanero acad\u00eamico e as diferen\u00e7as em rela\u00e7\u00e3o a outros g\u00eaneros; 2) como ler um texto acad\u00eamico; 3) como produzir textos acad\u00eamicos; 4) ferramentas de escrita acad\u00eamica. No final da [&hellip;]<\/p>\n","protected":false},"author":2,"featured_media":0,"parent":128,"menu_order":0,"comment_status":"closed","ping_status":"closed","template":"","meta":{"footnotes":""},"_links":{"self":[{"href":"http:\/\/www.nucleoestudo.ufla.br\/hefesto\/wp-json\/wp\/v2\/pages\/202"}],"collection":[{"href":"http:\/\/www.nucleoestudo.ufla.br\/hefesto\/wp-json\/wp\/v2\/pages"}],"about":[{"href":"http:\/\/www.nucleoestudo.ufla.br\/hefesto\/wp-json\/wp\/v2\/types\/page"}],"author":[{"embeddable":true,"href":"http:\/\/www.nucleoestudo.ufla.br\/hefesto\/wp-json\/wp\/v2\/users\/2"}],"replies":[{"embeddable":true,"href":"http:\/\/www.nucleoestudo.ufla.br\/hefesto\/wp-json\/wp\/v2\/comments?post=202"}],"version-history":[{"count":1,"href":"http:\/\/www.nucleoestudo.ufla.br\/hefesto\/wp-json\/wp\/v2\/pages\/202\/revisions"}],"predecessor-version":[{"id":203,"href":"http:\/\/www.nucleoestudo.ufla.br\/hefesto\/wp-json\/wp\/v2\/pages\/202\/revisions\/203"}],"up":[{"embeddable":true,"href":"http:\/\/www.nucleoestudo.ufla.br\/hefesto\/wp-json\/wp\/v2\/pages\/128"}],"wp:attachment":[{"href":"http:\/\/www.nucleoestudo.ufla.br\/hefesto\/wp-json\/wp\/v2\/media?parent=202"}],"curies":[{"name":"wp","href":"https:\/\/api.w.org\/{rel}","templated":true}]}}