{"id":122,"date":"2018-07-16T12:36:48","date_gmt":"2018-07-16T15:36:48","guid":{"rendered":"http:\/\/www.nucleoestudo.ufla.br\/hefesto\/?page_id=122"},"modified":"2018-07-16T16:58:15","modified_gmt":"2018-07-16T19:58:15","slug":"lppi","status":"publish","type":"page","link":"http:\/\/www.nucleoestudo.ufla.br\/hefesto\/lppi\/","title":{"rendered":"LPPI"},"content":{"rendered":"<p style=\"text-align: justify;\">O Laborat\u00f3rio de Pr\u00e1ticas Pedag\u00f3gicas Inovadoras (LPPI), outra ideia j\u00e1 institu\u00edda na UFLA, ser\u00e1 o lugar inicial para as pesquisas e experimenta\u00e7\u00f5es promovidas com base em Hefesto. O LPPI se constituir\u00e1 em uma sala no DED que ser\u00e1 preparada para experimenta\u00e7\u00e3o e pesquisa visando propiciar aos estudantes de p\u00f3s-gradua\u00e7\u00e3o e das licenciaturas imers\u00f5es em ambientes de aprendizagem relacionados \u00e0s tecnologias digitais e seus empregos no campo da educa\u00e7\u00e3o. Como veremos mais a frente, ser\u00e1 nosso segundo projeto de pesquisa a ser desenvolvido no contexto de Hefesto em sua ambienta\u00e7\u00e3o na UFLA.<\/p>\n<p>Para saber mais sobre o LPPI, acesse:\u00a0<a href=\"http:\/\/lppi.ded.ufla.br\/?page_id=85\">http:\/\/lppi.ded.ufla.br\/?page_id=85<\/a><\/p>\n","protected":false},"excerpt":{"rendered":"<p>O Laborat\u00f3rio de Pr\u00e1ticas Pedag\u00f3gicas Inovadoras (LPPI), outra ideia j\u00e1 institu\u00edda na UFLA, ser\u00e1 o lugar inicial para as pesquisas e experimenta\u00e7\u00f5es promovidas com base em Hefesto. O LPPI se constituir\u00e1 em uma sala no DED que ser\u00e1 preparada para experimenta\u00e7\u00e3o e pesquisa visando propiciar aos estudantes de p\u00f3s-gradua\u00e7\u00e3o e das licenciaturas imers\u00f5es em ambientes [&hellip;]<\/p>\n","protected":false},"author":2,"featured_media":0,"parent":0,"menu_order":0,"comment_status":"closed","ping_status":"closed","template":"","meta":{"footnotes":""},"_links":{"self":[{"href":"http:\/\/www.nucleoestudo.ufla.br\/hefesto\/wp-json\/wp\/v2\/pages\/122"}],"collection":[{"href":"http:\/\/www.nucleoestudo.ufla.br\/hefesto\/wp-json\/wp\/v2\/pages"}],"about":[{"href":"http:\/\/www.nucleoestudo.ufla.br\/hefesto\/wp-json\/wp\/v2\/types\/page"}],"author":[{"embeddable":true,"href":"http:\/\/www.nucleoestudo.ufla.br\/hefesto\/wp-json\/wp\/v2\/users\/2"}],"replies":[{"embeddable":true,"href":"http:\/\/www.nucleoestudo.ufla.br\/hefesto\/wp-json\/wp\/v2\/comments?post=122"}],"version-history":[{"count":3,"href":"http:\/\/www.nucleoestudo.ufla.br\/hefesto\/wp-json\/wp\/v2\/pages\/122\/revisions"}],"predecessor-version":[{"id":200,"href":"http:\/\/www.nucleoestudo.ufla.br\/hefesto\/wp-json\/wp\/v2\/pages\/122\/revisions\/200"}],"wp:attachment":[{"href":"http:\/\/www.nucleoestudo.ufla.br\/hefesto\/wp-json\/wp\/v2\/media?parent=122"}],"curies":[{"name":"wp","href":"https:\/\/api.w.org\/{rel}","templated":true}]}}