{"id":116,"date":"2018-07-16T12:35:28","date_gmt":"2018-07-16T15:35:28","guid":{"rendered":"http:\/\/www.nucleoestudo.ufla.br\/hefesto\/?page_id=116"},"modified":"2018-07-16T14:31:54","modified_gmt":"2018-07-16T17:31:54","slug":"estudos-culturais","status":"publish","type":"page","link":"http:\/\/www.nucleoestudo.ufla.br\/hefesto\/areas-de-interesse\/estudos-culturais\/","title":{"rendered":"Estudos Culturais"},"content":{"rendered":"<p style=\"text-align: justify;\">Metodologicamente, nos inspiramos nos Estudos Culturais para que as pesquisas que comp\u00f5em e compor\u00e3o Hefesto possam ser desenvolvidas com diferentes abordagens te\u00f3rico-metodol\u00f3gicas, sem um territ\u00f3rio previamente definido. Os m\u00e9todos n\u00e3o s\u00e3o escolhidos de antem\u00e3o. S\u00e3o selecionados de acordo com a demanda do objeto e do objetivo de pesquisa. A inspira\u00e7\u00e3o nos Estudos Culturais nos permitir\u00e1 caminhar sem um territ\u00f3rio previamente definido.<\/p>\n<p style=\"text-align: justify;\">Em suma, estaremos propensos a abordar tudo aquilo a possibilitar o uso de textos, sons, imagens e v\u00eddeos, m\u00e1quinas e softwares que auxiliam a forma\u00e7\u00e3o do conhecimento, e, al\u00e9m disso, proporcionam ambientes cooperativos, motivadores, colaboradores e interativos para o ensino e a aprendizagem, entendendo-os e contextualizando-os com mais profundidade.<\/p>\n<p style=\"text-align: justify;\"><strong>Projeto:\u00a0<\/strong>T\u00f3picos especiais em Estudos Culturais e Educa\u00e7\u00e3o: experimenta\u00e7\u00f5es e imers\u00f5es<\/p>\n<p style=\"text-align: justify;\"><strong>Breve descri\u00e7\u00e3o:<\/strong>\u00a0Os estudos culturais\u00a0s\u00e3o um campo de investiga\u00e7\u00e3o de car\u00e1ter interdisciplinar que explora as formas de produ\u00e7\u00e3o ou cria\u00e7\u00e3o de significados e de difus\u00e3o dos mesmos nas sociedades atuais. Nessa perspectiva, a cria\u00e7\u00e3o de significado e dos discursos reguladores das pr\u00e1ticas significantes da sociedade revelam o papel apresentado pelo poder na regula\u00e7\u00e3o das atividades cotidianas das forma\u00e7\u00f5es sociais.<sup id=\"cite_ref-1\" class=\"reference\"><\/sup><sup id=\"cite_ref-2\" class=\"reference\"><\/sup>\u00a0Sendo assim, os estudos culturais n\u00e3o se configuram exatamente como uma disciplina distinta, mas sim uma abordagem ampla dentro das disciplinas constitu\u00eddas.<\/p>\n<p>&nbsp;<\/p>\n<p>&nbsp;<\/p>\n","protected":false},"excerpt":{"rendered":"<p>Metodologicamente, nos inspiramos nos Estudos Culturais para que as pesquisas que comp\u00f5em e compor\u00e3o Hefesto possam ser desenvolvidas com diferentes abordagens te\u00f3rico-metodol\u00f3gicas, sem um territ\u00f3rio previamente definido. Os m\u00e9todos n\u00e3o s\u00e3o escolhidos de antem\u00e3o. S\u00e3o selecionados de acordo com a demanda do objeto e do objetivo de pesquisa. A inspira\u00e7\u00e3o nos Estudos Culturais nos permitir\u00e1 [&hellip;]<\/p>\n","protected":false},"author":2,"featured_media":0,"parent":84,"menu_order":0,"comment_status":"closed","ping_status":"closed","template":"","meta":{"footnotes":""},"_links":{"self":[{"href":"http:\/\/www.nucleoestudo.ufla.br\/hefesto\/wp-json\/wp\/v2\/pages\/116"}],"collection":[{"href":"http:\/\/www.nucleoestudo.ufla.br\/hefesto\/wp-json\/wp\/v2\/pages"}],"about":[{"href":"http:\/\/www.nucleoestudo.ufla.br\/hefesto\/wp-json\/wp\/v2\/types\/page"}],"author":[{"embeddable":true,"href":"http:\/\/www.nucleoestudo.ufla.br\/hefesto\/wp-json\/wp\/v2\/users\/2"}],"replies":[{"embeddable":true,"href":"http:\/\/www.nucleoestudo.ufla.br\/hefesto\/wp-json\/wp\/v2\/comments?post=116"}],"version-history":[{"count":4,"href":"http:\/\/www.nucleoestudo.ufla.br\/hefesto\/wp-json\/wp\/v2\/pages\/116\/revisions"}],"predecessor-version":[{"id":169,"href":"http:\/\/www.nucleoestudo.ufla.br\/hefesto\/wp-json\/wp\/v2\/pages\/116\/revisions\/169"}],"up":[{"embeddable":true,"href":"http:\/\/www.nucleoestudo.ufla.br\/hefesto\/wp-json\/wp\/v2\/pages\/84"}],"wp:attachment":[{"href":"http:\/\/www.nucleoestudo.ufla.br\/hefesto\/wp-json\/wp\/v2\/media?parent=116"}],"curies":[{"name":"wp","href":"https:\/\/api.w.org\/{rel}","templated":true}]}}