{"id":102,"date":"2018-07-16T12:31:39","date_gmt":"2018-07-16T15:31:39","guid":{"rendered":"http:\/\/www.nucleoestudo.ufla.br\/hefesto\/?page_id=102"},"modified":"2018-07-16T15:45:30","modified_gmt":"2018-07-16T18:45:30","slug":"neurociencias","status":"publish","type":"page","link":"http:\/\/www.nucleoestudo.ufla.br\/hefesto\/areas-de-interesse\/neurociencias\/","title":{"rendered":"Neuroci\u00eancias"},"content":{"rendered":"<p style=\"text-align: justify;\">Atualmente, percebe-se avan\u00e7os significativos no entendimento de como o c\u00e9rebro aprende, especialmente vindos das discuss\u00f5es da Neuroci\u00eancias. Dentre v\u00e1rias coisas, esses avan\u00e7os permitem cada vez mais, e por novas perspectivas, explicar os efeitos que vem causando nos sujeitos os jogos eletr\u00f4nicos, os aplicativos, os gadgets, os dispositivos, os websites e as mais diversas tecnologias digitais (e os produtos a elas relacionados, que em s\u00edntese, neste projeto s\u00e3o chamados de artefatos tecnol\u00f3gicos). Se levarmos em conta, por um lado, a quantidade de artefatos e tecnologias dispon\u00edveis; de outro, se entendermos que cada sujeito ressignifica de forma espec\u00edfica o que vive, \u00e9 poss\u00edvel deduzir que as formas de aprendizagem v\u00eam se constituindo como mecanismos que cada vez mais se multiplicam.<\/p>\n<p style=\"text-align: justify;\"><strong>Projeto<\/strong>:<\/p>\n<ul style=\"text-align: justify;\">\n<li>Pressupostos Neurocient\u00edficos e suas Conex\u00f5es com as Tecnologias Educacionais<\/li>\n<li>Os estilos de aprendizagem e as tecnologias digitais<\/li>\n<\/ul>\n<p style=\"text-align: justify;\"><strong>Breve descri\u00e7\u00e3o: <\/strong>a\u00a0compreens\u00e3o dos significativos avan\u00e7os das neuroci\u00eancias nas perspectivas que fundamentem um saber pedag\u00f3gico vem se consolidando para apoiar os processos de ensino-aprendizagem. Ao mesmo tempo, a discuss\u00e3o das possibilidades cognitivas das tecnologias digitais com a inten\u00e7\u00e3o de criar um trabalho pensado para o sujeito contextualizado e imerso na cultura contempor\u00e2nea tem se tornado uma necessidade constante no ambiente escolar. Apreender dessa maneira os conhecimentos neurocient\u00edficos \u00e9 importante para as pr\u00e1ticas de ensino, como tamb\u00e9m os poss\u00edveis impactos das tecnologias sobre as pr\u00e1ticas e os m\u00e9todos a serem realizados na sala de aula.<\/p>\n","protected":false},"excerpt":{"rendered":"<p>Atualmente, percebe-se avan\u00e7os significativos no entendimento de como o c\u00e9rebro aprende, especialmente vindos das discuss\u00f5es da Neuroci\u00eancias. Dentre v\u00e1rias coisas, esses avan\u00e7os permitem cada vez mais, e por novas perspectivas, explicar os efeitos que vem causando nos sujeitos os jogos eletr\u00f4nicos, os aplicativos, os gadgets, os dispositivos, os websites e as mais diversas tecnologias digitais [&hellip;]<\/p>\n","protected":false},"author":2,"featured_media":0,"parent":84,"menu_order":0,"comment_status":"closed","ping_status":"closed","template":"","meta":{"footnotes":""},"_links":{"self":[{"href":"http:\/\/www.nucleoestudo.ufla.br\/hefesto\/wp-json\/wp\/v2\/pages\/102"}],"collection":[{"href":"http:\/\/www.nucleoestudo.ufla.br\/hefesto\/wp-json\/wp\/v2\/pages"}],"about":[{"href":"http:\/\/www.nucleoestudo.ufla.br\/hefesto\/wp-json\/wp\/v2\/types\/page"}],"author":[{"embeddable":true,"href":"http:\/\/www.nucleoestudo.ufla.br\/hefesto\/wp-json\/wp\/v2\/users\/2"}],"replies":[{"embeddable":true,"href":"http:\/\/www.nucleoestudo.ufla.br\/hefesto\/wp-json\/wp\/v2\/comments?post=102"}],"version-history":[{"count":3,"href":"http:\/\/www.nucleoestudo.ufla.br\/hefesto\/wp-json\/wp\/v2\/pages\/102\/revisions"}],"predecessor-version":[{"id":182,"href":"http:\/\/www.nucleoestudo.ufla.br\/hefesto\/wp-json\/wp\/v2\/pages\/102\/revisions\/182"}],"up":[{"embeddable":true,"href":"http:\/\/www.nucleoestudo.ufla.br\/hefesto\/wp-json\/wp\/v2\/pages\/84"}],"wp:attachment":[{"href":"http:\/\/www.nucleoestudo.ufla.br\/hefesto\/wp-json\/wp\/v2\/media?parent=102"}],"curies":[{"name":"wp","href":"https:\/\/api.w.org\/{rel}","templated":true}]}}