{"id":84,"date":"2019-06-22T23:12:14","date_gmt":"2019-06-23T02:12:14","guid":{"rendered":"http:\/\/www.nucleoestudo.ufla.br\/forpedi\/?page_id=84"},"modified":"2024-08-13T00:08:42","modified_gmt":"2024-08-13T03:08:42","slug":"publicacoes","status":"publish","type":"page","link":"http:\/\/www.nucleoestudo.ufla.br\/forpedi\/index.php\/publicacoes\/","title":{"rendered":"Publica\u00e7\u00f5es"},"content":{"rendered":"<p>&nbsp;<\/p>\r\n<table width=\"825\">\r\n<tbody>\r\n<tr style=\"text-align: justify;\">\r\n<td>\r\n<div class=\"layout-cell layout-cell-11\"><span class=\"transform\">BRINQUEDOTECA UNIVERSIT\u00c1RIA DO CURSO DE PEDAGOGIA DA UFLA EM TEMPOS DE PANDEMIA: UM OLHAR SOBRE A QUARENTENA BRINCANTE. REVISTA INTERFACES, v. 15, p. 163-184, 2023.<\/span><\/div>\r\n<div><em>Beatriz Maria de Nazar\u00e9 Siqueira, Francine de Paulo Martins Lima<\/em>\u00a0<\/div>\r\n<\/td>\r\n<td><a href=\"https:\/\/publicacoes.uniesp.edu.br\/index.php\/1\/article\/view\/128\">CliqueAquiPara Visualizar<\/a><\/td>\r\n<\/tr>\r\n<tr>\r\n<td>\r\n<p style=\"text-align: justify;\">Pesquisa colaborativa: contextualiza\u00e7\u00f5es, conceptualiza\u00e7\u00f5es, reflex\u00f5es e desenvolvimento profissional da doc\u00eancia. REVISTA ESTUDOS APLICADOS EM EDUCA\u00c7\u00c3O, v. 6, p. 1-17, 2022.<\/p>\r\n<p style=\"text-align: justify;\"><em>Maria da Gra\u00e7a Nicoletti Mizukami, Maria de F\u00e1tima Ramos de Andrade, Francine de Paulo Martins Lima<\/em><\/p>\r\n<\/td>\r\n<td>\r\n<p><a href=\"https:\/\/seer.uscs.edu.br\/index.php\/revista_estudos_aplicados\/article\/view\/8400\">Clique Aqui Para Visualiza<\/a>r<\/p>\r\n<\/td>\r\n<\/tr>\r\n<tr>\r\n<td>\r\n<p>\u00a0Inclus\u00e3o de alunos surdos: desafios e necessidades do docente. Olhar de Profesor, v. 25, p. 1-23, 2022.<\/p>\r\n<p><em>Adelene de Souza, Francine de Paulo Martins Lima<\/em><\/p>\r\n<\/td>\r\n<td><a href=\"https:\/\/revistas.uepg.br\/index.php\/olhardeprofessor\/article\/view\/18457\">Clique Aqui Para Visualizar<\/a><\/td>\r\n<\/tr>\r\n<tr>\r\n<td>\r\n<p>A CONCEP\u00c7\u00c3O DE ESCOLAS CRIATIVAS E SUAS POTENCIALIDADES PARA A FORMA\u00c7\u00c3O PROFISSIONAL E HUMANA DE PROFESSORES. HUMANIDADES &amp; INOVA\u00c7\u00c3O<sup><img decoding=\"async\" id=\"23588322_4\" class=\"ajaxJCR jcrTip\" style=\"background: none 0px 0px repeat scroll transparent; border: 0px none; font-size: 11px; margin: 0px; padding: 0px; outline: none 0px; vertical-align: baseline; text-align: left;\" src=\"https:\/\/buscatextual.cnpq.br\/buscatextual\/images\/curriculo\/jcr.gif\" data-issn=\"23588322\" \/><\/sup>, v. 8, p. 106-123, 2021.<\/p>\r\n<p><em>Joel Bonin, Helena Maria Ferreira, Francine de Paulo Martins Lima, Regilson Maciel Borges<\/em><\/p>\r\n<\/td>\r\n<td><a href=\"https:\/\/revista.unitins.br\/index.php\/humanidadeseinovacao\/article\/view\/5518\">Clique Aqui Para Visualizar<\/a><\/td>\r\n<\/tr>\r\n<tr>\r\n<td>\r\n<p>Di\u00e1rios de forma\u00e7\u00e3o: potencialidades para a amplia\u00e7\u00e3o dos letramentos acad\u00eamicos e pedag\u00f3gicos. REVISTA IBERO-AMERICANA DE ESTUDOS EM EDUCA\u00c7\u00c3O<sup><img decoding=\"async\" id=\"19825587_5\" class=\"ajaxJCR jcrTip\" style=\"background: none 0px 0px repeat scroll transparent; border: 0px none; font-size: 11px; margin: 0px; padding: 0px; outline: none 0px; vertical-align: baseline; text-align: left;\" src=\"https:\/\/buscatextual.cnpq.br\/buscatextual\/images\/curriculo\/jcr.gif\" data-issn=\"19825587\" \/><\/sup>, v. 16, p. 926-939, 2021.<\/p>\r\n<p><em>Helena Maria Ferreira, Francine de Paulo Martins Lima, Gl\u00e1ucia Signorelli<\/em><\/p>\r\n<\/td>\r\n<td><a href=\"https:\/\/periodicos.fclar.unesp.br\/iberoamericana\/article\/view\/14929\">Clique Aqui Para Visualizar<\/a><\/td>\r\n<\/tr>\r\n<tr>\r\n<td>\r\n<p>\u00a0Espa\u00e7o Plural: Marli Andr\u00e9. CADERNOS DE PESQUISA (FUNDA\u00c7\u00c3O CARLOS CHAGAS. ONLINE), v. 51, p. 4-7, 2021.<\/p>\r\n<p>\u00a0<em>Neusa Banhara Ambrosetti, Francine de Paulo Martins Lima<\/em><\/p>\r\n<\/td>\r\n<td><a href=\"https:\/\/publicacoes.fcc.org.br\/cp\/issue\/view\/369\">Clique Aqui Para Visualizar<\/a><\/td>\r\n<\/tr>\r\n<tr>\r\n<td>\r\n<p>Reflex\u00f5es sobre os processos did\u00e1tico-pedag\u00f3gicos na educa\u00e7\u00e3o superior: para al\u00e9m da moda das metodologias ativas. Revista Devir Educa\u00e7\u00e3o, v. 2, p. 149-169, 2020.<\/p>\r\n<p><em> Francine de Paulo Martins Lima, Ronei Ximenes, Helena Maria Frerreira\u00a0<\/em><\/p>\r\n<\/td>\r\n<td><a href=\"https:\/\/devireducacao.ded.ufla.br\/index.php\/DEVIR\/article\/view\/307\">Clique Aqui Para Visualizar<\/a><\/td>\r\n<\/tr>\r\n<tr>\r\n<td>\r\n<p>Formadores de professores: conceito, contextos e perspectivas de atua\u00e7\u00e3o em processos de indu\u00e7\u00e3o \u00e0 doc\u00eancia (Teacher educators: concept, contexts and perspectives of action in teaching induction processes). REVISTA ELETR\u00d4NICA DE EDUCA\u00c7\u00c3O (S\u00c3O CARLOS), v. 14, p. 4263118, 2020.<\/p>\r\n<p><em>Neusa Banhara Ambrosetti, Francine de Paulo Martins Lima, Glaucia Signorelli, Ana Maria Gimenes Corr\u00eaa Calil\u00a0<\/em><\/p>\r\n<\/td>\r\n<td><a href=\"https:\/\/www.reveduc.ufscar.br\/index.php\/reveduc\/article\/view\/4263\">Clique Aqui Para Visualizar<\/a><\/td>\r\n<\/tr>\r\n<tr>\r\n<td>\r\n<p>Editorial da Revista Devir Educa\u00e7\u00e3o. V. 4. N.1. Jan.\/ Jun. 2020<\/p>\r\n<p><em>Francine de Paulo Martins, Amanda Valiengo, Larissa Figueiredo Salmen Seixlack Bulh\u00f5es<\/em><\/p>\r\n<\/td>\r\n<td><a href=\"https:\/\/www.rchunitau.com.br\/index.php\/rch\/article\/view\/544\">Clique Aqui Para Visualizar<\/a><\/td>\r\n<\/tr>\r\n<tr>\r\n<td>\r\n<p>Boletins da ANPEd: das possibilidades de problematiza\u00e7\u00e3o das quest\u00f5es educacionais para al\u00e9m dos espa\u00e7os acad\u00eamicos. REVISTA BRASILEIRA DE EDUCA\u00c7\u00c3O, v. 24, p. 1-21, 2019.\u00a0<span class=\"citado\"><b class=\"label-citacoes\">Cita\u00e7\u00f5es:<\/b><a class=\"citacaoTip\" href=\"https:\/\/www.scopus.com\/inward\/citedby.uri?partnerID=HzOxMe3b&amp;scp=85082819211&amp;origin=inward\" target=\"_blank\" rel=\"noopener\"><img decoding=\"async\" src=\"https:\/\/buscatextual.cnpq.br\/buscatextual\/images\/v2\/scopus.png\" \/><span class=\"numero-citacao\" data-tipo-ordenacao=\"3\">4<\/span><\/a><\/span><\/p>\r\n<p><em>Helena Maria Ferreira, Francine de Paulo Martins Lima, Marco Ant\u00f4nio Villarta-Neder<\/em><\/p>\r\n<\/td>\r\n<td><a href=\"http:\/\/www.scielo.br\/scielo.php?pid=S1413-24782019000100307&amp;script=sci_arttext&amp;tlng=pt\">Clique Aqui Para Visualizar<\/a><\/td>\r\n<\/tr>\r\n<tr>\r\n<td>\r\n<p>A ARTICULA\u00c7\u00c3O ENTRE A EDUCA\u00c7\u00c3O B\u00c1SICA E O ENSINO SUPERIOR: CONTRIBUI\u00c7\u00d5ES DOS MESTRADOS PROFISSIONAIS EM EDUCA\u00c7\u00c3O. REVISTA CI\u00caNCIAS HUMANAS<sup><img decoding=\"async\" id=\"21791120_10\" class=\"ajaxJCR jcrTip\" style=\"background: none 0px 0px repeat scroll transparent; border: 0px none; font-size: 11px; margin: 0px; padding: 0px; outline: none 0px; vertical-align: baseline; text-align: left;\" src=\"https:\/\/buscatextual.cnpq.br\/buscatextual\/images\/curriculo\/jcr.gif\" data-issn=\"21791120\" \/><\/sup>, v. 12, p. 208-220, 2019.\u00a0<span class=\"citado\"><b class=\"label-citacoes\">Cita\u00e7\u00f5es:<\/b><a class=\"citacaoTip\" href=\"https:\/\/www.webofscience.com\/api\/gateway?GWVersion=2&amp;SrcApp=PARTNER_APP&amp;SrcAuth=LinksAMR&amp;KeyUT=WOS:000506352000008&amp;DestLinkType=CitingArticles&amp;DestApp=ALL_WOS&amp;UsrCustomerID=83e8e710a8e621f095e069bfe7c1e2bd\" target=\"_blank\" rel=\"noopener\"><img decoding=\"async\" src=\"https:\/\/buscatextual.cnpq.br\/buscatextual\/images\/v2\/isi.gif\" \/><span class=\"numero-citacao\" data-tipo-ordenacao=\"1\">1<\/span><\/a><\/span><\/p>\r\n<p><em>Francine de Paulo Martins Lima<\/em>, <em>Helena Maria Ferreira,<\/em> <em>Marco Ant\u00f4nio Villarta-Neder<\/em><\/p>\r\n<\/td>\r\n<td><a href=\"https:\/\/www.rchunitau.com.br\/index.php\/rch\/article\/view\/544\">Clique Aqui Para Visualizar<\/a><\/td>\r\n<\/tr>\r\n<tr>\r\n<td>\r\n<p>O papel do outro na constitui\u00e7\u00e3o da profissionalidade de professoras iniciantes. REVISTA ELETR\u00d4NICA DE EDUCA\u00c7\u00c3O (S\u00c3O CARLOS), v. 11, p. 505-520, 2017.<\/p>\r\n<p><em>Marli Andr\u00e9, Ana Maria Gimenes Correa Calil, Francine de Paulo Martins , Marli Am\u00e9lia Lucas Pereira<\/em><\/p>\r\n<\/td>\r\n<td><a href=\"http:\/\/www.reveduc.ufscar.br\/index.php\/reveduc\/article\/view\/2231\">Clique Aqui Para Visualizar<\/a><\/td>\r\n<\/tr>\r\n<tr>\r\n<td>\r\n<p>Dossi\u00ea Tem\u00e1tico: Forma\u00e7\u00e3o docente e pr\u00e1ticas pedag\u00f3gicas &#8211; volume 2<\/p>\r\n<p><em>Francine de Paulo Martins, Amanda Valiengo, Larissa Figueiredo Salmen Seixlack Bulh\u00f5es<\/em><\/p>\r\n<\/td>\r\n<td><a href=\"http:\/\/devireducacao.ded.ufla.br\/index.php\/DEVIR\/issue\/view\/12\">Clique Aqui Para Visualizar<\/a><\/td>\r\n<\/tr>\r\n<\/tbody>\r\n<\/table>\r\n<table width=\"825\">\r\n<tbody>\r\n<tr>\r\n<td>\r\n<p>Dossi\u00ea Tem\u00e1tico: Forma\u00e7\u00e3o docente e pr\u00e1ticas pedag\u00f3gicas \u2013 volume 1<\/p>\r\n<p><em>Francine de Paulo Martins, Amanda Valiengo, Larissa Figueiredo Salmen Seixlack Bulh\u00f5es<\/em><\/p>\r\n<\/td>\r\n<td>\u00a0<a style=\"font-family: inherit; font-size: inherit; background-color: transparent;\" href=\"http:\/\/devireducacao.ded.ufla.br\/index.php\/DEVIR\/issue\/view\/10\">CliqueAqui Para Visualizar<\/a><\/td>\r\n<\/tr>\r\n<tr>\r\n<td>\r\n<p>A avalia\u00e7\u00e3o em quest\u00e3o: elementos para a promo\u00e7\u00e3o dos processos de ensino e de aprendizagem. Educando em Mogi-, v. 72, p. 4, 2016<\/p>\r\n<p><em>Francine de Paulo Martins<\/em><\/p>\r\n<\/td>\r\n<td><a href=\"https:\/\/portal.sme-mogidascruzes.sp.gov.br\/storage\/uploads\/revistas\/educando_em_mogi_072.pdf\">CliqueAqui Para Visualizar<\/a><\/td>\r\n<\/tr>\r\n<tr>\r\n<td>\r\n<p>Atividade docente na educa\u00e7\u00e3o infantil: g\u00eanero e estilo (2012)<br \/><em>Francine de Paulo Martins, Marli Andr\u00e9<\/em><\/p>\r\n<\/td>\r\n<td><a href=\"http:\/\/periodicoscientificos.ufmt.br\/ojs\/index.php\/educacaopublica\/article\/view\/1765\">CliqueAqui Para Visualizar<\/a><\/td>\r\n<\/tr>\r\n<tr>\r\n<td>Cren\u00e7as e concep\u00e7\u00f5es dos licenciandos em Matem\u00e1tica sobre a profiss\u00e3o docente (2012)<br \/><em>Marli Am\u00e9lia Lucas Pereira, Marli Andr\u00e9, Francine de Paulo Martins, Ana Maria Gimenes Correa Calil<\/em><\/td>\r\n<td><a href=\"https:\/\/revformacaodocente.com.br\/index.php\/rbpfp\/article\/view\/67\">CliqueAqui Para Visualizar<\/a><\/td>\r\n<\/tr>\r\n<tr>\r\n<td>Forma\u00e7\u00e3o de Gestoras Escolares: contribui\u00e7\u00f5es te\u00f3rico-pr\u00e1ticas da Psicologia Hist\u00f3rico-Cultural (2017)<br \/><em>Larissa Figueiredo Salmen Seixlack Bulh\u00f5es; Fl\u00e1via Asbahr<\/em><\/td>\r\n<td><a href=\"https:\/\/educere.bruc.com.br\/arquivo\/pdf2017\/24103_12639.pdf\">CliqueAqui Para Visualizar<\/a><\/td>\r\n<\/tr>\r\n<tr>\r\n<td>\u00a0<\/td>\r\n<td>\u00a0<\/td>\r\n<\/tr>\r\n<tr>\r\n<td>\u00a0<\/td>\r\n<td>\u00a0<\/td>\r\n<\/tr>\r\n<tr>\r\n<td>\u00a0<\/td>\r\n<td>\u00a0<\/td>\r\n<\/tr>\r\n<tr>\r\n<td>\r\n<p>&nbsp;<\/p>\r\n<\/td>\r\n<td>\u00a0<\/td>\r\n<\/tr>\r\n<tr>\r\n<td>\u00a0<\/td>\r\n<td>\u00a0<\/td>\r\n<\/tr>\r\n<tr>\r\n<td>\u00a0<\/td>\r\n<td>\u00a0<\/td>\r\n<\/tr>\r\n<tr>\r\n<td>\u00a0<\/td>\r\n<td>\u00a0<\/td>\r\n<\/tr>\r\n<tr>\r\n<td>\u00a0<\/td>\r\n<td>\u00a0<\/td>\r\n<\/tr>\r\n<\/tbody>\r\n<\/table>\r\n","protected":false},"excerpt":{"rendered":"<p>&nbsp; BRINQUEDOTECA UNIVERSIT\u00c1RIA DO CURSO DE PEDAGOGIA DA UFLA EM TEMPOS DE PANDEMIA: UM OLHAR SOBRE A QUARENTENA BRINCANTE. REVISTA INTERFACES, v. 15, p. 163-184, 2023. Beatriz Maria de Nazar\u00e9 Siqueira, Francine de Paulo Martins Lima\u00a0 CliqueAquiPara Visualizar Pesquisa colaborativa: contextualiza\u00e7\u00f5es, conceptualiza\u00e7\u00f5es, reflex\u00f5es e desenvolvimento profissional da doc\u00eancia. REVISTA ESTUDOS APLICADOS EM EDUCA\u00c7\u00c3O, v. 6,&hellip; <br \/> <a class=\"read-more\" href=\"http:\/\/www.nucleoestudo.ufla.br\/forpedi\/index.php\/publicacoes\/\">Leia mais<\/a><\/p>\n","protected":false},"author":6,"featured_media":0,"parent":0,"menu_order":0,"comment_status":"closed","ping_status":"closed","template":"","meta":{"_mi_skip_tracking":false,"_exactmetrics_sitenote_active":false,"_exactmetrics_sitenote_note":"","_exactmetrics_sitenote_category":0,"footnotes":""},"_links":{"self":[{"href":"http:\/\/www.nucleoestudo.ufla.br\/forpedi\/index.php\/wp-json\/wp\/v2\/pages\/84"}],"collection":[{"href":"http:\/\/www.nucleoestudo.ufla.br\/forpedi\/index.php\/wp-json\/wp\/v2\/pages"}],"about":[{"href":"http:\/\/www.nucleoestudo.ufla.br\/forpedi\/index.php\/wp-json\/wp\/v2\/types\/page"}],"author":[{"embeddable":true,"href":"http:\/\/www.nucleoestudo.ufla.br\/forpedi\/index.php\/wp-json\/wp\/v2\/users\/6"}],"replies":[{"embeddable":true,"href":"http:\/\/www.nucleoestudo.ufla.br\/forpedi\/index.php\/wp-json\/wp\/v2\/comments?post=84"}],"version-history":[{"count":23,"href":"http:\/\/www.nucleoestudo.ufla.br\/forpedi\/index.php\/wp-json\/wp\/v2\/pages\/84\/revisions"}],"predecessor-version":[{"id":932,"href":"http:\/\/www.nucleoestudo.ufla.br\/forpedi\/index.php\/wp-json\/wp\/v2\/pages\/84\/revisions\/932"}],"wp:attachment":[{"href":"http:\/\/www.nucleoestudo.ufla.br\/forpedi\/index.php\/wp-json\/wp\/v2\/media?parent=84"}],"curies":[{"name":"wp","href":"https:\/\/api.w.org\/{rel}","templated":true}]}}