{"id":40,"date":"2019-05-29T09:57:47","date_gmt":"2019-05-29T12:57:47","guid":{"rendered":"http:\/\/www.nucleoestudo.ufla.br\/forpedi\/?page_id=40"},"modified":"2023-07-16T20:08:19","modified_gmt":"2023-07-16T23:08:19","slug":"integrantes","status":"publish","type":"page","link":"http:\/\/www.nucleoestudo.ufla.br\/forpedi\/index.php\/integrantes\/","title":{"rendered":"Integrantes"},"content":{"rendered":"\r\n<p><span style=\"color: #000000;\">Atualmente o Grupo FORPEDI \u00e9 coordenado pela Profa. Dra. Francine de Paulo Martins Lima.<\/span><\/p>\r\n<p><span style=\"color: #000000;\">\r\n\r\n<\/span><\/p>\r\n<p style=\"text-align: justify;\"><span style=\"color: #000000;\">O n\u00facleo \u00e9 composto por professores do Departamento de Gest\u00e3o Educacional, Teorias e Pr\u00e1ticas de Ensino, professores pesquisadores parceiros de outras institui\u00e7\u00f5es da Educa\u00e7\u00e3o Superior e da Educa\u00e7\u00e3o B\u00e1sica e estudantes de gradua\u00e7\u00e3o e p\u00f3s gradua\u00e7\u00e3o que colaboram e apoiam na organiza\u00e7\u00e3o, no desenvolvimento e no acompanhamento das a\u00e7\u00f5es do FORPEDI.<\/span><\/p>\r\n<p style=\"padding-left: 40px;\"><strong><span style=\"color: #800000;\">Professores pesquisadores\u00a0<\/span><\/strong><\/p>\r\n\n\t\t<style type=\"text\/css\">\n\t\t\t#gallery-1 {\n\t\t\t\tmargin: auto;\n\t\t\t}\n\t\t\t#gallery-1 .gallery-item {\n\t\t\t\tfloat: left;\n\t\t\t\tmargin-top: 10px;\n\t\t\t\ttext-align: center;\n\t\t\t\twidth: 25%;\n\t\t\t}\n\t\t\t#gallery-1 img {\n\t\t\t\tborder: 2px solid #cfcfcf;\n\t\t\t}\n\t\t\t#gallery-1 .gallery-caption {\n\t\t\t\tmargin-left: 0;\n\t\t\t}\n\t\t\t\/* see gallery_shortcode() in wp-includes\/media.php *\/\n\t\t<\/style>\n\t\t<div id='gallery-1' class='gallery galleryid-40 gallery-columns-4 gallery-size-thumbnail'><dl class='gallery-item'>\n\t\t\t<dt class='gallery-icon portrait'>\n\t\t\t\t<a href='http:\/\/www.nucleoestudo.ufla.br\/forpedi\/wp-content\/uploads\/2023\/07\/WhatsApp-Image-2023-07-16-at-15.22.54.jpeg'><img width=\"150\" height=\"150\" src=\"http:\/\/www.nucleoestudo.ufla.br\/forpedi\/wp-content\/uploads\/2023\/07\/WhatsApp-Image-2023-07-16-at-15.22.54-150x150.jpeg\" class=\"attachment-thumbnail size-thumbnail\" alt=\"\" decoding=\"async\" aria-describedby=\"gallery-1-778\" loading=\"lazy\" \/><\/a>\n\t\t\t<\/dt>\n\t\t\t\t<dd class='wp-caption-text gallery-caption' id='gallery-1-778'>\n\t\t\t\tProfa. Dra. Francine de Paulo Martins Lima \n\t\t\t\t<\/dd><\/dl><dl class='gallery-item'>\n\t\t\t<dt class='gallery-icon portrait'>\n\t\t\t\t<a href='http:\/\/www.nucleoestudo.ufla.br\/forpedi\/wp-content\/uploads\/2023\/07\/WhatsApp-Image-2023-07-16-at-17.20.37-1.jpeg'><img width=\"150\" height=\"150\" src=\"http:\/\/www.nucleoestudo.ufla.br\/forpedi\/wp-content\/uploads\/2023\/07\/WhatsApp-Image-2023-07-16-at-17.20.37-1-150x150.jpeg\" class=\"attachment-thumbnail size-thumbnail\" alt=\"\" decoding=\"async\" aria-describedby=\"gallery-1-790\" loading=\"lazy\" \/><\/a>\n\t\t\t<\/dt>\n\t\t\t\t<dd class='wp-caption-text gallery-caption' id='gallery-1-790'>\n\t\t\t\tProf. Dr. Braian Garrito Veloso \n\t\t\t\t<\/dd><\/dl><dl class='gallery-item'>\n\t\t\t<dt class='gallery-icon portrait'>\n\t\t\t\t<a href='http:\/\/www.nucleoestudo.ufla.br\/forpedi\/wp-content\/uploads\/2023\/07\/WhatsApp-Image-2023-07-16-at-17.20.37.jpeg'><img width=\"150\" height=\"150\" src=\"http:\/\/www.nucleoestudo.ufla.br\/forpedi\/wp-content\/uploads\/2023\/07\/WhatsApp-Image-2023-07-16-at-17.20.37-150x150.jpeg\" class=\"attachment-thumbnail size-thumbnail\" alt=\"\" decoding=\"async\" aria-describedby=\"gallery-1-791\" loading=\"lazy\" \/><\/a>\n\t\t\t<\/dt>\n\t\t\t\t<dd class='wp-caption-text gallery-caption' id='gallery-1-791'>\n\t\t\t\tProfa. Dra. Gl\u00e1ucia Signorelli\n\t\t\t\t<\/dd><\/dl><dl class='gallery-item'>\n\t\t\t<dt class='gallery-icon portrait'>\n\t\t\t\t<a href='http:\/\/www.nucleoestudo.ufla.br\/forpedi\/wp-content\/uploads\/2023\/07\/WhatsApp-Image-2023-07-16-at-19.31.53-1.jpeg'><img width=\"150\" height=\"150\" src=\"http:\/\/www.nucleoestudo.ufla.br\/forpedi\/wp-content\/uploads\/2023\/07\/WhatsApp-Image-2023-07-16-at-19.31.53-1-150x150.jpeg\" class=\"attachment-thumbnail size-thumbnail\" alt=\"\" decoding=\"async\" aria-describedby=\"gallery-1-809\" loading=\"lazy\" srcset=\"http:\/\/www.nucleoestudo.ufla.br\/forpedi\/wp-content\/uploads\/2023\/07\/WhatsApp-Image-2023-07-16-at-19.31.53-1-150x150.jpeg 150w, http:\/\/www.nucleoestudo.ufla.br\/forpedi\/wp-content\/uploads\/2023\/07\/WhatsApp-Image-2023-07-16-at-19.31.53-1-300x300.jpeg 300w, http:\/\/www.nucleoestudo.ufla.br\/forpedi\/wp-content\/uploads\/2023\/07\/WhatsApp-Image-2023-07-16-at-19.31.53-1.jpeg 339w\" sizes=\"(max-width: 150px) 100vw, 150px\" \/><\/a>\n\t\t\t<\/dt>\n\t\t\t\t<dd class='wp-caption-text gallery-caption' id='gallery-1-809'>\n\t\t\t\tProfa. Dra. Amanda Valiengo\n\t\t\t\t<\/dd><\/dl><br style=\"clear: both\" \/>\n\t\t<\/div>\n\r\n<p>&nbsp;<\/p>\r\n<hr \/>\r\n<p style=\"padding-left: 40px;\"><span style=\"color: #800000;\"><strong>\u00a0Pesquisadoras<\/strong><\/span><\/p>\r\n\n\t\t<style type=\"text\/css\">\n\t\t\t#gallery-2 {\n\t\t\t\tmargin: auto;\n\t\t\t}\n\t\t\t#gallery-2 .gallery-item {\n\t\t\t\tfloat: left;\n\t\t\t\tmargin-top: 10px;\n\t\t\t\ttext-align: center;\n\t\t\t\twidth: 25%;\n\t\t\t}\n\t\t\t#gallery-2 img {\n\t\t\t\tborder: 2px solid #cfcfcf;\n\t\t\t}\n\t\t\t#gallery-2 .gallery-caption {\n\t\t\t\tmargin-left: 0;\n\t\t\t}\n\t\t\t\/* see gallery_shortcode() in wp-includes\/media.php *\/\n\t\t<\/style>\n\t\t<div id='gallery-2' class='gallery galleryid-40 gallery-columns-4 gallery-size-thumbnail'><dl class='gallery-item'>\n\t\t\t<dt class='gallery-icon portrait'>\n\t\t\t\t<a href='http:\/\/www.nucleoestudo.ufla.br\/forpedi\/index.php\/integrantes\/captura-de-tela-6\/'><img width=\"150\" height=\"150\" src=\"http:\/\/www.nucleoestudo.ufla.br\/forpedi\/wp-content\/uploads\/2023\/07\/Captura-de-Tela-6-150x150.png\" class=\"attachment-thumbnail size-thumbnail\" alt=\"\" decoding=\"async\" aria-describedby=\"gallery-2-798\" loading=\"lazy\" \/><\/a>\n\t\t\t<\/dt>\n\t\t\t\t<dd class='wp-caption-text gallery-caption' id='gallery-2-798'>\n\t\t\t\tProfa. Ma. L\u00edvia Almeida Passos \n\t\t\t\t<\/dd><\/dl><dl class='gallery-item'>\n\t\t\t<dt class='gallery-icon portrait'>\n\t\t\t\t<a href='http:\/\/www.nucleoestudo.ufla.br\/forpedi\/index.php\/integrantes\/whatsapp-image-2023-07-16-at-17-20-38-1\/'><img width=\"150\" height=\"150\" src=\"http:\/\/www.nucleoestudo.ufla.br\/forpedi\/wp-content\/uploads\/2023\/07\/WhatsApp-Image-2023-07-16-at-17.20.38-1-150x150.jpeg\" class=\"attachment-thumbnail size-thumbnail\" alt=\"\" decoding=\"async\" aria-describedby=\"gallery-2-786\" loading=\"lazy\" srcset=\"http:\/\/www.nucleoestudo.ufla.br\/forpedi\/wp-content\/uploads\/2023\/07\/WhatsApp-Image-2023-07-16-at-17.20.38-1-150x150.jpeg 150w, http:\/\/www.nucleoestudo.ufla.br\/forpedi\/wp-content\/uploads\/2023\/07\/WhatsApp-Image-2023-07-16-at-17.20.38-1-300x300.jpeg 300w, http:\/\/www.nucleoestudo.ufla.br\/forpedi\/wp-content\/uploads\/2023\/07\/WhatsApp-Image-2023-07-16-at-17.20.38-1.jpeg 520w\" sizes=\"(max-width: 150px) 100vw, 150px\" \/><\/a>\n\t\t\t<\/dt>\n\t\t\t\t<dd class='wp-caption-text gallery-caption' id='gallery-2-786'>\n\t\t\t\tProfa. Ma. Kelly Cristina Teixeira Lazarini\n\t\t\t\t<\/dd><\/dl><dl class='gallery-item'>\n\t\t\t<dt class='gallery-icon landscape'>\n\t\t\t\t<a href='http:\/\/www.nucleoestudo.ufla.br\/forpedi\/index.php\/integrantes\/whatsapp-image-2023-07-16-at-17-20-38\/'><img width=\"150\" height=\"150\" src=\"http:\/\/www.nucleoestudo.ufla.br\/forpedi\/wp-content\/uploads\/2023\/07\/WhatsApp-Image-2023-07-16-at-17.20.38-150x150.jpeg\" class=\"attachment-thumbnail size-thumbnail\" alt=\"\" decoding=\"async\" aria-describedby=\"gallery-2-787\" loading=\"lazy\" \/><\/a>\n\t\t\t<\/dt>\n\t\t\t\t<dd class='wp-caption-text gallery-caption' id='gallery-2-787'>\n\t\t\t\tProfa. Ma. Erika Maria de Souza \n\t\t\t\t<\/dd><\/dl><dl class='gallery-item'>\n\t\t\t<dt class='gallery-icon portrait'>\n\t\t\t\t<a href='http:\/\/www.nucleoestudo.ufla.br\/forpedi\/index.php\/integrantes\/professoradanuza-2\/'><img width=\"150\" height=\"150\" src=\"http:\/\/www.nucleoestudo.ufla.br\/forpedi\/wp-content\/uploads\/2023\/07\/professoraDanuza-1-150x150.jpg\" class=\"attachment-thumbnail size-thumbnail\" alt=\"\" decoding=\"async\" aria-describedby=\"gallery-2-800\" loading=\"lazy\" \/><\/a>\n\t\t\t<\/dt>\n\t\t\t\t<dd class='wp-caption-text gallery-caption' id='gallery-2-800'>\n\t\t\t\tProfa. Ma. Danuza Roberta de Pereira Lima\n\t\t\t\t<\/dd><\/dl><br style=\"clear: both\" \/>\n\t\t<\/div>\n\r\n<p>&nbsp;<\/p>\r\n<hr \/>\r\n<p><\/p>\r\n<p style=\"padding-left: 40px;\"><strong><span style=\"color: #800000;\">\u00a0Estudantes do Mestrado Vinculados\u00a0<\/span><\/strong><\/p>\r\n\n\t\t<style type=\"text\/css\">\n\t\t\t#gallery-3 {\n\t\t\t\tmargin: auto;\n\t\t\t}\n\t\t\t#gallery-3 .gallery-item {\n\t\t\t\tfloat: left;\n\t\t\t\tmargin-top: 10px;\n\t\t\t\ttext-align: center;\n\t\t\t\twidth: 33%;\n\t\t\t}\n\t\t\t#gallery-3 img {\n\t\t\t\tborder: 2px solid #cfcfcf;\n\t\t\t}\n\t\t\t#gallery-3 .gallery-caption {\n\t\t\t\tmargin-left: 0;\n\t\t\t}\n\t\t\t\/* see gallery_shortcode() in wp-includes\/media.php *\/\n\t\t<\/style>\n\t\t<div id='gallery-3' class='gallery galleryid-40 gallery-columns-3 gallery-size-thumbnail'><dl class='gallery-item'>\n\t\t\t<dt class='gallery-icon landscape'>\n\t\t\t\t<a href='http:\/\/www.nucleoestudo.ufla.br\/forpedi\/index.php\/integrantes\/whatsapp-image-2023-07-16-at-17-20-37-3\/'><img width=\"150\" height=\"150\" src=\"http:\/\/www.nucleoestudo.ufla.br\/forpedi\/wp-content\/uploads\/2023\/07\/WhatsApp-Image-2023-07-16-at-17.20.37-3-150x150.jpeg\" class=\"attachment-thumbnail size-thumbnail\" alt=\"\" decoding=\"async\" aria-describedby=\"gallery-3-788\" loading=\"lazy\" \/><\/a>\n\t\t\t<\/dt>\n\t\t\t\t<dd class='wp-caption-text gallery-caption' id='gallery-3-788'>\n\t\t\t\tProf. Me. Andr\u00e9 Jos\u00e9 Rodrigues Junior\n\t\t\t\t<\/dd><\/dl><dl class='gallery-item'>\n\t\t\t<dt class='gallery-icon landscape'>\n\t\t\t\t<a href='http:\/\/www.nucleoestudo.ufla.br\/forpedi\/index.php\/integrantes\/whatsapp-image-2023-07-16-at-17-20-37-2\/'><img width=\"150\" height=\"150\" src=\"http:\/\/www.nucleoestudo.ufla.br\/forpedi\/wp-content\/uploads\/2023\/07\/WhatsApp-Image-2023-07-16-at-17.20.37-2-150x150.jpeg\" class=\"attachment-thumbnail size-thumbnail\" alt=\"\" decoding=\"async\" aria-describedby=\"gallery-3-789\" loading=\"lazy\" \/><\/a>\n\t\t\t<\/dt>\n\t\t\t\t<dd class='wp-caption-text gallery-caption' id='gallery-3-789'>\n\t\t\t\tProfa. Nayane Aparecida Souza Prado\n\t\t\t\t<\/dd><\/dl><dl class='gallery-item'>\n\t\t\t<dt class='gallery-icon portrait'>\n\t\t\t\t<a href='http:\/\/www.nucleoestudo.ufla.br\/forpedi\/index.php\/integrantes\/whatsapp-image-2023-07-16-at-18-36-25\/'><img width=\"150\" height=\"150\" src=\"http:\/\/www.nucleoestudo.ufla.br\/forpedi\/wp-content\/uploads\/2023\/07\/WhatsApp-Image-2023-07-16-at-18.36.25-150x150.jpeg\" class=\"attachment-thumbnail size-thumbnail\" alt=\"\" decoding=\"async\" aria-describedby=\"gallery-3-804\" loading=\"lazy\" \/><\/a>\n\t\t\t<\/dt>\n\t\t\t\t<dd class='wp-caption-text gallery-caption' id='gallery-3-804'>\n\t\t\t\tProfa. Beatriz Maria Nazar\u00e9 de Siqueira\n\t\t\t\t<\/dd><\/dl><br style=\"clear: both\" \/><dl class='gallery-item'>\n\t\t\t<dt class='gallery-icon portrait'>\n\t\t\t\t<a href='http:\/\/www.nucleoestudo.ufla.br\/forpedi\/index.php\/integrantes\/captura-de-tela-5\/'><img width=\"150\" height=\"150\" src=\"http:\/\/www.nucleoestudo.ufla.br\/forpedi\/wp-content\/uploads\/2023\/07\/Captura-de-Tela-5-150x150.png\" class=\"attachment-thumbnail size-thumbnail\" alt=\"\" decoding=\"async\" aria-describedby=\"gallery-3-797\" loading=\"lazy\" \/><\/a>\n\t\t\t<\/dt>\n\t\t\t\t<dd class='wp-caption-text gallery-caption' id='gallery-3-797'>\n\t\t\t\tProfa. Patr\u00edcia de Carvalho Pereira Martins\n\t\t\t\t<\/dd><\/dl><dl class='gallery-item'>\n\t\t\t<dt class='gallery-icon landscape'>\n\t\t\t\t<a href='http:\/\/www.nucleoestudo.ufla.br\/forpedi\/index.php\/integrantes\/captura-de-tela-4\/'><img width=\"150\" height=\"150\" src=\"http:\/\/www.nucleoestudo.ufla.br\/forpedi\/wp-content\/uploads\/2023\/07\/Captura-de-Tela-4-150x150.png\" class=\"attachment-thumbnail size-thumbnail\" alt=\"\" decoding=\"async\" aria-describedby=\"gallery-3-795\" loading=\"lazy\" srcset=\"http:\/\/www.nucleoestudo.ufla.br\/forpedi\/wp-content\/uploads\/2023\/07\/Captura-de-Tela-4-150x150.png 150w, http:\/\/www.nucleoestudo.ufla.br\/forpedi\/wp-content\/uploads\/2023\/07\/Captura-de-Tela-4.png 268w\" sizes=\"(max-width: 150px) 100vw, 150px\" \/><\/a>\n\t\t\t<\/dt>\n\t\t\t\t<dd class='wp-caption-text gallery-caption' id='gallery-3-795'>\n\t\t\t\tProfa. Catia Cec\u00edlia dos Santos Romualdo\n\t\t\t\t<\/dd><\/dl><dl class='gallery-item'>\n\t\t\t<dt class='gallery-icon portrait'>\n\t\t\t\t<a href='http:\/\/www.nucleoestudo.ufla.br\/forpedi\/index.php\/integrantes\/captura-de-tela-7\/'><img width=\"150\" height=\"150\" src=\"http:\/\/www.nucleoestudo.ufla.br\/forpedi\/wp-content\/uploads\/2023\/07\/Captura-de-Tela-7-150x150.png\" class=\"attachment-thumbnail size-thumbnail\" alt=\"\" decoding=\"async\" aria-describedby=\"gallery-3-799\" loading=\"lazy\" \/><\/a>\n\t\t\t<\/dt>\n\t\t\t\t<dd class='wp-caption-text gallery-caption' id='gallery-3-799'>\n\t\t\t\tProfa. Cleunice Cristina da Silva\n\t\t\t\t<\/dd><\/dl><br style=\"clear: both\" \/><dl class='gallery-item'>\n\t\t\t<dt class='gallery-icon portrait'>\n\t\t\t\t<a href='http:\/\/www.nucleoestudo.ufla.br\/forpedi\/index.php\/integrantes\/captura-de-tela-8\/'><img width=\"150\" height=\"150\" src=\"http:\/\/www.nucleoestudo.ufla.br\/forpedi\/wp-content\/uploads\/2023\/07\/Captura-de-Tela-8-150x150.png\" class=\"attachment-thumbnail size-thumbnail\" alt=\"\" decoding=\"async\" aria-describedby=\"gallery-3-796\" loading=\"lazy\" \/><\/a>\n\t\t\t<\/dt>\n\t\t\t\t<dd class='wp-caption-text gallery-caption' id='gallery-3-796'>\n\t\t\t\tProfa. Thays Cristina Aleixo Silveira\n\t\t\t\t<\/dd><\/dl><dl class='gallery-item'>\n\t\t\t<dt class='gallery-icon portrait'>\n\t\t\t\t<a href='http:\/\/www.nucleoestudo.ufla.br\/forpedi\/index.php\/integrantes\/captura-de-tela-10\/'><img width=\"150\" height=\"150\" src=\"http:\/\/www.nucleoestudo.ufla.br\/forpedi\/wp-content\/uploads\/2023\/07\/Captura-de-Tela-10-150x150.png\" class=\"attachment-thumbnail size-thumbnail\" alt=\"\" decoding=\"async\" aria-describedby=\"gallery-3-805\" loading=\"lazy\" \/><\/a>\n\t\t\t<\/dt>\n\t\t\t\t<dd class='wp-caption-text gallery-caption' id='gallery-3-805'>\n\t\t\t\tProfa. M\u00e1rcia Maria Esp\u00edndola Gon\u00e7alves\n\t\t\t\t<\/dd><\/dl><dl class='gallery-item'>\n\t\t\t<dt class='gallery-icon landscape'>\n\t\t\t\t<a href='http:\/\/www.nucleoestudo.ufla.br\/forpedi\/index.php\/integrantes\/whatsapp-image-2023-07-16-at-18-10-37\/'><img width=\"150\" height=\"150\" src=\"http:\/\/www.nucleoestudo.ufla.br\/forpedi\/wp-content\/uploads\/2023\/07\/WhatsApp-Image-2023-07-16-at-18.10.37-150x150.jpeg\" class=\"attachment-thumbnail size-thumbnail\" alt=\"\" decoding=\"async\" aria-describedby=\"gallery-3-801\" loading=\"lazy\" \/><\/a>\n\t\t\t<\/dt>\n\t\t\t\t<dd class='wp-caption-text gallery-caption' id='gallery-3-801'>\n\t\t\t\tProfa. Priscila Fernanda da Costa Garcia\n\t\t\t\t<\/dd><\/dl><br style=\"clear: both\" \/><dl class='gallery-item'>\n\t\t\t<dt class='gallery-icon landscape'>\n\t\t\t\t<a href='http:\/\/www.nucleoestudo.ufla.br\/forpedi\/index.php\/integrantes\/whatsapp-image-2023-07-16-at-19-41-41\/'><img width=\"150\" height=\"150\" src=\"http:\/\/www.nucleoestudo.ufla.br\/forpedi\/wp-content\/uploads\/2023\/07\/WhatsApp-Image-2023-07-16-at-19.41.41-150x150.jpeg\" class=\"attachment-thumbnail size-thumbnail\" alt=\"\" decoding=\"async\" aria-describedby=\"gallery-3-811\" loading=\"lazy\" srcset=\"http:\/\/www.nucleoestudo.ufla.br\/forpedi\/wp-content\/uploads\/2023\/07\/WhatsApp-Image-2023-07-16-at-19.41.41-150x150.jpeg 150w, http:\/\/www.nucleoestudo.ufla.br\/forpedi\/wp-content\/uploads\/2023\/07\/WhatsApp-Image-2023-07-16-at-19.41.41-300x298.jpeg 300w, http:\/\/www.nucleoestudo.ufla.br\/forpedi\/wp-content\/uploads\/2023\/07\/WhatsApp-Image-2023-07-16-at-19.41.41.jpeg 540w\" sizes=\"(max-width: 150px) 100vw, 150px\" \/><\/a>\n\t\t\t<\/dt>\n\t\t\t\t<dd class='wp-caption-text gallery-caption' id='gallery-3-811'>\n\t\t\t\tProfa. Tha\u00eds Aparecida de Carvalho Milagres da Paz\n\t\t\t\t<\/dd><\/dl><dl class='gallery-item'>\n\t\t\t<dt class='gallery-icon portrait'>\n\t\t\t\t<a href='http:\/\/www.nucleoestudo.ufla.br\/forpedi\/index.php\/integrantes\/whatsapp-image-2023-07-16-at-19-41-40\/'><img width=\"150\" height=\"150\" src=\"http:\/\/www.nucleoestudo.ufla.br\/forpedi\/wp-content\/uploads\/2023\/07\/WhatsApp-Image-2023-07-16-at-19.41.40-150x150.jpeg\" class=\"attachment-thumbnail size-thumbnail\" alt=\"\" decoding=\"async\" aria-describedby=\"gallery-3-812\" loading=\"lazy\" \/><\/a>\n\t\t\t<\/dt>\n\t\t\t\t<dd class='wp-caption-text gallery-caption' id='gallery-3-812'>\n\t\t\t\tProfa. Deisiany Luly Gon\u00e7alves\n\t\t\t\t<\/dd><\/dl>\n\t\t\t<br style='clear: both' \/>\n\t\t<\/div>\n","protected":false},"excerpt":{"rendered":"<p>Atualmente o Grupo FORPEDI \u00e9 coordenado pela Profa. Dra. Francine de Paulo Martins Lima. O n\u00facleo \u00e9 composto por professores do Departamento de Gest\u00e3o Educacional, Teorias e Pr\u00e1ticas de Ensino, professores pesquisadores parceiros de outras institui\u00e7\u00f5es da Educa\u00e7\u00e3o Superior e da Educa\u00e7\u00e3o B\u00e1sica e estudantes de gradua\u00e7\u00e3o e p\u00f3s gradua\u00e7\u00e3o que colaboram e apoiam na&hellip; <br \/> <a class=\"read-more\" href=\"http:\/\/www.nucleoestudo.ufla.br\/forpedi\/index.php\/integrantes\/\">Leia mais<\/a><\/p>\n","protected":false},"author":1,"featured_media":0,"parent":0,"menu_order":0,"comment_status":"closed","ping_status":"closed","template":"","meta":{"_mi_skip_tracking":false,"_exactmetrics_sitenote_active":false,"_exactmetrics_sitenote_note":"","_exactmetrics_sitenote_category":0,"footnotes":""},"_links":{"self":[{"href":"http:\/\/www.nucleoestudo.ufla.br\/forpedi\/index.php\/wp-json\/wp\/v2\/pages\/40"}],"collection":[{"href":"http:\/\/www.nucleoestudo.ufla.br\/forpedi\/index.php\/wp-json\/wp\/v2\/pages"}],"about":[{"href":"http:\/\/www.nucleoestudo.ufla.br\/forpedi\/index.php\/wp-json\/wp\/v2\/types\/page"}],"author":[{"embeddable":true,"href":"http:\/\/www.nucleoestudo.ufla.br\/forpedi\/index.php\/wp-json\/wp\/v2\/users\/1"}],"replies":[{"embeddable":true,"href":"http:\/\/www.nucleoestudo.ufla.br\/forpedi\/index.php\/wp-json\/wp\/v2\/comments?post=40"}],"version-history":[{"count":14,"href":"http:\/\/www.nucleoestudo.ufla.br\/forpedi\/index.php\/wp-json\/wp\/v2\/pages\/40\/revisions"}],"predecessor-version":[{"id":816,"href":"http:\/\/www.nucleoestudo.ufla.br\/forpedi\/index.php\/wp-json\/wp\/v2\/pages\/40\/revisions\/816"}],"wp:attachment":[{"href":"http:\/\/www.nucleoestudo.ufla.br\/forpedi\/index.php\/wp-json\/wp\/v2\/media?parent=40"}],"curies":[{"name":"wp","href":"https:\/\/api.w.org\/{rel}","templated":true}]}}