{"id":1067,"date":"2025-10-01T09:56:56","date_gmt":"2025-10-01T12:56:56","guid":{"rendered":"http:\/\/www.nucleoestudo.ufla.br\/forpedi\/?page_id=1067"},"modified":"2025-10-01T10:15:25","modified_gmt":"2025-10-01T13:15:25","slug":"sala-e-sessao-dos-trabalhos-aprovados","status":"publish","type":"page","link":"http:\/\/www.nucleoestudo.ufla.br\/forpedi\/index.php\/iii-comeduc-inscreva-se\/sala-e-sessao-dos-trabalhos-aprovados\/","title":{"rendered":"Sala e sess\u00e3o dos trabalhos aprovados"},"content":{"rendered":"<h3 style=\"text-align: center;\"><span style=\"color: #003366;\">III Encontro de debates\u00a0<em>COM<\/em> a Educa\u00e7\u00e3o B\u00e1sica e I Encontro <em>COM<\/em> Professores\/as Iniciantes<\/span><\/h3>\n<p style=\"text-align: center;\"><span style=\"color: #333399;\"><strong>III ComEduc e I EPRINC<\/strong><\/span><\/p>\n<h4 style=\"text-align: center;\"><span style=\"color: #003366;\"><em>TEMA &#8211; <strong>\u201cO trabalho docente e a gest\u00e3o escolar na contemporaneidade: contextos, dilemas e perspectivas\u201d<\/strong><\/em><\/span><\/h4>\n<p>&nbsp;<\/p>\n<p>A sess\u00e3o e a sala de apresenta\u00e7\u00e3o dos trabalhos aprovados j\u00e1 est\u00e3o dispon\u00edveis. \u00c9 s\u00f3 clicar no link abaixo. Qualquer d\u00favida entre em contato pelo email:<span style=\"color: #3366ff;\"> comeduc.forpedi@gmail.com<\/span><\/p>\n<p><span style=\"color: #800080;\"><a style=\"color: #800080;\" href=\"https:\/\/docs.google.com\/spreadsheets\/d\/1j6d9rRXhy1_DoItxXXZjgEYsmtkMOnRF\/edit?gid=1569840240#gid=1569840240\"><strong>\u00a0CLIQUE AQUI E CONSULTE SESS\u00c3O E SALA DE APRESENTA\u00c7\u00c3O DOS TRABALHOS APROVADOS<\/strong><\/a><\/span><\/p>\n<p>&nbsp;<\/p>\n","protected":false},"excerpt":{"rendered":"<p>III Encontro de debates\u00a0COM a Educa\u00e7\u00e3o B\u00e1sica e I Encontro COM Professores\/as Iniciantes III ComEduc e I EPRINC TEMA &#8211; \u201cO trabalho docente e a gest\u00e3o escolar na contemporaneidade: contextos, dilemas e perspectivas\u201d &nbsp; A sess\u00e3o e a sala de apresenta\u00e7\u00e3o dos trabalhos aprovados j\u00e1 est\u00e3o dispon\u00edveis. \u00c9 s\u00f3 clicar no link abaixo. Qualquer d\u00favida&hellip; <br \/> <a class=\"read-more\" href=\"http:\/\/www.nucleoestudo.ufla.br\/forpedi\/index.php\/iii-comeduc-inscreva-se\/sala-e-sessao-dos-trabalhos-aprovados\/\">Leia mais<\/a><\/p>\n","protected":false},"author":8,"featured_media":0,"parent":969,"menu_order":0,"comment_status":"closed","ping_status":"closed","template":"","meta":{"_mi_skip_tracking":false,"_exactmetrics_sitenote_active":false,"_exactmetrics_sitenote_note":"","_exactmetrics_sitenote_category":0,"footnotes":""},"_links":{"self":[{"href":"http:\/\/www.nucleoestudo.ufla.br\/forpedi\/index.php\/wp-json\/wp\/v2\/pages\/1067"}],"collection":[{"href":"http:\/\/www.nucleoestudo.ufla.br\/forpedi\/index.php\/wp-json\/wp\/v2\/pages"}],"about":[{"href":"http:\/\/www.nucleoestudo.ufla.br\/forpedi\/index.php\/wp-json\/wp\/v2\/types\/page"}],"author":[{"embeddable":true,"href":"http:\/\/www.nucleoestudo.ufla.br\/forpedi\/index.php\/wp-json\/wp\/v2\/users\/8"}],"replies":[{"embeddable":true,"href":"http:\/\/www.nucleoestudo.ufla.br\/forpedi\/index.php\/wp-json\/wp\/v2\/comments?post=1067"}],"version-history":[{"count":5,"href":"http:\/\/www.nucleoestudo.ufla.br\/forpedi\/index.php\/wp-json\/wp\/v2\/pages\/1067\/revisions"}],"predecessor-version":[{"id":1075,"href":"http:\/\/www.nucleoestudo.ufla.br\/forpedi\/index.php\/wp-json\/wp\/v2\/pages\/1067\/revisions\/1075"}],"up":[{"embeddable":true,"href":"http:\/\/www.nucleoestudo.ufla.br\/forpedi\/index.php\/wp-json\/wp\/v2\/pages\/969"}],"wp:attachment":[{"href":"http:\/\/www.nucleoestudo.ufla.br\/forpedi\/index.php\/wp-json\/wp\/v2\/media?parent=1067"}],"curies":[{"name":"wp","href":"https:\/\/api.w.org\/{rel}","templated":true}]}}