{"id":11,"date":"2018-02-22T11:03:53","date_gmt":"2018-02-22T14:03:53","guid":{"rendered":"http:\/\/www.nucleoestudo.ufla.br\/biotec\/?page_id=11"},"modified":"2022-05-04T07:37:42","modified_gmt":"2022-05-04T10:37:42","slug":"sobre","status":"publish","type":"page","link":"http:\/\/www.nucleoestudo.ufla.br\/biotec\/","title":{"rendered":"Sobre"},"content":{"rendered":"<p>O N\u00facleo de Estudo em Biotecnologia Vegetal tamb\u00e9m denominado BIOTEC, fundado em outubro de 2015, constitui-se de uma sociedade civil, apartid\u00e1ria e sem fins lucrativos, e \u00e9 parte integrada do Programa de P\u00f3s-Gradua\u00e7\u00e3o em Biotecnologia da Universidade Federal de Lavras, ambos com sede na cidade de Lavras-MG.<\/p>\n<p><span style=\"font-size: 1rem;\">O BIOTEC congrega\u00a0<\/span><span style=\"font-size: 1rem;\">alunos de mestrado e doutorado do Programa de P\u00f3s-Gradua\u00e7\u00e3o em Biotecnologia Vegetal<\/span><span style=\"font-size: 1rem;\">\u00a0<\/span><span style=\"font-size: 1rem;\">da Universidade Federal de Lavras (UFLA)<\/span><span style=\"font-size: 1rem;\">, para a gera\u00e7\u00e3o de conhecimento cient\u00edfico e pr\u00e1tica extensiva.<\/span><\/p>\n","protected":false},"excerpt":{"rendered":"<p>O N\u00facleo de Estudo em Biotecnologia Vegetal tamb\u00e9m denominado BIOTEC, fundado em outubro de 2015, constitui-se de uma sociedade civil, apartid\u00e1ria e sem fins lucrativos, e \u00e9 parte integrada do Programa de P\u00f3s-Gradua\u00e7\u00e3o em Biotecnologia da Universidade Federal de Lavras, ambos com sede na cidade de Lavras-MG. O BIOTEC congrega\u00a0alunos de mestrado e doutorado do &hellip; <\/p>\n<p class=\"link-more\"><a href=\"http:\/\/www.nucleoestudo.ufla.br\/biotec\/\" class=\"more-link\">Continue lendo<span class=\"screen-reader-text\"> &#8220;Sobre&#8221;<\/span><\/a><\/p>\n","protected":false},"author":1,"featured_media":0,"parent":0,"menu_order":0,"comment_status":"closed","ping_status":"closed","template":"","meta":[],"_links":{"self":[{"href":"http:\/\/www.nucleoestudo.ufla.br\/biotec\/wp-json\/wp\/v2\/pages\/11"}],"collection":[{"href":"http:\/\/www.nucleoestudo.ufla.br\/biotec\/wp-json\/wp\/v2\/pages"}],"about":[{"href":"http:\/\/www.nucleoestudo.ufla.br\/biotec\/wp-json\/wp\/v2\/types\/page"}],"author":[{"embeddable":true,"href":"http:\/\/www.nucleoestudo.ufla.br\/biotec\/wp-json\/wp\/v2\/users\/1"}],"replies":[{"embeddable":true,"href":"http:\/\/www.nucleoestudo.ufla.br\/biotec\/wp-json\/wp\/v2\/comments?post=11"}],"version-history":[{"count":5,"href":"http:\/\/www.nucleoestudo.ufla.br\/biotec\/wp-json\/wp\/v2\/pages\/11\/revisions"}],"predecessor-version":[{"id":325,"href":"http:\/\/www.nucleoestudo.ufla.br\/biotec\/wp-json\/wp\/v2\/pages\/11\/revisions\/325"}],"wp:attachment":[{"href":"http:\/\/www.nucleoestudo.ufla.br\/biotec\/wp-json\/wp\/v2\/media?parent=11"}],"curies":[{"name":"wp","href":"https:\/\/api.w.org\/{rel}","templated":true}]}}