{"id":93,"date":"2014-11-19T17:47:35","date_gmt":"2014-11-19T17:47:35","guid":{"rendered":"http:\/\/www.dbi.ufla.br\/biologiacelular\/?page_id=93"},"modified":"2024-11-08T17:31:55","modified_gmt":"2024-11-08T17:31:55","slug":"teses-de-doutorado","status":"publish","type":"page","link":"http:\/\/www.nucleoestudo.ufla.br\/biologiacelular\/egressos\/teses-de-doutorado\/","title":{"rendered":"Doutores"},"content":{"rendered":"<table>\n<tbody>\n<tr>\n<td>\n<h6>Ano<\/h6>\n<\/td>\n<td width=\"121\">\n<h6>Nome<\/h6>\n<\/td>\n<td width=\"293\">\n<h6>T\u00edtulo do trabalho<\/h6>\n<\/td>\n<td width=\"121\">\n<h6>Orientador<\/h6>\n<\/td>\n<\/tr>\n<tr>\n<td>\n<h6>2024<\/h6>\n<\/td>\n<td width=\"121\">\n<h6>Bruna Nat\u00e1lia Veloso dos Santos<\/h6>\n<\/td>\n<td width=\"293\">\n<h6>An\u00e1lise Citogen\u00f4mica no complexo\u00a0 &#8216;humidicola&#8217; de Urochloa.<\/h6>\n<\/td>\n<td width=\"121\">\n<h6>V\u00e2nia Helena Techio<\/h6>\n<\/td>\n<\/tr>\n<tr>\n<td>\n<h6>2023<\/h6>\n<\/td>\n<td width=\"121\">\n<h6>Liliana Rocivalda Gomes Leit\u00e3o<\/h6>\n<\/td>\n<td width=\"293\">\n<h6>RELA\u00c7\u00d5ES GEN\u00d4MICAS ENTRE TR\u00caS ESP\u00c9CIES NATIVAS DE <em>Piper<\/em> L.: ELEMENTOS REPETITIVOS E FILOGENIA MOLECULAR.<\/h6>\n<\/td>\n<td width=\"121\">\n<h6>Giovana Augusta Torres<\/h6>\n<\/td>\n<\/tr>\n<tr>\n<td>\n<h6>2023<\/h6>\n<\/td>\n<td width=\"121\">\n<h6>Caio Tulio Rodrigues Correa<\/h6>\n<\/td>\n<td width=\"293\">\n<h6>An\u00e1lise gen\u00f4mica comparativa em Urochloa.<\/h6>\n<\/td>\n<td width=\"121\">\n<h6>V\u00e2nia Helena Techio<\/h6>\n<\/td>\n<\/tr>\n<tr>\n<td>\n<h6>2022<\/h6>\n<\/td>\n<td width=\"121\">\n<h6>Yasmin Dutra Santos<\/h6>\n<\/td>\n<td width=\"293\">\n<h6>Aspectos citogen\u00e9ticos e gen\u00f4micos de esp\u00e9cies silvestres do Complexo Lolium-Festuca.<\/h6>\n<\/td>\n<td width=\"121\">\n<h6>V\u00e2nia Helena Techio<\/h6>\n<\/td>\n<\/tr>\n<tr>\n<td>\n<h6>2022<\/h6>\n<\/td>\n<td width=\"121\">\n<h6>Isabella de Campos Moraes<\/h6>\n<\/td>\n<td width=\"293\">\n<h6>Citogen\u00e9tica de h\u00edbridos interespec\u00edficos interploides e aneuploide do complexo brizantha (Urochloa P. Beauv.).<\/h6>\n<\/td>\n<td width=\"121\">\n<h6>V\u00e2nia Helena Techio<\/h6>\n<\/td>\n<\/tr>\n<tr>\n<td>\n<h6>2021<\/h6>\n<\/td>\n<td width=\"121\">\n<h6>Thaise da Silva Souza<\/h6>\n<\/td>\n<td width=\"293\">\n<h6>Potential fo use of polyploidy in Eucalyptus breeding programs.<\/h6>\n<\/td>\n<td width=\"121\">\n<h6>V\u00e2nia Helena Techio<\/h6>\n<\/td>\n<\/tr>\n<tr>\n<td>\n<h6>2021<\/h6>\n<\/td>\n<td width=\"121\">\n<h6>Marco Tulio Mendes Ferreira<\/h6>\n<\/td>\n<td width=\"293\">\n<h6>Cytogenetics of native species of Festuca, Crossover analyses and chromatid interference in Festulolium.<\/h6>\n<\/td>\n<td width=\"121\">\n<h6>V\u00e2nia Helena Techio<\/h6>\n<\/td>\n<\/tr>\n<tr>\n<td>\n<h6>2020<\/h6>\n<\/td>\n<td width=\"121\">\n<h6>Mara Jane da Rocha<\/h6>\n<\/td>\n<td width=\"293\">\n<h6>Express\u00e3o de genes relacionados \u00e0 apomixia ao longo do desenvolvimento reprodutivo em Urochloa decumbens e Urochloa ruziziensis (POACEAE).<\/h6>\n<\/td>\n<td width=\"121\">\n<h6>V\u00e2nia Helena Techio<\/h6>\n<\/td>\n<\/tr>\n<tr>\n<td>\n<h6>2019<\/h6>\n<\/td>\n<td width=\"121\">\n<h6>Graciele Lurdes Silveira<\/h6>\n<\/td>\n<td width=\"293\">\n<h6>Aspectos morfol\u00f3gicos e citogen\u00e9ticos de esp\u00e9cies de Vochysiaceae A. St.-Hil. de um fragmento de cerrado no Estado de Mato Grosso.<\/h6>\n<\/td>\n<td width=\"121\">\n<h6>Larissa Fonseca Andrade Vieira<\/h6>\n<\/td>\n<\/tr>\n<tr>\n<td>\n<h6>2018<\/h6>\n<\/td>\n<td width=\"121\">\n<h6>Guilherme Tomaz Braz<\/h6>\n<\/td>\n<td width=\"293\">\n<h6><strong>Chromosome identification and comparative molecular cytogenetic mapping based on Oligo-FISH in model plants <\/strong><a href=\"http:\/\/repositorio.ufla.br\/bitstream\/1\/30346\/2\/TESE_Chromosome%20identification%20and%20comparative%20molecular%20cytogenetic%20mapping%20based%20on%20oligo-fish%20in%20model%20plants.pdf\"><img loading=\"lazy\" class=\"alignnone size-full wp-image-119\" src=\"http:\/\/www.nucleoestudo.ufla.br\/biologiacelular\/wp-content\/uploads\/2014\/10\/filetype_pdf-1.png\" alt=\"\" width=\"32\" height=\"32\" \/><\/a><\/h6>\n<\/td>\n<td width=\"121\">\n<h6>Giovana Augusta Torres<\/h6>\n<\/td>\n<\/tr>\n<tr>\n<td>\n<h6>2018<\/h6>\n<\/td>\n<td width=\"121\">\n<h6>Raquel Bezerra Chiavegatto<\/h6>\n<\/td>\n<td width=\"293\">\n<h6>Karyotype evolution in Eleusininae Dumort. (Poaceae, Chloridoideae, Cynodonteae): a phylogenetic and cytogenetic approach focussing on the genus <em>Cynodon<\/em> Rich. <a href=\"http:\/\/repositorio.ufla.br\/bitstream\/1\/30132\/2\/TESE_Karyotype%20evolution%20in%20Eleusininae%20Dumort.%20%28Poaceae%2c%20Chloridoideae%2c%20Cynodonteae%29%20a%20phylogenetic%20and%20cytogenetic%20appr.pdf\"><img loading=\"lazy\" class=\"alignnone size-full wp-image-119\" src=\"http:\/\/www.nucleoestudo.ufla.br\/biologiacelular\/wp-content\/uploads\/2014\/10\/filetype_pdf-1.png\" alt=\"\" width=\"32\" height=\"32\" \/><\/a><\/h6>\n<\/td>\n<td width=\"121\">\n<h6>V\u00e2nia Helena Techio<\/h6>\n<\/td>\n<\/tr>\n<tr>\n<td>\n<h6>2016<\/h6>\n<\/td>\n<td width=\"121\">\n<h6>Gabriela Barreto dos Reis<\/h6>\n<\/td>\n<td width=\"293\">\n<h6>Mecanismos da elimina\u00e7\u00e3o cromoss\u00f4mica em h\u00edbridos de <em>Pennisetum purpureum<\/em> e <em>P. Glaucum<\/em> e rela\u00e7\u00f5es gen\u00f4micas em <em>Pennisetum<\/em> spp. <a href=\"http:\/\/repositorio.ufla.br\/bitstream\/1\/11865\/1\/TESE_Mecanismos%20da%20elimina%c3%a7%c3%a3o%20cromoss%c3%b4mica%20em%20h%c3%adbridos%20de%20Pennisetum%20purpureum%20e%20P.%20Glaucum%20e%20rela%c3%a7%c3%b5es%20gen%c3%b4micas%20em%20Pennisetum%20spp..pdf\"><img loading=\"lazy\" class=\"alignnone size-full wp-image-119\" src=\"http:\/\/www.nucleoestudo.ufla.br\/biologiacelular\/wp-content\/uploads\/2014\/10\/filetype_pdf-1.png\" alt=\"\" width=\"32\" height=\"32\" \/><\/a><\/h6>\n<\/td>\n<td width=\"121\">\n<h6>Lisete Chamma Davide<\/h6>\n<\/td>\n<\/tr>\n<tr>\n<td>\n<h6>2016<\/h6>\n<\/td>\n<td width=\"121\">\n<h6>Nat\u00e1lia Padilha de Oliveira<\/h6>\n<\/td>\n<td width=\"293\">\n<h6>Diversidade gen\u00e9tica e citogen\u00e9tica em <em>Astrocharyum<\/em> spp. (Arecaceae). <a href=\"http:\/\/repositorio.ufla.br\/bitstream\/1\/12351\/4\/TESE_Diversidade%20gen%C3%A9tica%20e%20citogen%C3%A9tica%20em%20Astrocaryum%20spp.%20%28Arecaceae%29.pdf\"><img loading=\"lazy\" class=\"alignnone size-full wp-image-119\" src=\"http:\/\/www.nucleoestudo.ufla.br\/biologiacelular\/wp-content\/uploads\/2014\/10\/filetype_pdf-1.png\" alt=\"\" width=\"32\" height=\"32\" \/><\/a><\/h6>\n<\/td>\n<td width=\"121\">\n<h6>Lisete Chamma Davide<\/h6>\n<\/td>\n<\/tr>\n<tr>\n<td>\n<h6>2016<\/h6>\n<\/td>\n<td width=\"121\">\n<h6>Marcel Jos\u00e9 Palmieri<\/h6>\n<\/td>\n<td width=\"293\">\n<h6><em>Lactuca sativa<\/em>: bioindicador para an\u00e1lise do efeito genot\u00f3xico de pe\u00e7onhas. <a href=\"http:\/\/repositorio.ufla.br\/bitstream\/1\/11399\/1\/TESE_Lactuca%20sativa-bioindicador%20para%20an%C3%A1lise%20do%20efeito%20genot%C3%B3xico%20de%20pe%C3%A7onhas.pdf\"><img loading=\"lazy\" class=\"alignnone size-full wp-image-119\" src=\"http:\/\/www.nucleoestudo.ufla.br\/biologiacelular\/wp-content\/uploads\/2014\/10\/filetype_pdf-1.png\" alt=\"\" width=\"32\" height=\"32\" \/><\/a><\/h6>\n<\/td>\n<td width=\"121\">\n<h6>Lisete Chamma Davide<\/h6>\n<\/td>\n<\/tr>\n<tr>\n<td>\n<h6>2015<\/h6>\n<\/td>\n<td width=\"121\">\n<h6>Laiane Corsini Rocha<\/h6>\n<\/td>\n<td width=\"293\">\n<h6>&#8220;S\u00edtios fr\u00e1geis&#8221; espont\u00e2neos e induzidos em cromossomos de esp\u00e9cies do complexo <em>Lolium Festuca<\/em> (Poaceae). <a href=\"http:\/\/repositorio.ufla.br\/bitstream\/1\/10615\/1\/TESE_%20S%C3%ADtios%20fr%C3%A1geis%20espont%C3%A2neos%20e%20induzidos%20nos%20cromossomos%20de%20esp%C3%A9cies%20do%20complexo%20Lolium-Festuca.pdf\"><img loading=\"lazy\" class=\"alignnone size-full wp-image-119\" src=\"http:\/\/www.nucleoestudo.ufla.br\/biologiacelular\/wp-content\/uploads\/2014\/10\/filetype_pdf-1.png\" alt=\"\" width=\"32\" height=\"32\" \/><\/a><\/h6>\n<\/td>\n<td width=\"121\">\n<h6>V\u00e2nia Helena Techio<\/h6>\n<\/td>\n<\/tr>\n<tr>\n<td>\n<h6>2015<\/h6>\n<\/td>\n<td width=\"121\">\n<h6>Janaina Mauri<\/h6>\n<\/td>\n<td width=\"293\">\n<h6>Anatomia foliar de <em>Brachiaria<\/em> spp em diferentes idades de rebrota associada com a qualidade da forragem.<\/h6>\n<\/td>\n<td width=\"121\">\n<h6>Lisete Chamma Davide<\/h6>\n<\/td>\n<\/tr>\n<tr>\n<td>\n<h6>2015<\/h6>\n<\/td>\n<td width=\"121\">\n<h6>Thais Furtado Nani<\/h6>\n<\/td>\n<td width=\"293\">\n<h6>Citogen\u00e9tica de esp\u00e9cies de <em>Brachiaria<\/em>: contribui\u00e7\u00f5es para a constru\u00e7\u00e3o de mapas f\u00edsicos. <a href=\"http:\/\/repositorio.ufla.br\/bitstream\/1\/10656\/1\/TESE_Citogen%C3%A9tica%20de%20esp%C3%A9cies%20de%20Brachiaria%20contribui%C3%A7%C3%B5es%20para%20a%20constru%C3%A7%C3%A3o%20de%20mapas%20f%C3%ADsicos.pdf\"><img loading=\"lazy\" class=\"alignnone size-full wp-image-119\" src=\"http:\/\/www.nucleoestudo.ufla.br\/biologiacelular\/wp-content\/uploads\/2014\/10\/filetype_pdf-1.png\" alt=\"\" width=\"32\" height=\"32\" \/><\/a><\/h6>\n<\/td>\n<td width=\"121\">\n<h6>V\u00e2nia Helena Techio<\/h6>\n<\/td>\n<\/tr>\n<tr>\n<td>\n<h6>2015<\/h6>\n<\/td>\n<td width=\"121\">\n<h6>Cristina Maria Pinto de Paula<\/h6>\n<\/td>\n<td width=\"293\">\n<h6>Citogen\u00f4mica comparativa e aspectos epigen\u00e9ticos de esp\u00e9cies de <em>Brachiaria<\/em> e h\u00edbridos interespec\u00edficos. <a href=\"http:\/\/repositorio.ufla.br\/bitstream\/1\/10534\/1\/TESE_Citogen%C3%B4mica%20comparativa%20e%20aspectos%20epigen%C3%A9ticos%20em%20esp%C3%A9cies%20de%20Brachiaria%20e%20h%C3%ADbridos%20interespec%C3%ADficos.pdf\"><img loading=\"lazy\" class=\"alignnone size-full wp-image-119\" src=\"http:\/\/www.nucleoestudo.ufla.br\/biologiacelular\/wp-content\/uploads\/2014\/10\/filetype_pdf-1.png\" alt=\"\" width=\"32\" height=\"32\" \/><\/a><\/h6>\n<\/td>\n<td width=\"121\">\n<h6>V\u00e2nia Helena Techio<\/h6>\n<\/td>\n<\/tr>\n<tr>\n<td>\n<h6>2015<\/h6>\n<\/td>\n<td width=\"121\">\n<h6>Ludmila Cristina Oliveira<\/h6>\n<\/td>\n<td width=\"293\">\n<h6>Caracteriza\u00e7\u00e3o citogen\u00e9tica de elementos repetitivos em esp\u00e9cies de <em>Solanum<\/em>. <a href=\"http:\/\/repositorio.ufla.br\/bitstream\/1\/5498\/1\/TESE_DNA%20repetitivo%20centrom%C3%A9rico%20e%20disperso%20em%20esp%C3%A9cies%20de%20Solanum.pdf\"><img loading=\"lazy\" class=\"alignnone size-full wp-image-119\" src=\"http:\/\/www.nucleoestudo.ufla.br\/biologiacelular\/wp-content\/uploads\/2014\/10\/filetype_pdf-1.png\" alt=\"\" width=\"32\" height=\"32\" \/><\/a><\/h6>\n<\/td>\n<td width=\"121\">\n<h6>Giovana Augusta Torres<\/h6>\n<\/td>\n<\/tr>\n<tr>\n<td>\n<h6>2013<\/h6>\n<\/td>\n<td width=\"121\">\n<h6>Fernanda Motta da Costa Santos<\/h6>\n<\/td>\n<td width=\"293\">\n<h6>Aspectos da din\u00e2mica cromoss\u00f4mica e fosforila\u00e7\u00e3o da histona H3 relacionados com a elimina\u00e7\u00e3o cromoss\u00f4mica em h\u00edbridos de capim-elefante e milheto (<em>Pennisetum<\/em> Rich., Poaceae). <a href=\"http:\/\/repositorio.ufla.br\/bitstream\/1\/877\/1\/TESE%20Aspectos%20da%20din%C3%A2mica%20cromoss%C3%B4mica%20e%20fosforila%C3%A7%C3%A3o%20da%20histona%20H3%20relacionados%20com%20a%20elimina%C3%A7%C3%A3o%20c.pdf\"><img loading=\"lazy\" class=\"alignnone size-full wp-image-119\" src=\"http:\/\/www.nucleoestudo.ufla.br\/biologiacelular\/wp-content\/uploads\/2014\/10\/filetype_pdf-1.png\" alt=\"\" width=\"32\" height=\"32\" \/><\/a><\/h6>\n<\/td>\n<td width=\"121\">\n<h6>Lisete Chamma Davide<\/h6>\n<\/td>\n<\/tr>\n<tr>\n<td>\n<h6>2012<\/h6>\n<\/td>\n<td width=\"121\">\n<h6>Lilia Ros\u00e1rio Ribeiro<\/h6>\n<\/td>\n<td width=\"293\">\n<h6>Caracteriza\u00e7\u00e3o citogen\u00e9tica e efeitos citogenot\u00f3xicos de extratos de <em>Annona crassiflora<\/em> Mart. (Annonaceae): uma importante frut\u00edfera end\u00eamica do cerrado brasileiro. <a href=\"http:\/\/repositorio.ufla.br\/bitstream\/1\/755\/3\/TESE_Citogen%C3%A9tica%20e%20efeitos%20citogenot%C3%B3xicos%20de%20Annona%20crassiflora%20Mart....pdf\"><img loading=\"lazy\" class=\"alignnone size-full wp-image-119\" src=\"http:\/\/www.nucleoestudo.ufla.br\/biologiacelular\/wp-content\/uploads\/2014\/10\/filetype_pdf-1.png\" alt=\"\" width=\"32\" height=\"32\" \/><\/a><\/h6>\n<\/td>\n<td width=\"121\">\n<h6>Lisete Chamma Davide<\/h6>\n<\/td>\n<\/tr>\n<tr>\n<td>\n<h6>2012<\/h6>\n<\/td>\n<td width=\"121\">\n<h6>K\u00e1tia Ferreira Marques de Resende<\/h6>\n<\/td>\n<td width=\"293\">\n<h6>Evolu\u00e7\u00e3o cariot\u00edpica em esp\u00e9cies de <em>Senna<\/em> Mill. (Leguminosae-Cassiinae) de Minas Gerais. <a href=\"http:\/\/repositorio.ufla.br\/bitstream\/1\/1179\/1\/TESE_Evolu%C3%A7%C3%A3o%20cariot%C3%ADpica%20de%20Senna%20Mill.%20%28Leguminosae-Cassiinae%29%20de%20Minas%20Gerais.pdf\"><img loading=\"lazy\" class=\"alignnone size-full wp-image-119\" src=\"http:\/\/www.nucleoestudo.ufla.br\/biologiacelular\/wp-content\/uploads\/2014\/10\/filetype_pdf-1.png\" alt=\"\" width=\"32\" height=\"32\" \/><\/a><\/h6>\n<\/td>\n<td width=\"121\">\n<h6>Giovana Augusta Torres<\/h6>\n<\/td>\n<\/tr>\n<tr>\n<td>\n<h6>2012<\/h6>\n<\/td>\n<td width=\"121\">\n<h6>Fernanda de Oliveira Bustamante<\/h6>\n<\/td>\n<td width=\"293\">\n<h6>Variabilidade nos s\u00edtios de rDNA, morfologia e viabilidade pol\u00ednica de <em>Lolium multiflorum<\/em> Lam. (Poaceae). <a href=\"http:\/\/repositorio.ufla.br\/bitstream\/1\/488\/1\/TESE%20Variabilidade%20nos%20s%C3%ADtios%20de%20rDNA%2c%20morfologia%20e%20viabilidade%20pol%C3%ADnica%20de%20Lolium%20multiflorum%20Lam.pdf\"><img loading=\"lazy\" class=\"alignnone size-full wp-image-119\" src=\"http:\/\/www.nucleoestudo.ufla.br\/biologiacelular\/wp-content\/uploads\/2014\/10\/filetype_pdf-1.png\" alt=\"\" width=\"32\" height=\"32\" \/><\/a><\/h6>\n<\/td>\n<td width=\"121\">\n<h6>V\u00e2nia Helena Techio<\/h6>\n<\/td>\n<\/tr>\n<tr>\n<td>\n<h6>2011<\/h6>\n<\/td>\n<td width=\"121\">\n<h6>Jeanne de C\u00e1ssia Goulart<\/h6>\n<\/td>\n<td width=\"293\">\n<h6>Aspectos citogen\u00e9ticos, morfopol\u00ednicos e anat\u00f4micos de esp\u00e9cies de <em>Piper<\/em> L. nativas da Amaz\u00f4nia brasileira.<\/h6>\n<\/td>\n<td width=\"121\">\n<h6>Giovana Augusta Torres<\/h6>\n<\/td>\n<\/tr>\n<tr>\n<td>\n<h6>2010<\/h6>\n<\/td>\n<td width=\"121\">\n<h6>Larissa Fonseca Andrade Vieira<\/h6>\n<\/td>\n<td width=\"293\">\n<h6>An\u00e1lise citomolecular em h\u00edbridos de capim-elefante e milheto (<em>Pennisetum<\/em> sp. Schum., Poaceae).<\/h6>\n<\/td>\n<td width=\"121\">\n<h6>Lisete Chamma Davide<\/h6>\n<\/td>\n<\/tr>\n<tr>\n<td>\n<h6>2010<\/h6>\n<\/td>\n<td width=\"121\">\n<h6>Ana Luiza de Oliveira Timb\u00f3<\/h6>\n<\/td>\n<td width=\"293\">\n<h6>Duplica\u00e7\u00e3o cromoss\u00f4mica e identifica\u00e7\u00e3o do n\u00edvel de ploidia utilizando citometria de fluxo em <em>Brachiaria<\/em> ssp.<\/h6>\n<\/td>\n<td width=\"121\">\n<h6>Lisete Chamma Davide<\/h6>\n<\/td>\n<\/tr>\n<tr>\n<td>\n<h6>2009<\/h6>\n<\/td>\n<td width=\"121\">\n<h6>Fernando Ferreira Le\u00e3o<\/h6>\n<\/td>\n<td width=\"293\">\n<h6>Citogen\u00e9tica e potencial forrageiro de combina\u00e7\u00f5es gen\u00f4micas de capim elefante e milheto.<\/h6>\n<\/td>\n<td width=\"121\">\n<h6>Lisete Chamma Davide<\/h6>\n<\/td>\n<\/tr>\n<tr>\n<td>\n<h6>2008<\/h6>\n<\/td>\n<td width=\"121\">\n<h6>Patr\u00edcia Maria Oliveira Pierre<\/h6>\n<\/td>\n<td width=\"293\">\n<h6>Poliploidia em acessos de <em>Lippia alba<\/em> (Mill) N.E. Br (Verbenaceae).<\/h6>\n<\/td>\n<td width=\"121\">\n<h6>Lisete Chamma Davide<\/h6>\n<\/td>\n<\/tr>\n<tr>\n<td>\n<h6>2008<\/h6>\n<\/td>\n<td width=\"121\">\n<h6>Juliane Dornellas Nunes<\/h6>\n<\/td>\n<td width=\"293\">\n<h6>Bandeamento cromoss\u00f4mico e conte\u00fado de DNA em esp\u00e9cies tropicais de <em>Pinus<\/em>.<\/h6>\n<\/td>\n<td width=\"121\">\n<h6>Giovana Augusta Torres<\/h6>\n<\/td>\n<\/tr>\n<tr>\n<td>\n<h6>2008<\/h6>\n<\/td>\n<td width=\"121\">\n<h6>Saulo Mar\u00e7al de Sousa<\/h6>\n<\/td>\n<td width=\"293\">\n<h6>Contribui\u00e7\u00f5es \u00e0 biossistem\u00e1tica do g\u00eanero <em>Lippia<\/em> L. (Verbenaceae).<\/h6>\n<\/td>\n<td width=\"121\">\n<h6>Giovana Augusta Torres<\/h6>\n<\/td>\n<\/tr>\n<tr>\n<td>\n<h6>2007<\/h6>\n<\/td>\n<td width=\"121\">\n<h6>Jos\u00e9 Marcello Salabert de Campos<\/h6>\n<\/td>\n<td width=\"293\">\n<h6>Obten\u00e7\u00e3o de h\u00edbridos hexapl\u00f3ides e an\u00e1lise gen\u00f4mica de <em>Pennisetum<\/em> sp por citometria de fluxo.<\/h6>\n<\/td>\n<td width=\"121\">\n<h6>Lisete Chamma Davide<\/h6>\n<\/td>\n<\/tr>\n<tr>\n<td>\n<h6>2006<\/h6>\n<\/td>\n<td width=\"121\">\n<h6>Roselaine Cristina Pereira<\/h6>\n<\/td>\n<td width=\"293\">\n<h6>Rela\u00e7\u00e3o entre as caracter\u00edsticas estruturais e bioqu\u00edmicas e a textura dos gr\u00e3os de milho.<\/h6>\n<\/td>\n<td width=\"121\">\n<h6>Lisete Chamma Davide<\/h6>\n<\/td>\n<\/tr>\n<tr>\n<td>\n<h6>2004<\/h6>\n<\/td>\n<td width=\"121\">\n<h6>Sandro Barbosa<\/h6>\n<\/td>\n<td width=\"293\">\n<h6>Micropropaga\u00e7\u00e3o e duplica\u00e7\u00e3o cromoss\u00f4mica de h\u00edbridos tripl\u00f3ides de capim-elefante e milheto.<\/h6>\n<\/td>\n<td width=\"121\">\n<h6>Lisete Chamma Davide<\/h6>\n<\/td>\n<\/tr>\n<tr>\n<td>\n<h6>2002<\/h6>\n<\/td>\n<td width=\"121\">\n<h6>Mar\u00eda Gabriela Roca Magallanes<\/h6>\n<\/td>\n<td width=\"293\">\n<h6>Recombina\u00e7\u00e3o gen\u00e9tica em <em>Colletotrichum lindemuthianum<\/em> por meio de anastomoses entre con\u00eddios.<\/h6>\n<\/td>\n<td width=\"121\">\n<h6>Lisete Chamma Davide<\/h6>\n<\/td>\n<\/tr>\n<tr>\n<td>\n<h6>2002<\/h6>\n<\/td>\n<td width=\"121\">\n<h6>Jusc\u00e9lio Clemente de Abreu<\/h6>\n<\/td>\n<td width=\"293\">\n<h6>Mixoploidia em h\u00edbridos de capim-elefante x milheto tratados com agentes antimit\u00f3ticos.<\/h6>\n<\/td>\n<td width=\"121\">\n<h6>Lisete Chamma Davide<\/h6>\n<\/td>\n<\/tr>\n<tr>\n<td>\n<h6>2002<\/h6>\n<\/td>\n<td width=\"121\">\n<h6>V\u00e2nia Helena Techio<\/h6>\n<\/td>\n<td width=\"293\">\n<h6>Meiose e an\u00e1lise gen\u00f4mica em <em>Pennisetum<\/em> spp.<\/h6>\n<\/td>\n<td width=\"121\">\n<h6>Lisete Chamma Davide<\/h6>\n<\/td>\n<\/tr>\n<tr>\n<td>\n<h6>2001<\/h6>\n<\/td>\n<td width=\"121\">\n<h6>Giovana Augusta Torres<\/h6>\n<\/td>\n<td width=\"293\">\n<h6>Morfologia e aspectos evolutivos dos cromossomos mit\u00f3ticos de baru (<em>Dipteryx alata<\/em> Vog.)<\/h6>\n<\/td>\n<td width=\"121\">\n<h6>Lisete Chamma Davide<\/h6>\n<\/td>\n<\/tr>\n<\/tbody>\n<\/table>\n","protected":false},"excerpt":{"rendered":"<p>Ano Nome T\u00edtulo do trabalho Orientador 2024 Bruna Nat\u00e1lia Veloso dos Santos An\u00e1lise Citogen\u00f4mica no complexo\u00a0 &#8216;humidicola&#8217; de Urochloa. V\u00e2nia Helena Techio 2023 Liliana Rocivalda Gomes Leit\u00e3o RELA\u00c7\u00d5ES GEN\u00d4MICAS ENTRE TR\u00caS ESP\u00c9CIES NATIVAS DE Piper L.: ELEMENTOS REPETITIVOS E FILOGENIA MOLECULAR. Giovana Augusta Torres 2023 Caio Tulio Rodrigues Correa An\u00e1lise gen\u00f4mica comparativa em Urochloa. V\u00e2nia &hellip; <a href=\"http:\/\/www.nucleoestudo.ufla.br\/biologiacelular\/egressos\/teses-de-doutorado\/\" class=\"more-link\">Continue lendo <span class=\"screen-reader-text\">Doutores<\/span> <span class=\"meta-nav\">&rarr;<\/span><\/a><\/p>\n","protected":false},"author":2,"featured_media":0,"parent":63,"menu_order":0,"comment_status":"closed","ping_status":"open","template":"","meta":[],"_links":{"self":[{"href":"http:\/\/www.nucleoestudo.ufla.br\/biologiacelular\/wp-json\/wp\/v2\/pages\/93"}],"collection":[{"href":"http:\/\/www.nucleoestudo.ufla.br\/biologiacelular\/wp-json\/wp\/v2\/pages"}],"about":[{"href":"http:\/\/www.nucleoestudo.ufla.br\/biologiacelular\/wp-json\/wp\/v2\/types\/page"}],"author":[{"embeddable":true,"href":"http:\/\/www.nucleoestudo.ufla.br\/biologiacelular\/wp-json\/wp\/v2\/users\/2"}],"replies":[{"embeddable":true,"href":"http:\/\/www.nucleoestudo.ufla.br\/biologiacelular\/wp-json\/wp\/v2\/comments?post=93"}],"version-history":[{"count":32,"href":"http:\/\/www.nucleoestudo.ufla.br\/biologiacelular\/wp-json\/wp\/v2\/pages\/93\/revisions"}],"predecessor-version":[{"id":1354,"href":"http:\/\/www.nucleoestudo.ufla.br\/biologiacelular\/wp-json\/wp\/v2\/pages\/93\/revisions\/1354"}],"up":[{"embeddable":true,"href":"http:\/\/www.nucleoestudo.ufla.br\/biologiacelular\/wp-json\/wp\/v2\/pages\/63"}],"wp:attachment":[{"href":"http:\/\/www.nucleoestudo.ufla.br\/biologiacelular\/wp-json\/wp\/v2\/media?parent=93"}],"curies":[{"name":"wp","href":"https:\/\/api.w.org\/{rel}","templated":true}]}}