{"id":7,"date":"2014-10-16T19:44:07","date_gmt":"2014-10-16T19:44:07","guid":{"rendered":"http:\/\/www.dbi.ufla.br\/biologiacelular\/?page_id=7"},"modified":"2022-05-09T16:35:30","modified_gmt":"2022-05-09T16:35:30","slug":"docentes","status":"publish","type":"page","link":"http:\/\/www.nucleoestudo.ufla.br\/biologiacelular\/equipe\/docentes\/","title":{"rendered":"Docentes atuais"},"content":{"rendered":"<p><strong>Profa. Dra. Giovana Augusta Torres \u00a0<a href=\"http:\/\/buscatextual.cnpq.br\/buscatextual\/visualizacv.do?id=K4720596J1\"><img loading=\"lazy\" class=\"alignnone wp-image-1096\" src=\"http:\/\/www.nucleoestudo.ufla.br\/biologiacelular\/wp-content\/uploads\/lattes-150x150.png\" alt=\"\" width=\"23\" height=\"23\" \/><\/a><br \/>\n<\/strong><\/p>\n<ul>\n<li>Gradua\u00e7\u00e3o em\u00a0Agronomia &#8211; UFU<\/li>\n<li>Mestrado em Gen\u00e9tica e Melhoramento de Plantas &#8211;\u00a0UFLA<\/li>\n<li>Doutorado em\u00a0Gen\u00e9tica e Melhoramento de Plantas &#8211; UFLA<\/li>\n<\/ul>\n<p><strong><img loading=\"lazy\" class=\"alignnone  wp-image-159\" src=\"http:\/\/www.nucleoestudo.ufla.br\/biologiacelular\/wp-content\/uploads\/2014\/10\/telefone-silhueta-telefone_318-34613.jpg\" alt=\"\" width=\"23\" height=\"23\" \/>+55 35 3829-1609 \u00a0 \u00a0 \u00a0 \u00a0 \u00a0 <img loading=\"lazy\" class=\"alignnone  wp-image-196\" src=\"http:\/\/www.nucleoestudo.ufla.br\/biologiacelular\/wp-content\/uploads\/2014\/10\/email_1.png\" alt=\"\" width=\"14\" height=\"11\" \/> gatorres@ufla.br<\/strong><strong>\u00a0 \u00a0 \u00a0 \u00a0 \u00a0 \u00a0 \u00a0<a href=\"https:\/\/orcid.org\/0000-0002-3740-8689\">ORCID\u00a0<\/a> \u00a0 \u00a0<\/strong><strong> \u00a0 \u00a0 \u00a0 \u00a0 \u00a0 \u00a0 \u00a0 \u00a0 \u00a0 \u00a0 \u00a0 \u00a0 \u00a0 \u00a0 \u00a0 \u00a0 \u00a0 \u00a0 \u00a0 \u00a0 \u00a0 \u00a0 \u00a0 \u00a0 \u00a0 \u00a0 \u00a0 \u00a0 \u00a0 \u00a0 \u00a0 \u00a0 \u00a0 \u00a0 \u00a0 \u00a0 \u00a0 \u00a0 \u00a0 \u00a0 \u00a0 \u00a0 \u00a0 <\/strong><strong>\u00a0 \u00a0 \u00a0 \u00a0 \u00a0 \u00a0 \u00a0 \u00a0 \u00a0 \u00a0 \u00a0 \u00a0 \u00a0 \u00a0 \u00a0 \u00a0 \u00a0 \u00a0 \u00a0\u00a0<\/strong><\/p>\n<p><strong>Profa. Dra. V\u00e2nia Helena Techio \u00a0<a href=\"http:\/\/buscatextual.cnpq.br\/buscatextual\/visualizacv.do?id=K4761252T0\"><img loading=\"lazy\" class=\"alignnone wp-image-1096\" src=\"http:\/\/www.nucleoestudo.ufla.br\/biologiacelular\/wp-content\/uploads\/lattes-150x150.png\" alt=\"\" width=\"23\" height=\"23\" \/><\/a><br \/>\n<\/strong><\/p>\n<ul>\n<li>Gradua\u00e7\u00e3o em Ci\u00eancias Biol\u00f3gicas &#8211;\u00a0UnC<\/li>\n<li>Mestrado em Gen\u00e9tica e Melhoramento de Plantas &#8211;\u00a0UFLA<\/li>\n<li>Doutorado em Gen\u00e9tica e Melhoramento de Plantas &#8211; UFLA<\/li>\n<\/ul>\n<p><strong>+55 35 3829-1856 \u00a0 \u00a0 \u00a0 \u00a0 <img loading=\"lazy\" class=\"alignnone  wp-image-196\" src=\"http:\/\/www.nucleoestudo.ufla.br\/biologiacelular\/wp-content\/uploads\/2014\/10\/email_1.png\" alt=\"\" width=\"14\" height=\"11\" \/> vhtechio@ufla.br\u00a0 \u00a0 \u00a0 \u00a0 \u00a0 \u00a0 \u00a0<a href=\"https:\/\/orcid.org\/0000-0002-3752-0654\">ORCID<\/a>\u00a0 \u00a0 \u00a0<\/strong><\/p>\n<p><strong>\u00a0 \u00a0<\/strong><\/p>\n<p><strong>\u00a0 \u00a0 \u00a0 \u00a0 \u00a0 \u00a0 \u00a0 \u00a0 \u00a0 \u00a0 \u00a0 \u00a0 \u00a0 \u00a0 \u00a0 \u00a0 \u00a0 \u00a0 \u00a0 \u00a0 \u00a0\u00a0<\/strong><\/p>\n","protected":false},"excerpt":{"rendered":"<p>Profa. Dra. Giovana Augusta Torres \u00a0 Gradua\u00e7\u00e3o em\u00a0Agronomia &#8211; UFU Mestrado em Gen\u00e9tica e Melhoramento de Plantas &#8211;\u00a0UFLA Doutorado em\u00a0Gen\u00e9tica e Melhoramento de Plantas &#8211; UFLA +55 35 3829-1609 \u00a0 \u00a0 \u00a0 \u00a0 \u00a0 gatorres@ufla.br\u00a0 \u00a0 \u00a0 \u00a0 \u00a0 \u00a0 \u00a0ORCID\u00a0 \u00a0 \u00a0 \u00a0 \u00a0 \u00a0 \u00a0 \u00a0 \u00a0 \u00a0 \u00a0 \u00a0 \u00a0 \u00a0 \u00a0 &hellip; <a href=\"http:\/\/www.nucleoestudo.ufla.br\/biologiacelular\/equipe\/docentes\/\" class=\"more-link\">Continue lendo <span class=\"screen-reader-text\">Docentes atuais<\/span> <span class=\"meta-nav\">&rarr;<\/span><\/a><\/p>\n","protected":false},"author":2,"featured_media":0,"parent":79,"menu_order":0,"comment_status":"closed","ping_status":"closed","template":"","meta":[],"_links":{"self":[{"href":"http:\/\/www.nucleoestudo.ufla.br\/biologiacelular\/wp-json\/wp\/v2\/pages\/7"}],"collection":[{"href":"http:\/\/www.nucleoestudo.ufla.br\/biologiacelular\/wp-json\/wp\/v2\/pages"}],"about":[{"href":"http:\/\/www.nucleoestudo.ufla.br\/biologiacelular\/wp-json\/wp\/v2\/types\/page"}],"author":[{"embeddable":true,"href":"http:\/\/www.nucleoestudo.ufla.br\/biologiacelular\/wp-json\/wp\/v2\/users\/2"}],"replies":[{"embeddable":true,"href":"http:\/\/www.nucleoestudo.ufla.br\/biologiacelular\/wp-json\/wp\/v2\/comments?post=7"}],"version-history":[{"count":26,"href":"http:\/\/www.nucleoestudo.ufla.br\/biologiacelular\/wp-json\/wp\/v2\/pages\/7\/revisions"}],"predecessor-version":[{"id":1286,"href":"http:\/\/www.nucleoestudo.ufla.br\/biologiacelular\/wp-json\/wp\/v2\/pages\/7\/revisions\/1286"}],"up":[{"embeddable":true,"href":"http:\/\/www.nucleoestudo.ufla.br\/biologiacelular\/wp-json\/wp\/v2\/pages\/79"}],"wp:attachment":[{"href":"http:\/\/www.nucleoestudo.ufla.br\/biologiacelular\/wp-json\/wp\/v2\/media?parent=7"}],"curies":[{"name":"wp","href":"https:\/\/api.w.org\/{rel}","templated":true}]}}