{"id":693,"date":"2017-09-29T12:18:30","date_gmt":"2017-09-29T12:18:30","guid":{"rendered":"http:\/\/www.dbi.ufla.br\/biologiacelular\/?page_id=693"},"modified":"2020-03-30T14:52:40","modified_gmt":"2020-03-30T14:52:40","slug":"pops","status":"publish","type":"page","link":"http:\/\/www.nucleoestudo.ufla.br\/biologiacelular\/pops\/","title":{"rendered":"POPs"},"content":{"rendered":"<pre><a href=\"https:\/\/drive.google.com\/open?id=1ZNICJQTNIIlSznb_48qDue4Pk3j35N4A\">001 - pHmetro Hanna HI2221 <\/a>\r\n<a href=\"https:\/\/drive.google.com\/open?id=1TznEsG9AUWZlsZwMtrNtx28Xu5GuDSei\">002 - Balan\u00e7a anal\u00edtica Marte AUW220D<\/a> \r\n<a href=\"https:\/\/drive.google.com\/open?id=1tBav_fEO1CgZpvsiDnNcBWfFh4aZ4URW\">003 - Balan\u00e7a semi-anal\u00edtica Marte UX420H<\/a> \r\n<a href=\"https:\/\/drive.google.com\/open?id=1R_Fl_z1zxrJDwqSRVVUbzNFYYQJZxQI1\">004 - BOD Eletrolab EL202<\/a> \r\n<a href=\"https:\/\/drive.google.com\/open?id=1YBtx1vkZdV1sJOvM73Rw9LsVEeTd10uM\">005 - Sistema de \u00e1gua ultrapura Simplicity UV<\/a> \r\n<a href=\"https:\/\/drive.google.com\/open?id=11jE8phknL_-OawSmz9Yux7J1cvSvCPQC\">006 - Banho-maria DeLeo<\/a> \r\n<a href=\"https:\/\/drive.google.com\/open?id=1O71Xe7UQXdQ_hkedZk_a_kl9zpBb-ypL\">007 - Banho-maria Nova \u00c9tica 316 - 3DN<\/a> \r\n<a href=\"https:\/\/drive.google.com\/open?id=1fFAHaPBieh9ORLLn6lzkS-QJZ77BQC7b\">008 - Banho-maria Datamed 102<\/a> \r\n<a href=\"https:\/\/drive.google.com\/open?id=1CtsFv3u90TNlWg_SnNdqR8md4ZiAZqy0\">009 - Banho-maria Ovan B112E<\/a> \r\n<a href=\"https:\/\/drive.google.com\/open?id=1gNUHbCSZnOQ0Yol_z4NEgsLO9LT-aUpv\">010 - Banho-seco Kasvi K80-501<\/a> \r\n<a href=\"https:\/\/drive.google.com\/open?id=1FHYyBiqB3Hv2JWEIv14urUSuVDvaZYTi\">011 - Banho-seco VHD<\/a> \r\n<a href=\"https:\/\/drive.google.com\/open?id=1yNB3_3jZlXxHsblWsTRYDudLS7nNnSHn\">012 - Agitador magn\u00e9tico com aquecimento Fisatom 752A<\/a> \r\n<a href=\"https:\/\/drive.google.com\/open?id=1FCjGMspKjm2MnuW9Sct9yrpkfkQZVPYi\">013 - Chapa aquecedora Tecnal TE-018<\/a> \r\n<a href=\"https:\/\/drive.google.com\/open?id=1sTy5OaXpiOLB3GO8k2ArHr736Bv91W7B\">014 - Mesa agitadora Cermomat MO<\/a> \r\n<a href=\"https:\/\/drive.google.com\/open?id=1l5b61Adx-z5Yrcmr3otAUcqQkc1lIkm2\">015 - Mesa agitadora Thoth 7530<\/a> \r\n<a href=\"https:\/\/drive.google.com\/open?id=1HVCRlrXtXFF-bUmRkhpUABsGE3KRZ3ZB\">016 - Minicentr\u00edgura Kasvi K14-0602<\/a> \r\n<a href=\"https:\/\/drive.google.com\/open?id=1t8qoSmSB-HXPAcSvwbP8zt9pwdCfKLNG\">017 - Microcentr\u00edfuga HT CM-610<\/a> \r\n<a href=\"https:\/\/drive.google.com\/open?id=1v5enUxGArYGhYlgjCfhPwPN6xnxc8W33\">018 - Autoclave vertical Prismatec CS<\/a> \r\n<a href=\"https:\/\/drive.google.com\/open?id=1TJwRu-3f_ysngCJDyUxurQdeYSLhkxEw\">019 - Centr\u00edfuga HT MCD2000<\/a> \r\n<a href=\"https:\/\/drive.google.com\/open?id=1ZmXkuEU11MqHpR8ght3dFue_Kecpk36v\">020 - Centr\u00edfuga micronal AJX-2012<\/a> \r\n<a href=\"https:\/\/drive.google.com\/open?id=1hpunVv4OARm6YXL5qxFphjMaXw3PEmj0\">021 - Centr\u00edfuga refrigerada Hermle Z326K<\/a> \r\n<a href=\"https:\/\/drive.google.com\/open?id=18GjE7V53vZ2DXOWF35U45WaRqkZr0tlX\">022 - Agitador de solu\u00e7\u00f5es Phoenix AP56<\/a> \r\n<a href=\"https:\/\/drive.google.com\/open?id=1quc4SITf5BAXlvjEKVW1iqhqJce2BESz\">023 - Cabine de seguran\u00e7a biol\u00f3gica BSTEC<\/a> \r\n<a href=\"https:\/\/drive.google.com\/open?id=16NaTCCBZymbFnuqkUJMaEZHS2MgW8dDC\">024 - BOD Sanyo<\/a> \r\n<a href=\"https:\/\/drive.google.com\/open?id=19VRcD8pP3RQvQ4IIrBsTxDL2NvKwBxCM\">025 - Estufa Fanem 002 CB<\/a> \r\n<a href=\"https:\/\/drive.google.com\/open?id=1aLgztG9wAAYso_ckupVbeUliRZwUP9F5\">026 - Estufa Tecnal TE-393<\/a> \r\n<a href=\"https:\/\/drive.google.com\/open?id=1wokQHGOzzbzk4_n5XYHObI910jZsXhIt\">027 - Incubadora refrigerada com agita\u00e7\u00e3o orbital Thoth 6430<\/a> \r\n<a href=\"https:\/\/drive.google.com\/open?id=1WiXCeyQl5e_8dj9J5ueLfyMpj4JD-RIP\">028 - Termociclador Biocycler MJ25+<\/a>\r\n<a href=\"https:\/\/drive.google.com\/open?id=1L4cxpDrlqEtHTbwEEWbA8oFThNmltw6H\">029 - Fonte de eletroforese Kasvi K33-300V<\/a> \r\n<a href=\"https:\/\/drive.google.com\/open?id=1Z171NktlhdEhLCD8KE6lnLJvmF94YTFc\">030 - Fonte de eletroforese Loccus LPS-300V<\/a>\r\n<a href=\"https:\/\/drive.google.com\/open?id=15xwlDEyekB8X2jJJrSG82ZSvxYybmg3y\">031 - Chapa aquecedora Lupe<\/a>\r\n<a href=\"https:\/\/drive.google.com\/open?id=1ORck2H78qSdf20ZryU_lJ9vyawfcFbpA\">032 - Mesa agitadora SPLabor\r\n<\/a><a href=\"https:\/\/drive.google.com\/open?id=1TleJlFBddmPLSqIzwqwA0mgnAnfbhrBj\">033 -\u00a0Chapa\u00a0aquecedora\u00a0Fisher\u00a0Scientific\r\n<\/a><\/pre>\n","protected":false},"excerpt":{"rendered":"<p>001 &#8211; pHmetro Hanna HI2221 002 &#8211; Balan\u00e7a anal\u00edtica Marte AUW220D 003 &#8211; Balan\u00e7a semi-anal\u00edtica Marte UX420H 004 &#8211; BOD Eletrolab EL202 005 &#8211; Sistema de \u00e1gua ultrapura Simplicity UV 006 &#8211; Banho-maria DeLeo 007 &#8211; Banho-maria Nova \u00c9tica 316 &#8211; 3DN 008 &#8211; Banho-maria Datamed 102 009 &#8211; Banho-maria Ovan B112E 010 &#8211; Banho-seco &hellip; <a href=\"http:\/\/www.nucleoestudo.ufla.br\/biologiacelular\/pops\/\" class=\"more-link\">Continue lendo <span class=\"screen-reader-text\">POPs<\/span> <span class=\"meta-nav\">&rarr;<\/span><\/a><\/p>\n","protected":false},"author":2,"featured_media":0,"parent":0,"menu_order":0,"comment_status":"closed","ping_status":"closed","template":"","meta":[],"_links":{"self":[{"href":"http:\/\/www.nucleoestudo.ufla.br\/biologiacelular\/wp-json\/wp\/v2\/pages\/693"}],"collection":[{"href":"http:\/\/www.nucleoestudo.ufla.br\/biologiacelular\/wp-json\/wp\/v2\/pages"}],"about":[{"href":"http:\/\/www.nucleoestudo.ufla.br\/biologiacelular\/wp-json\/wp\/v2\/types\/page"}],"author":[{"embeddable":true,"href":"http:\/\/www.nucleoestudo.ufla.br\/biologiacelular\/wp-json\/wp\/v2\/users\/2"}],"replies":[{"embeddable":true,"href":"http:\/\/www.nucleoestudo.ufla.br\/biologiacelular\/wp-json\/wp\/v2\/comments?post=693"}],"version-history":[{"count":18,"href":"http:\/\/www.nucleoestudo.ufla.br\/biologiacelular\/wp-json\/wp\/v2\/pages\/693\/revisions"}],"predecessor-version":[{"id":1152,"href":"http:\/\/www.nucleoestudo.ufla.br\/biologiacelular\/wp-json\/wp\/v2\/pages\/693\/revisions\/1152"}],"wp:attachment":[{"href":"http:\/\/www.nucleoestudo.ufla.br\/biologiacelular\/wp-json\/wp\/v2\/media?parent=693"}],"curies":[{"name":"wp","href":"https:\/\/api.w.org\/{rel}","templated":true}]}}