{"id":59,"date":"2014-10-16T20:04:02","date_gmt":"2014-10-16T20:04:02","guid":{"rendered":"http:\/\/www.dbi.ufla.br\/biologiacelular\/?page_id=59"},"modified":"2022-05-06T16:50:22","modified_gmt":"2022-05-06T16:50:22","slug":"fixa","status":"publish","type":"page","link":"http:\/\/www.nucleoestudo.ufla.br\/biologiacelular\/","title":{"rendered":""},"content":{"rendered":"<p>O Laborat\u00f3rio de Citogen\u00e9tica Vegetal foi implementando pela profa. Lisete Chamma Davide em 1978, para atender demandas de ensino e pesquisa na \u00e1rea de citologia e citogen\u00e9tica convencional do Departamento de Biologia. Com a implanta\u00e7\u00e3o e consolida\u00e7\u00e3o do programa de P\u00f3s-Gradua\u00e7\u00e3o em Gen\u00e9tica e Melhoramento de Plantas (1986), houve uma expans\u00e3o das atividades de pesquisa, acompanhada pela melhoria e amplia\u00e7\u00e3o da infraestrutura laboratorial e recursos humanos. Para oferecer melhores condi\u00e7\u00f5es de trabalho aos estudantes e pesquisadores, em 2013, foi instalado o laborat\u00f3rio de citogen\u00e9tica molecular, com disponibilidade de espa\u00e7o e equipamentos necess\u00e1rios para realiza\u00e7\u00e3o de t\u00e9cnicas de hibridiza\u00e7\u00e3o <em>in situ<\/em> fluorescente (FISH), gen\u00f4mica (GISH) e imunolocaliza\u00e7\u00e3o.<\/p>\n<p>As professoras Giovana Augusta Torres e V\u00e2nia Helena Techio, respons\u00e1veis pelo Laborat\u00f3rio, atuam nos Programas de P\u00f3s-Gradua\u00e7\u00e3o em Gen\u00e9tica e Melhoramento de Plantas (profissional e acad\u00eamico) e Bot\u00e2nica Aplicada, oferecendo disciplinas e orientando estudantes de mestrado e doutorado na linha de pesquisa citogen\u00e9tica vegetal.O laborat\u00f3rio atua com forte articula\u00e7\u00e3o entre a gradua\u00e7\u00e3o e p\u00f3s-gradua\u00e7\u00e3o, envolvendo os estudantes de gradua\u00e7\u00e3o em diversas atividades, tais como monitoria, est\u00e1gios, atividade vivencial, treinamentos em t\u00e9cnicas citogen\u00e9ticas e inicia\u00e7\u00e3o cient\u00edfica.<\/p>\n","protected":false},"excerpt":{"rendered":"<p>O Laborat\u00f3rio de Citogen\u00e9tica Vegetal foi implementando pela profa. Lisete Chamma Davide em 1978, para atender demandas de ensino e pesquisa na \u00e1rea de citologia e citogen\u00e9tica convencional do Departamento de Biologia. Com a implanta\u00e7\u00e3o e consolida\u00e7\u00e3o do programa de P\u00f3s-Gradua\u00e7\u00e3o em Gen\u00e9tica e Melhoramento de Plantas (1986), houve uma expans\u00e3o das atividades de pesquisa, &hellip; <a href=\"http:\/\/www.nucleoestudo.ufla.br\/biologiacelular\/\" class=\"more-link\">Continue lendo <span class=\"screen-reader-text\"><\/span> <span class=\"meta-nav\">&rarr;<\/span><\/a><\/p>\n","protected":false},"author":2,"featured_media":0,"parent":0,"menu_order":0,"comment_status":"closed","ping_status":"closed","template":"","meta":[],"_links":{"self":[{"href":"http:\/\/www.nucleoestudo.ufla.br\/biologiacelular\/wp-json\/wp\/v2\/pages\/59"}],"collection":[{"href":"http:\/\/www.nucleoestudo.ufla.br\/biologiacelular\/wp-json\/wp\/v2\/pages"}],"about":[{"href":"http:\/\/www.nucleoestudo.ufla.br\/biologiacelular\/wp-json\/wp\/v2\/types\/page"}],"author":[{"embeddable":true,"href":"http:\/\/www.nucleoestudo.ufla.br\/biologiacelular\/wp-json\/wp\/v2\/users\/2"}],"replies":[{"embeddable":true,"href":"http:\/\/www.nucleoestudo.ufla.br\/biologiacelular\/wp-json\/wp\/v2\/comments?post=59"}],"version-history":[{"count":10,"href":"http:\/\/www.nucleoestudo.ufla.br\/biologiacelular\/wp-json\/wp\/v2\/pages\/59\/revisions"}],"predecessor-version":[{"id":1261,"href":"http:\/\/www.nucleoestudo.ufla.br\/biologiacelular\/wp-json\/wp\/v2\/pages\/59\/revisions\/1261"}],"wp:attachment":[{"href":"http:\/\/www.nucleoestudo.ufla.br\/biologiacelular\/wp-json\/wp\/v2\/media?parent=59"}],"curies":[{"name":"wp","href":"https:\/\/api.w.org\/{rel}","templated":true}]}}