{"id":330,"date":"2016-06-20T12:48:29","date_gmt":"2016-06-20T12:48:29","guid":{"rendered":"http:\/\/www.dbi.ufla.br\/biologiacelular\/?page_id=330"},"modified":"2017-10-31T10:07:55","modified_gmt":"2017-10-31T10:07:55","slug":"docentes-aposentados","status":"publish","type":"page","link":"http:\/\/www.nucleoestudo.ufla.br\/biologiacelular\/docentes-aposentados\/","title":{"rendered":"Docentes aposentados"},"content":{"rendered":"<p><strong>Profa. Dra. Lisete Chamma Davide \u00a0<\/strong><strong>\u00a0<\/strong><\/p>\n<ul>\n<li>Gradua\u00e7\u00e3o em Ci\u00eancias Biol\u00f3gicas &#8211; UNESP<\/li>\n<li>Mestrado em Gen\u00e9tica e Melhoramento de Plantas &#8211; ESALQ<\/li>\n<li>Doutorado em Engenharia Florestal &#8211; UFPR<\/li>\n<\/ul>\n<p><strong>\u00a0<\/strong><\/p>\n<p><strong>Profa. Dra. Iara Alvarenga Mesquita Pereira<br \/>\n<\/strong><\/p>\n<ul>\n<li>Gradua\u00e7\u00e3o em\u00a0Agronomia\u00a0&#8211; UFLA<\/li>\n<li>Mestrado em Gen\u00e9tica e Melhoramento de Plantas &#8211;\u00a0UFLA<\/li>\n<li>Doutorado em Agronomia (Fitotecnia)\u00a0&#8211; UFLA<strong>\u00a0 \u00a0 \u00a0 \u00a0 \u00a0<\/strong><\/li>\n<\/ul>\n<p><strong>\u00a0 \u00a0 \u00a0 \u00a0<\/strong><\/p>\n","protected":false},"excerpt":{"rendered":"<p>Profa. Dra. Lisete Chamma Davide \u00a0\u00a0 Gradua\u00e7\u00e3o em Ci\u00eancias Biol\u00f3gicas &#8211; UNESP Mestrado em Gen\u00e9tica e Melhoramento de Plantas &#8211; ESALQ Doutorado em Engenharia Florestal &#8211; UFPR \u00a0 Profa. Dra. Iara Alvarenga Mesquita Pereira Gradua\u00e7\u00e3o em\u00a0Agronomia\u00a0&#8211; UFLA Mestrado em Gen\u00e9tica e Melhoramento de Plantas &#8211;\u00a0UFLA Doutorado em Agronomia (Fitotecnia)\u00a0&#8211; UFLA\u00a0 \u00a0 \u00a0 \u00a0 \u00a0 \u00a0 &hellip; <a href=\"http:\/\/www.nucleoestudo.ufla.br\/biologiacelular\/docentes-aposentados\/\" class=\"more-link\">Continue lendo <span class=\"screen-reader-text\">Docentes aposentados<\/span> <span class=\"meta-nav\">&rarr;<\/span><\/a><\/p>\n","protected":false},"author":2,"featured_media":0,"parent":0,"menu_order":0,"comment_status":"closed","ping_status":"open","template":"","meta":[],"_links":{"self":[{"href":"http:\/\/www.nucleoestudo.ufla.br\/biologiacelular\/wp-json\/wp\/v2\/pages\/330"}],"collection":[{"href":"http:\/\/www.nucleoestudo.ufla.br\/biologiacelular\/wp-json\/wp\/v2\/pages"}],"about":[{"href":"http:\/\/www.nucleoestudo.ufla.br\/biologiacelular\/wp-json\/wp\/v2\/types\/page"}],"author":[{"embeddable":true,"href":"http:\/\/www.nucleoestudo.ufla.br\/biologiacelular\/wp-json\/wp\/v2\/users\/2"}],"replies":[{"embeddable":true,"href":"http:\/\/www.nucleoestudo.ufla.br\/biologiacelular\/wp-json\/wp\/v2\/comments?post=330"}],"version-history":[{"count":9,"href":"http:\/\/www.nucleoestudo.ufla.br\/biologiacelular\/wp-json\/wp\/v2\/pages\/330\/revisions"}],"predecessor-version":[{"id":714,"href":"http:\/\/www.nucleoestudo.ufla.br\/biologiacelular\/wp-json\/wp\/v2\/pages\/330\/revisions\/714"}],"wp:attachment":[{"href":"http:\/\/www.nucleoestudo.ufla.br\/biologiacelular\/wp-json\/wp\/v2\/media?parent=330"}],"curies":[{"name":"wp","href":"https:\/\/api.w.org\/{rel}","templated":true}]}}