{"id":29,"date":"2014-10-16T19:48:32","date_gmt":"2014-10-16T19:48:32","guid":{"rendered":"http:\/\/www.dbi.ufla.br\/biologiacelular\/?page_id=29"},"modified":"2022-05-11T17:03:15","modified_gmt":"2022-05-11T17:03:15","slug":"corpo-tecnico","status":"publish","type":"page","link":"http:\/\/www.nucleoestudo.ufla.br\/biologiacelular\/equipe\/corpo-tecnico\/","title":{"rendered":"T\u00e9cnicos"},"content":{"rendered":"<p><strong>Felipe Fogaroli Corr\u00eaa <a href=\"http:\/\/lattes.cnpq.br\/9675967753548078\"><img loading=\"lazy\" class=\"alignnone  wp-image-1096\" src=\"http:\/\/www.nucleoestudo.ufla.br\/biologiacelular\/wp-content\/uploads\/lattes-150x150.png\" alt=\"\" width=\"23\" height=\"23\" \/><\/a><br \/>\n<\/strong><\/p>\n<ul>\n<li>Gradua\u00e7\u00e3o em\u00a0Ci\u00eancias Biol\u00f3gicas &#8211; UNIFAL-MG<strong>\u00a0 <\/strong><\/li>\n<li>Mestrado em Bot\u00e2nica Aplicada &#8211; UFLA<\/li>\n<li>Doutorado em Bot\u00e2nica Aplicada &#8211; UFLA<\/li>\n<\/ul>\n<p><strong><img loading=\"lazy\" class=\"alignnone  wp-image-159\" src=\"http:\/\/www.nucleoestudo.ufla.br\/biologiacelular\/wp-content\/uploads\/2014\/10\/telefone-silhueta-telefone_318-34613.jpg\" alt=\"\" width=\"23\" height=\"23\" \/>+55 35 3829-1365\u00a0 \u00a0 \u00a0 \u00a0 \u00a0 \u00a0<img loading=\"lazy\" class=\"alignnone  wp-image-196\" src=\"http:\/\/www.nucleoestudo.ufla.br\/biologiacelular\/wp-content\/uploads\/2014\/10\/email_1.png\" alt=\"\" width=\"14\" height=\"11\" \/><\/strong><strong> felipecorrea@ufla.br\u00a0 \u00a0 \u00a0 \u00a0 \u00a0 \u00a0 <a href=\"https:\/\/orcid.org\/0000-0002-9072-0436\">ORCID<\/a><\/strong><\/p>\n<p><strong>\u00a0 \u00a0 \u00a0 \u00a0 \u00a0\u00a0\u00a0 \u00a0 \u00a0 \u00a0 \u00a0 \u00a0 \u00a0 \u00a0 \u00a0 \u00a0 \u00a0 \u00a0 \u00a0 \u00a0 \u00a0 \u00a0 \u00a0 \u00a0 \u00a0 \u00a0<\/strong><\/p>\n","protected":false},"excerpt":{"rendered":"<p>Felipe Fogaroli Corr\u00eaa Gradua\u00e7\u00e3o em\u00a0Ci\u00eancias Biol\u00f3gicas &#8211; UNIFAL-MG\u00a0 Mestrado em Bot\u00e2nica Aplicada &#8211; UFLA Doutorado em Bot\u00e2nica Aplicada &#8211; UFLA +55 35 3829-1365\u00a0 \u00a0 \u00a0 \u00a0 \u00a0 \u00a0 felipecorrea@ufla.br\u00a0 \u00a0 \u00a0 \u00a0 \u00a0 \u00a0 ORCID \u00a0 \u00a0 \u00a0 \u00a0 \u00a0\u00a0\u00a0 \u00a0 \u00a0 \u00a0 \u00a0 \u00a0 \u00a0 \u00a0 \u00a0 \u00a0 \u00a0 \u00a0 \u00a0 \u00a0 \u00a0 \u00a0 &hellip; <a href=\"http:\/\/www.nucleoestudo.ufla.br\/biologiacelular\/equipe\/corpo-tecnico\/\" class=\"more-link\">Continue lendo <span class=\"screen-reader-text\">T\u00e9cnicos<\/span> <span class=\"meta-nav\">&rarr;<\/span><\/a><\/p>\n","protected":false},"author":2,"featured_media":0,"parent":79,"menu_order":0,"comment_status":"closed","ping_status":"open","template":"","meta":[],"_links":{"self":[{"href":"http:\/\/www.nucleoestudo.ufla.br\/biologiacelular\/wp-json\/wp\/v2\/pages\/29"}],"collection":[{"href":"http:\/\/www.nucleoestudo.ufla.br\/biologiacelular\/wp-json\/wp\/v2\/pages"}],"about":[{"href":"http:\/\/www.nucleoestudo.ufla.br\/biologiacelular\/wp-json\/wp\/v2\/types\/page"}],"author":[{"embeddable":true,"href":"http:\/\/www.nucleoestudo.ufla.br\/biologiacelular\/wp-json\/wp\/v2\/users\/2"}],"replies":[{"embeddable":true,"href":"http:\/\/www.nucleoestudo.ufla.br\/biologiacelular\/wp-json\/wp\/v2\/comments?post=29"}],"version-history":[{"count":18,"href":"http:\/\/www.nucleoestudo.ufla.br\/biologiacelular\/wp-json\/wp\/v2\/pages\/29\/revisions"}],"predecessor-version":[{"id":1296,"href":"http:\/\/www.nucleoestudo.ufla.br\/biologiacelular\/wp-json\/wp\/v2\/pages\/29\/revisions\/1296"}],"up":[{"embeddable":true,"href":"http:\/\/www.nucleoestudo.ufla.br\/biologiacelular\/wp-json\/wp\/v2\/pages\/79"}],"wp:attachment":[{"href":"http:\/\/www.nucleoestudo.ufla.br\/biologiacelular\/wp-json\/wp\/v2\/media?parent=29"}],"curies":[{"name":"wp","href":"https:\/\/api.w.org\/{rel}","templated":true}]}}