{"id":24,"date":"2014-10-16T19:46:57","date_gmt":"2014-10-16T19:46:57","guid":{"rendered":"http:\/\/www.dbi.ufla.br\/biologiacelular\/?page_id=24"},"modified":"2022-03-30T15:51:52","modified_gmt":"2022-03-30T15:51:52","slug":"estrutura-laboratorial","status":"publish","type":"page","link":"http:\/\/www.nucleoestudo.ufla.br\/biologiacelular\/estrutura-laboratorial\/","title":{"rendered":"T\u00e9cnicas"},"content":{"rendered":"<p>O setor \u00e9 respons\u00e1vel pelo laborat\u00f3rio de Citogen\u00e9tica Vegetal, onde\u00a0as principais t\u00e9cnicas utilizadas s\u00e3o:<\/p>\n<ul>\n<li>Citogen\u00e9tica Cl\u00e1ssica;<\/li>\n<li>Hibridiza\u00e7\u00e3o\u00a0<em>in situ<\/em> fluorescente: FISH e GISH;<\/li>\n<li>Imunolocaliza\u00e7\u00e3o;<\/li>\n<\/ul>\n","protected":false},"excerpt":{"rendered":"<p>O setor \u00e9 respons\u00e1vel pelo laborat\u00f3rio de Citogen\u00e9tica Vegetal, onde\u00a0as principais t\u00e9cnicas utilizadas s\u00e3o: Citogen\u00e9tica Cl\u00e1ssica; Hibridiza\u00e7\u00e3o\u00a0in situ fluorescente: FISH e GISH; Imunolocaliza\u00e7\u00e3o;<\/p>\n","protected":false},"author":2,"featured_media":0,"parent":0,"menu_order":0,"comment_status":"closed","ping_status":"closed","template":"","meta":[],"_links":{"self":[{"href":"http:\/\/www.nucleoestudo.ufla.br\/biologiacelular\/wp-json\/wp\/v2\/pages\/24"}],"collection":[{"href":"http:\/\/www.nucleoestudo.ufla.br\/biologiacelular\/wp-json\/wp\/v2\/pages"}],"about":[{"href":"http:\/\/www.nucleoestudo.ufla.br\/biologiacelular\/wp-json\/wp\/v2\/types\/page"}],"author":[{"embeddable":true,"href":"http:\/\/www.nucleoestudo.ufla.br\/biologiacelular\/wp-json\/wp\/v2\/users\/2"}],"replies":[{"embeddable":true,"href":"http:\/\/www.nucleoestudo.ufla.br\/biologiacelular\/wp-json\/wp\/v2\/comments?post=24"}],"version-history":[{"count":15,"href":"http:\/\/www.nucleoestudo.ufla.br\/biologiacelular\/wp-json\/wp\/v2\/pages\/24\/revisions"}],"predecessor-version":[{"id":1238,"href":"http:\/\/www.nucleoestudo.ufla.br\/biologiacelular\/wp-json\/wp\/v2\/pages\/24\/revisions\/1238"}],"wp:attachment":[{"href":"http:\/\/www.nucleoestudo.ufla.br\/biologiacelular\/wp-json\/wp\/v2\/media?parent=24"}],"curies":[{"name":"wp","href":"https:\/\/api.w.org\/{rel}","templated":true}]}}