{"id":20,"date":"2014-10-16T19:46:27","date_gmt":"2014-10-16T19:46:27","guid":{"rendered":"http:\/\/www.dbi.ufla.br\/biologiacelular\/?page_id=20"},"modified":"2022-03-30T16:04:06","modified_gmt":"2022-03-30T16:04:06","slug":"linhas-de-pesquisa","status":"publish","type":"page","link":"http:\/\/www.nucleoestudo.ufla.br\/biologiacelular\/linhas-de-pesquisa\/","title":{"rendered":"Linhas de pesquisa"},"content":{"rendered":"<h5><span style=\"color: #000000;\"><strong>Citogen\u00e9tica de esp\u00e9cies vegetais nativas e cultivadas<\/strong>:\u00a0estudo dos aspectos estruturais e funcionais da cromatina e dos cromossomos mit\u00f3ticos e mei\u00f3ticos de esp\u00e9cies cultivadas e nativas empregando t\u00e9cnicas de citogen\u00e9tica cl\u00e1ssica, molecular e imunolocaliza\u00e7\u00e3o.<\/span><br \/>\n<span style=\"color: #000000;\">Principais g\u00eaneros estudados:\u00a0<em>Solanum<\/em>;\u00a0<em>Piper<\/em>; <em>Cenchrus<\/em>;\u00a0<em>Lolium-Festuca<\/em>; <em>Urochloa<\/em>;\u00a0<em>Cynodon<\/em>.<\/span><br \/>\n<span style=\"color: #000000;\">Professores: Dra. Giovana Augusta Torres, Dra. V\u00e2nia Helena Techio<\/span><\/h5>\n<h5><\/h5>\n<h5><\/h5>\n","protected":false},"excerpt":{"rendered":"<p>Citogen\u00e9tica de esp\u00e9cies vegetais nativas e cultivadas:\u00a0estudo dos aspectos estruturais e funcionais da cromatina e dos cromossomos mit\u00f3ticos e mei\u00f3ticos de esp\u00e9cies cultivadas e nativas empregando t\u00e9cnicas de citogen\u00e9tica cl\u00e1ssica, molecular e imunolocaliza\u00e7\u00e3o. Principais g\u00eaneros estudados:\u00a0Solanum;\u00a0Piper; Cenchrus;\u00a0Lolium-Festuca; Urochloa;\u00a0Cynodon. Professores: Dra. Giovana Augusta Torres, Dra. V\u00e2nia Helena Techio<\/p>\n","protected":false},"author":2,"featured_media":0,"parent":0,"menu_order":0,"comment_status":"closed","ping_status":"open","template":"","meta":[],"_links":{"self":[{"href":"http:\/\/www.nucleoestudo.ufla.br\/biologiacelular\/wp-json\/wp\/v2\/pages\/20"}],"collection":[{"href":"http:\/\/www.nucleoestudo.ufla.br\/biologiacelular\/wp-json\/wp\/v2\/pages"}],"about":[{"href":"http:\/\/www.nucleoestudo.ufla.br\/biologiacelular\/wp-json\/wp\/v2\/types\/page"}],"author":[{"embeddable":true,"href":"http:\/\/www.nucleoestudo.ufla.br\/biologiacelular\/wp-json\/wp\/v2\/users\/2"}],"replies":[{"embeddable":true,"href":"http:\/\/www.nucleoestudo.ufla.br\/biologiacelular\/wp-json\/wp\/v2\/comments?post=20"}],"version-history":[{"count":12,"href":"http:\/\/www.nucleoestudo.ufla.br\/biologiacelular\/wp-json\/wp\/v2\/pages\/20\/revisions"}],"predecessor-version":[{"id":1244,"href":"http:\/\/www.nucleoestudo.ufla.br\/biologiacelular\/wp-json\/wp\/v2\/pages\/20\/revisions\/1244"}],"wp:attachment":[{"href":"http:\/\/www.nucleoestudo.ufla.br\/biologiacelular\/wp-json\/wp\/v2\/media?parent=20"}],"curies":[{"name":"wp","href":"https:\/\/api.w.org\/{rel}","templated":true}]}}