{"id":1265,"date":"2022-05-06T17:02:27","date_gmt":"2022-05-06T17:02:27","guid":{"rendered":"http:\/\/www.nucleoestudo.ufla.br\/biologiacelular\/?page_id=1265"},"modified":"2024-10-29T17:27:30","modified_gmt":"2024-10-29T17:27:30","slug":"informacoes-aos-usuarios","status":"publish","type":"page","link":"http:\/\/www.nucleoestudo.ufla.br\/biologiacelular\/informacoes-aos-usuarios\/","title":{"rendered":"Informa\u00e7\u00f5es aos usu\u00e1rios"},"content":{"rendered":"\n<p>Orienta\u00e7\u00f5es aos usu\u00e1rios externos: <a href=\"https:\/\/drive.google.com\/file\/d\/1p2D9_4Mr7hS-gVRNfvmoBreVGfZQpo83\/view?usp=sharing\">CLIQUE AQUI<\/a><\/p>\n\n\n\n<p>Manual de procedimentos b\u00e1sicos em seguran\u00e7a do trabalho: <a href=\"https:\/\/drive.google.com\/file\/d\/1pi32K1-q5PvzoqZ1Df8PLmzfs2hIchjF\/view?usp=sharing\">CLIQUE AQUI<\/a><\/p>\n\n\n\n<p>Material de divulga\u00e7\u00e3o (logo): <a href=\"https:\/\/drive.google.com\/file\/d\/1EkinDIwqPWh6SyJHoeq3yaNtYxZNIctF\/view?usp=sharing\">CLIQUE AQUI<\/a><\/p>\n\n\n\n<p>FISPQs: <a href=\"http:\/\/www.nucleoestudo.ufla.br\/biologiacelular\/fispq\/\">CLIQUE AQUI<\/a><\/p>\n\n\n\n<p>POPs: <a href=\"http:\/\/www.nucleoestudo.ufla.br\/biologiacelular\/pops\/\">CLIQUE AQUI<\/a><\/p>\n\n\n\n<p>Mapas de Risco: <a href=\"https:\/\/drive.google.com\/drive\/folders\/13kAzANEt_iA5sgNc0-D6xKl8qZcq2axa?usp=sharing\" data-type=\"URL\" data-id=\"https:\/\/drive.google.com\/drive\/folders\/13kAzANEt_iA5sgNc0-D6xKl8qZcq2axa?usp=sharing\">CLIQUE AQUI<\/a><\/p>\n","protected":false},"excerpt":{"rendered":"<p>Orienta\u00e7\u00f5es aos usu\u00e1rios externos: CLIQUE AQUI Manual de procedimentos b\u00e1sicos em seguran\u00e7a do trabalho: CLIQUE AQUI Material de divulga\u00e7\u00e3o (logo): CLIQUE AQUI FISPQs: CLIQUE AQUI POPs: CLIQUE AQUI Mapas de Risco: CLIQUE AQUI<\/p>\n","protected":false},"author":2,"featured_media":0,"parent":0,"menu_order":0,"comment_status":"closed","ping_status":"closed","template":"","meta":[],"_links":{"self":[{"href":"http:\/\/www.nucleoestudo.ufla.br\/biologiacelular\/wp-json\/wp\/v2\/pages\/1265"}],"collection":[{"href":"http:\/\/www.nucleoestudo.ufla.br\/biologiacelular\/wp-json\/wp\/v2\/pages"}],"about":[{"href":"http:\/\/www.nucleoestudo.ufla.br\/biologiacelular\/wp-json\/wp\/v2\/types\/page"}],"author":[{"embeddable":true,"href":"http:\/\/www.nucleoestudo.ufla.br\/biologiacelular\/wp-json\/wp\/v2\/users\/2"}],"replies":[{"embeddable":true,"href":"http:\/\/www.nucleoestudo.ufla.br\/biologiacelular\/wp-json\/wp\/v2\/comments?post=1265"}],"version-history":[{"count":7,"href":"http:\/\/www.nucleoestudo.ufla.br\/biologiacelular\/wp-json\/wp\/v2\/pages\/1265\/revisions"}],"predecessor-version":[{"id":1348,"href":"http:\/\/www.nucleoestudo.ufla.br\/biologiacelular\/wp-json\/wp\/v2\/pages\/1265\/revisions\/1348"}],"wp:attachment":[{"href":"http:\/\/www.nucleoestudo.ufla.br\/biologiacelular\/wp-json\/wp\/v2\/media?parent=1265"}],"curies":[{"name":"wp","href":"https:\/\/api.w.org\/{rel}","templated":true}]}}