{"id":112,"date":"2014-11-19T17:56:30","date_gmt":"2014-11-19T17:56:30","guid":{"rendered":"http:\/\/www.dbi.ufla.br\/biologiacelular\/?page_id=112"},"modified":"2022-08-18T13:49:40","modified_gmt":"2022-08-18T13:49:40","slug":"componentes-e-atividades-curriculares","status":"publish","type":"page","link":"http:\/\/www.nucleoestudo.ufla.br\/biologiacelular\/componentes-e-atividades-curriculares\/","title":{"rendered":"Componentes e atividades curriculares"},"content":{"rendered":"<ul>\n<li>Biologia Celular (GBI102) &#8211; Gradua\u00e7\u00e3o &#8211; 5 cr\u00e9ditos<\/li>\n<li>Fundamentos de Biologia Celular (GBI174) &#8211; Gradua\u00e7\u00e3o &#8211; 2 cr\u00e9ditos<\/li>\n<li>Microscopia de luz para o estudo das c\u00e9lulas (GBI175) &#8211; Gradua\u00e7\u00e3o &#8211; 2 cr\u00e9ditos<\/li>\n<li>Citogen\u00e9tica (GBI216) &#8211; Gradua\u00e7\u00e3o &#8211; 2 cr\u00e9ditos<\/li>\n<li>Epigen\u00e9tica (GBI204) &#8211; Gradua\u00e7\u00e3o &#8211; 2 cr\u00e9ditos<\/li>\n<li>Mentoria Acad\u00eamica &#8211; Gradua\u00e7\u00e3o<\/li>\n<li>Est\u00e1gio Supervisionado em Biologia II (PRG212) &#8211; Gradua\u00e7\u00e3o<\/li>\n<li>Citogen\u00e9tica (PGM552) &#8211; P\u00f3s-gradua\u00e7\u00e3o &#8211; 4 cr\u00e9ditos<\/li>\n<li>Cromatina e epigen\u00e9tica (PGM838) &#8211; P\u00f3s-gradua\u00e7\u00e3o &#8211; 2 cr\u00e9ditos<\/li>\n<li>Citotaxonomia e evolu\u00e7\u00e3o cromoss\u00f4mica (PGM833) &#8211; P\u00f3s-gradua\u00e7\u00e3o &#8211; 2 cr\u00e9ditos<\/li>\n<li>Organiza\u00e7\u00e3o molecular e fun\u00e7\u00e3o dos cromossomos (PGM839) &#8211; P\u00f3s-gradua\u00e7\u00e3o &#8211; 2 cr\u00e9ditos<\/li>\n<li>Comunica\u00e7\u00e3o Cient\u00edfica (PGM854) &#8211; P\u00f3s-gradua\u00e7\u00e3o &#8211; 2 cr\u00e9ditos<\/li>\n<li>L\u00edngua estrangeira em Bot\u00e2nica Aplicada \/ Ingl\u00eas (PBA505) &#8211; P\u00f3s-gradua\u00e7\u00e3o &#8211; 1 cr\u00e9dito<\/li>\n<li>L\u00edngua estrangeira em Bot\u00e2nica Aplicada \/ Ingl\u00eas (PBA804) &#8211; P\u00f3s-gradua\u00e7\u00e3o &#8211; 1 cr\u00e9dito<\/li>\n<li>Pesquisa Bibliogr\u00e1fica e Comunica\u00e7\u00e3o Cient\u00edfica (PBA521) &#8211; P\u00f3s-gradua\u00e7\u00e3o &#8211; 1 cr\u00e9dito<\/li>\n<\/ul>\n","protected":false},"excerpt":{"rendered":"<p>Biologia Celular (GBI102) &#8211; Gradua\u00e7\u00e3o &#8211; 5 cr\u00e9ditos Fundamentos de Biologia Celular (GBI174) &#8211; Gradua\u00e7\u00e3o &#8211; 2 cr\u00e9ditos Microscopia de luz para o estudo das c\u00e9lulas (GBI175) &#8211; Gradua\u00e7\u00e3o &#8211; 2 cr\u00e9ditos Citogen\u00e9tica (GBI216) &#8211; Gradua\u00e7\u00e3o &#8211; 2 cr\u00e9ditos Epigen\u00e9tica (GBI204) &#8211; Gradua\u00e7\u00e3o &#8211; 2 cr\u00e9ditos Mentoria Acad\u00eamica &#8211; Gradua\u00e7\u00e3o Est\u00e1gio Supervisionado em Biologia II &hellip; <a href=\"http:\/\/www.nucleoestudo.ufla.br\/biologiacelular\/componentes-e-atividades-curriculares\/\" class=\"more-link\">Continue lendo <span class=\"screen-reader-text\">Componentes e atividades curriculares<\/span> <span class=\"meta-nav\">&rarr;<\/span><\/a><\/p>\n","protected":false},"author":2,"featured_media":0,"parent":0,"menu_order":0,"comment_status":"closed","ping_status":"open","template":"","meta":[],"_links":{"self":[{"href":"http:\/\/www.nucleoestudo.ufla.br\/biologiacelular\/wp-json\/wp\/v2\/pages\/112"}],"collection":[{"href":"http:\/\/www.nucleoestudo.ufla.br\/biologiacelular\/wp-json\/wp\/v2\/pages"}],"about":[{"href":"http:\/\/www.nucleoestudo.ufla.br\/biologiacelular\/wp-json\/wp\/v2\/types\/page"}],"author":[{"embeddable":true,"href":"http:\/\/www.nucleoestudo.ufla.br\/biologiacelular\/wp-json\/wp\/v2\/users\/2"}],"replies":[{"embeddable":true,"href":"http:\/\/www.nucleoestudo.ufla.br\/biologiacelular\/wp-json\/wp\/v2\/comments?post=112"}],"version-history":[{"count":18,"href":"http:\/\/www.nucleoestudo.ufla.br\/biologiacelular\/wp-json\/wp\/v2\/pages\/112\/revisions"}],"predecessor-version":[{"id":1309,"href":"http:\/\/www.nucleoestudo.ufla.br\/biologiacelular\/wp-json\/wp\/v2\/pages\/112\/revisions\/1309"}],"wp:attachment":[{"href":"http:\/\/www.nucleoestudo.ufla.br\/biologiacelular\/wp-json\/wp\/v2\/media?parent=112"}],"curies":[{"name":"wp","href":"https:\/\/api.w.org\/{rel}","templated":true}]}}