{"id":101,"date":"2014-11-19T17:51:50","date_gmt":"2014-11-19T17:51:50","guid":{"rendered":"http:\/\/www.dbi.ufla.br\/biologiacelular\/?page_id=101"},"modified":"2019-02-04T13:08:45","modified_gmt":"2019-02-04T13:08:45","slug":"monografias-de-conclusao-de-curso","status":"publish","type":"page","link":"http:\/\/www.nucleoestudo.ufla.br\/biologiacelular\/egressos\/monografias-de-conclusao-de-curso\/","title":{"rendered":"Graduados"},"content":{"rendered":"<table>\n<tbody>\n<tr>\n<td width=\"46\">\n<h6>Ano<\/h6>\n<\/td>\n<td width=\"121\">\n<h6>Autor<\/h6>\n<\/td>\n<td width=\"293\">\n<h6>T\u00edtulo<\/h6>\n<\/td>\n<td width=\"115\">\n<h6>Orientador<\/h6>\n<\/td>\n<\/tr>\n<tr>\n<td width=\"46\">\n<h6>2018<\/h6>\n<\/td>\n<td width=\"121\">\n<h6>Ana Gabriela Damasceno<\/h6>\n<\/td>\n<td width=\"293\">\n<h6>Caracteriza\u00e7\u00e3o dos est\u00e1gios de forma\u00e7\u00e3o do saco embrion\u00e1rio em esp\u00e9cies de<em> Urochloa<\/em> e associa\u00e7\u00e3o com as caracter\u00edsticas morfol\u00f3gicas da espigueta.<\/h6>\n<\/td>\n<td width=\"115\">\n<h6>V\u00e2nia Helena Techio<\/h6>\n<\/td>\n<\/tr>\n<tr>\n<td width=\"46\">\n<h6>2018<\/h6>\n<\/td>\n<td width=\"121\">\n<h6>Maria Gabriela Franco de Lima<\/h6>\n<\/td>\n<td width=\"293\">\n<h6>CARACTER\u00cdSTICAS NUCLEOLARES COMO PAR\u00c2METROS PARA DETERMINA\u00c7\u00c3O DE CITO(GENO)TOXICIDADE DE POLUENTES AMBIENTAIS<\/h6>\n<\/td>\n<td width=\"115\">\n<h6>Larissa Fonseca Andrade Vieira<\/h6>\n<\/td>\n<\/tr>\n<tr>\n<td width=\"46\">\n<h6>2017<\/h6>\n<\/td>\n<td width=\"121\">\n<h6>Franceli Aparecida da Cruz<\/h6>\n<\/td>\n<td width=\"293\">\n<h6>PADRONIZA\u00c7\u00c3O DO ENSAIO COMETA EM MODELOS VEGETAIS.<\/h6>\n<\/td>\n<td width=\"115\">\n<h6>Larissa Fonseca Andrade Vieira<\/h6>\n<\/td>\n<\/tr>\n<tr>\n<td width=\"46\">\n<h6>2016<\/h6>\n<\/td>\n<td width=\"121\">\n<h6>Yasmin Dutra Santos<\/h6>\n<\/td>\n<td width=\"293\">\n<h6>Viabilidade e morfologia do gr\u00e3o de p\u00f3len em acessos de <em>Cynodon<\/em> Rich. (Poaceae).<\/h6>\n<\/td>\n<td width=\"115\">\n<h6>V\u00e2nia Helena Techio<\/h6>\n<\/td>\n<\/tr>\n<tr>\n<td width=\"46\">\n<h6>2016<\/h6>\n<\/td>\n<td width=\"121\">\n<h6>S\u00e9rgio Bruno Fernandes<\/h6>\n<\/td>\n<td width=\"293\">\n<h6>Caracteriza\u00e7\u00e3o citogen\u00e9tica da esp\u00e9cie selvagem <em>Solanum calvescens<\/em> Bitt.<\/h6>\n<\/td>\n<td width=\"115\">\n<h6>Giovana Augusta Torres<\/h6>\n<\/td>\n<\/tr>\n<tr>\n<td width=\"46\">\n<h6>2016<\/h6>\n<\/td>\n<td width=\"121\">\n<h6>Caio T\u00falio Rodrigues Correa<\/h6>\n<\/td>\n<td width=\"293\">\n<h6>N\u00famero e distribui\u00e7\u00e3o das sequ\u00eancias de rDNA 45S e 5S em esp\u00e9cies de <em>Senna Mill<\/em> (Leguminoseae-Cassinae).<\/h6>\n<\/td>\n<td width=\"115\">\n<h6>Giovana Augusta Torres<\/h6>\n<\/td>\n<\/tr>\n<tr>\n<td width=\"46\">\n<h6>2014<\/h6>\n<\/td>\n<td width=\"121\">\n<h6>Mayra Gon\u00e7alves Mar\u00e7al<\/h6>\n<\/td>\n<td width=\"293\">\n<h6>N\u00famero cromoss\u00f4mico e caracteriza\u00e7\u00e3o do n\u00facleo interf\u00e1sico de <em>Bauhinia holophyla<\/em> (Bong.) Steud. (Fabaceae).<\/h6>\n<\/td>\n<td width=\"115\">\n<h6>V\u00e2nia Helena Techio<\/h6>\n<\/td>\n<\/tr>\n<tr>\n<td width=\"46\">\n<h6>2014<\/h6>\n<\/td>\n<td width=\"121\">\n<h6>Diego Rocha Silva<\/h6>\n<\/td>\n<td width=\"293\">\n<h6>Sirtu\u00ednas em protozo\u00e1rios parasitas.<\/h6>\n<\/td>\n<td width=\"115\">\n<h6>Giovana Augusta Torres<\/h6>\n<\/td>\n<\/tr>\n<tr>\n<td width=\"46\">\n<h6>2013<\/h6>\n<\/td>\n<td width=\"121\">\n<h6>Amanda Teixeira Mesquita<\/h6>\n<h6><\/h6>\n<\/td>\n<td width=\"293\">\n<h6>Tel\u00f4meros: organiza\u00e7\u00e3o e fun\u00e7\u00f5es.<\/h6>\n<\/td>\n<td width=\"115\">\n<h6>Lisete Chamma Davide<\/h6>\n<\/td>\n<\/tr>\n<tr>\n<td width=\"46\">\n<h6>2012<\/h6>\n<\/td>\n<td width=\"121\">\n<h6>Guilherme Tomaz Braz<\/h6>\n<\/td>\n<td width=\"293\">\n<h6>Comportamento mei\u00f3tico e viabilidade pol\u00ednica em popula\u00e7\u00f5es de <em>Crotalaria spectabilis<\/em> R\u00f6th.<\/h6>\n<\/td>\n<td width=\"115\">\n<h6>Giovana Augusta Torres<\/h6>\n<\/td>\n<\/tr>\n<tr>\n<td width=\"46\">\n<h6>2012<\/h6>\n<\/td>\n<td width=\"121\">\n<h6>Mariana Salom\u00e9 Rodrigues<\/h6>\n<\/td>\n<td width=\"293\">\n<h6>Quantidade de DNA nuclear e palinologia de esp\u00e9cies silvestres de <em>Crotalaria<\/em> L. (Leguminosae-Faboideae).<\/h6>\n<\/td>\n<td width=\"115\">\n<h6>Giovana Augusta Torres<\/h6>\n<\/td>\n<\/tr>\n<tr>\n<td width=\"46\">\n<h6>2011<\/h6>\n<\/td>\n<td width=\"121\">\n<h6>Nat\u00e1lia de Sousa Teixeira e Silva<\/h6>\n<\/td>\n<td width=\"293\">\n<h6>Aspectos da embriologia de tr\u00eas esp\u00e9cies de <em>Piper<\/em> L. nativas da Amaz\u00f4nia.<\/h6>\n<\/td>\n<td width=\"115\">\n<h6>Giovana Augusta Torres<\/h6>\n<\/td>\n<\/tr>\n<tr>\n<td width=\"46\">\n<h6>2010<\/h6>\n<\/td>\n<td width=\"121\">\n<h6>Gabriela Oliveira Lima<\/h6>\n<\/td>\n<td width=\"293\">\n<h6>An\u00e1lise ultraestrutural de ra\u00edzes de <em>Allium cepa<\/em> sob efeito do SPL (Spent Pot Lining).<\/h6>\n<\/td>\n<td width=\"115\">\n<h6>Larissa Fonseca Andrade Vieira<\/h6>\n<\/td>\n<\/tr>\n<tr>\n<td width=\"46\">\n<h6>2009<\/h6>\n<\/td>\n<td width=\"121\">\n<h6>Isabelle Vilela Carvalho<\/h6>\n<\/td>\n<td width=\"293\">\n<h6>Meiose e Viabilidade Pol\u00ednica em <em>Piper hispidinervum<\/em>.<\/h6>\n<\/td>\n<td width=\"115\">\n<h6>Giovana Augusta Torres<\/h6>\n<\/td>\n<\/tr>\n<tr>\n<td width=\"46\">\n<h6>2009<\/h6>\n<\/td>\n<td width=\"121\">\n<h6>Patr\u00edcia Nirlane da Costa<\/h6>\n<\/td>\n<td width=\"293\">\n<h6>Indu\u00e7\u00e3o de duplica\u00e7\u00e3o cromoss\u00f4mica em plantas.<\/h6>\n<\/td>\n<td width=\"115\">\n<h6>Lisete Chamma Davide<\/h6>\n<\/td>\n<\/tr>\n<tr>\n<td width=\"46\">\n<h6>2009<\/h6>\n<\/td>\n<td width=\"121\">\n<h6>Marcel Jos\u00e9 Palmieri<\/h6>\n<\/td>\n<td width=\"293\">\n<h6>Uso da citogen\u00e9tica em estudos de ecotoxicol\u00f3gicos.<\/h6>\n<\/td>\n<td width=\"115\">\n<h6>Lisete Chamma Davide<\/h6>\n<\/td>\n<\/tr>\n<tr>\n<td width=\"46\">\n<h6>2008<\/h6>\n<\/td>\n<td width=\"121\">\n<h6>Fab\u00edola Carvalho Santos<\/h6>\n<\/td>\n<td width=\"293\">\n<h6>H\u00edbridos interespec\u00edficos no melhoramento gen\u00e9tico de esp\u00e9cies dos g\u00eaneros <em>Solanum<\/em>, <em>Pennisetum<\/em> e <em>Musa<\/em>.<\/h6>\n<\/td>\n<td width=\"115\">\n<h6>Lisete Chamma Davide<\/h6>\n<\/td>\n<\/tr>\n<tr>\n<td width=\"46\">\n<h6>2007<\/h6>\n<\/td>\n<td width=\"121\">\n<h6>Larissa Mara de Andrade<\/h6>\n<\/td>\n<td width=\"293\">\n<h6>Cari\u00f3tipo de <em>Myrcia laruotteana<\/em> e <em>Myrcia crassifolia<\/em>.<\/h6>\n<\/td>\n<td width=\"115\">\n<h6>Giovana Augusta Torres<\/h6>\n<\/td>\n<\/tr>\n<tr>\n<td width=\"46\">\n<h6>2007<\/h6>\n<\/td>\n<td width=\"121\">\n<h6>Larissa Fonseca Andrade Vieira<\/h6>\n<\/td>\n<td width=\"293\">\n<h6>Morte celular: uma vis\u00e3o hol\u00edstica.<\/h6>\n<\/td>\n<td width=\"115\">\n<h6>Lisete Chamma Davide<\/h6>\n<\/td>\n<\/tr>\n<tr>\n<td width=\"46\">\n<h6>2007<\/h6>\n<\/td>\n<td width=\"121\">\n<h6>Caio C\u00e9sio Salgado<\/h6>\n<\/td>\n<td width=\"293\">\n<h6>Hibridiza\u00e7\u00e3o fluorescente in situ.<\/h6>\n<\/td>\n<td width=\"115\">\n<h6>Lisete Chamma Davide<\/h6>\n<\/td>\n<\/tr>\n<tr>\n<td width=\"46\">\n<h6>2007<\/h6>\n<\/td>\n<td width=\"121\">\n<h6>Fernanda de Oliveira Bustamante<\/h6>\n<\/td>\n<td width=\"293\">\n<h6>Poliploidia e suas consequ\u00eancias.<\/h6>\n<\/td>\n<td width=\"115\">\n<h6>Lisete Chamma Davide<\/h6>\n<\/td>\n<\/tr>\n<tr>\n<td width=\"46\">\n<h6>2005<\/h6>\n<\/td>\n<td width=\"121\">\n<h6>C\u00e1ssia \u00c2ngela Pedrozo<\/h6>\n<\/td>\n<td width=\"293\">\n<h6>Transgenia na agricultura.<\/h6>\n<\/td>\n<td width=\"115\">\n<h6>Lisete Chamma Davide<\/h6>\n<\/td>\n<\/tr>\n<tr>\n<td width=\"46\">\n<h6>2005<\/h6>\n<\/td>\n<td width=\"121\">\n<h6>Josiane Cristina de Assis<\/h6>\n<\/td>\n<td width=\"293\">\n<h6>Citogen\u00e9tica de Atem\u00f3ia.<\/h6>\n<\/td>\n<td width=\"115\">\n<h6>Lisete Chamma Davide<\/h6>\n<\/td>\n<\/tr>\n<tr>\n<td width=\"46\">\n<h6>2005<\/h6>\n<\/td>\n<td width=\"121\">\n<h6>Claudia Rodrigues Teles.<\/h6>\n<\/td>\n<td width=\"293\">\n<h6>Caracter\u00edsticas da madeira para a defini\u00e7\u00e3o taxon\u00f4mica do <em>Pinus<\/em> de Tecun Um\u00e1n.<\/h6>\n<\/td>\n<td width=\"115\">\n<h6>Lisete Chamma Davide<\/h6>\n<\/td>\n<\/tr>\n<tr>\n<td width=\"46\">\n<h6>2002<\/h6>\n<\/td>\n<td width=\"121\">\n<h6>Maric\u00e9ia Barbosa Silva P\u00e1dua<\/h6>\n<\/td>\n<td width=\"293\">\n<h6>Aspectos citogen\u00e9ticos da flora do cerrado.<\/h6>\n<\/td>\n<td width=\"115\">\n<h6>Giovana Augusta Torres<\/h6>\n<\/td>\n<\/tr>\n<tr>\n<td width=\"46\">\n<h6>1997<\/h6>\n<\/td>\n<td width=\"121\">\n<h6>M\u00e1rcia Cristina de Oliveira Moura<\/h6>\n<\/td>\n<td width=\"293\">\n<h6>Uso de marcadores RAPD para estudos filogen\u00e9ticos em <em>Pinus<\/em> spp.<\/h6>\n<\/td>\n<td width=\"115\">\n<h6>Lisete Chamma Davide<\/h6>\n<\/td>\n<\/tr>\n<\/tbody>\n<\/table>\n","protected":false},"excerpt":{"rendered":"<p>Ano Autor T\u00edtulo Orientador 2018 Ana Gabriela Damasceno Caracteriza\u00e7\u00e3o dos est\u00e1gios de forma\u00e7\u00e3o do saco embrion\u00e1rio em esp\u00e9cies de Urochloa e associa\u00e7\u00e3o com as caracter\u00edsticas morfol\u00f3gicas da espigueta. V\u00e2nia Helena Techio 2018 Maria Gabriela Franco de Lima CARACTER\u00cdSTICAS NUCLEOLARES COMO PAR\u00c2METROS PARA DETERMINA\u00c7\u00c3O DE CITO(GENO)TOXICIDADE DE POLUENTES AMBIENTAIS Larissa Fonseca Andrade Vieira 2017 Franceli Aparecida &hellip; <a href=\"http:\/\/www.nucleoestudo.ufla.br\/biologiacelular\/egressos\/monografias-de-conclusao-de-curso\/\" class=\"more-link\">Continue lendo <span class=\"screen-reader-text\">Graduados<\/span> <span class=\"meta-nav\">&rarr;<\/span><\/a><\/p>\n","protected":false},"author":2,"featured_media":0,"parent":63,"menu_order":0,"comment_status":"closed","ping_status":"open","template":"","meta":[],"_links":{"self":[{"href":"http:\/\/www.nucleoestudo.ufla.br\/biologiacelular\/wp-json\/wp\/v2\/pages\/101"}],"collection":[{"href":"http:\/\/www.nucleoestudo.ufla.br\/biologiacelular\/wp-json\/wp\/v2\/pages"}],"about":[{"href":"http:\/\/www.nucleoestudo.ufla.br\/biologiacelular\/wp-json\/wp\/v2\/types\/page"}],"author":[{"embeddable":true,"href":"http:\/\/www.nucleoestudo.ufla.br\/biologiacelular\/wp-json\/wp\/v2\/users\/2"}],"replies":[{"embeddable":true,"href":"http:\/\/www.nucleoestudo.ufla.br\/biologiacelular\/wp-json\/wp\/v2\/comments?post=101"}],"version-history":[{"count":12,"href":"http:\/\/www.nucleoestudo.ufla.br\/biologiacelular\/wp-json\/wp\/v2\/pages\/101\/revisions"}],"predecessor-version":[{"id":1082,"href":"http:\/\/www.nucleoestudo.ufla.br\/biologiacelular\/wp-json\/wp\/v2\/pages\/101\/revisions\/1082"}],"up":[{"embeddable":true,"href":"http:\/\/www.nucleoestudo.ufla.br\/biologiacelular\/wp-json\/wp\/v2\/pages\/63"}],"wp:attachment":[{"href":"http:\/\/www.nucleoestudo.ufla.br\/biologiacelular\/wp-json\/wp\/v2\/media?parent=101"}],"curies":[{"name":"wp","href":"https:\/\/api.w.org\/{rel}","templated":true}]}}